{"id":988,"date":"2024-11-13T11:05:20","date_gmt":"2024-11-13T11:05:20","guid":{"rendered":"https:\/\/arttherapyfestival.org\/pokyny-pro-predkladani-abstraktu\/"},"modified":"2025-06-02T12:57:52","modified_gmt":"2025-06-02T12:57:52","slug":"pokyny-pro-predkladani-abstraktu","status":"publish","type":"page","link":"https:\/\/arttherapyfestival.org\/cs\/pokyny-pro-predkladani-abstraktu\/","title":{"rendered":"Pokyny pro pod\u00e1n\u00ed abstrakt\u016f"},"content":{"rendered":"<p>[et_pb_section fb_built=&#8220;1&#8243; admin_label=&#8220;Header&#8220; _builder_version=&#8220;4.23.2&#8243; _module_preset=&#8220;default&#8220; custom_padding=&#8220;||5px|||&#8220; locked=&#8220;off&#8220; collapsed=&#8220;on&#8220; global_colors_info=&#8220;{}&#8220;][et_pb_row column_structure=&#8220;2_3,1_3&#8243; _builder_version=&#8220;4.23.2&#8243; _module_preset=&#8220;default&#8220; custom_padding=&#8220;||9px|||&#8220; global_colors_info=&#8220;{}&#8220;][et_pb_column type=&#8220;2_3&#8243; _builder_version=&#8220;4.23.2&#8243; _module_preset=&#8220;default&#8220; global_colors_info=&#8220;{}&#8220;][et_pb_text _builder_version=&#8220;4.27.2&#8243; _module_preset=&#8220;_initial&#8220; header_text_color=&#8220;gcid-d15821fb-ca65-4f29-bfd5-ea044f046af4&#8243; header_font_size=&#8220;40px&#8220; custom_margin=&#8220;||2px||false|false&#8220; global_colors_info=&#8220;{%22gcid-d15821fb-ca65-4f29-bfd5-ea044f046af4%22:%91%22header_text_color%22%93}&#8220;]<\/p>\n<h1><strong>Pokyny pro pod\u00e1n\u00ed abstrakt\u016f<\/strong><\/h1>\n<p>[\/et_pb_text][\/et_pb_column][et_pb_column type=&#8220;1_3&#8243; _builder_version=&#8220;4.23.2&#8243; _module_preset=&#8220;default&#8220; global_colors_info=&#8220;{}&#8220;][et_pb_button button_url=&#8220;https:\/\/www.czech-in.org\/cmPortalV15\/Account\/Login?ReturnUrl=%2FcmPortalV15%2FPortal%2FWATF25%2Fnormal&#8220; url_new_window=&#8220;on&#8220; button_text=&#8220;ONLINE PORT\u00c1L&#8220; button_alignment=&#8220;right&#8220; _builder_version=&#8220;4.27.2&#8243; _module_preset=&#8220;default&#8220; custom_button=&#8220;on&#8220; button_text_color=&#8220;gcid-heading-color&#8220; button_border_radius=&#8220;40px&#8220; button_font=&#8220;Poppins|500|||||||&#8220; global_colors_info=&#8220;{%22gcid-heading-color%22:%91%22button_text_color%22%93}&#8220;][\/et_pb_button][\/et_pb_column][\/et_pb_row][et_pb_row column_structure=&#8220;3_5,2_5&#8243; _builder_version=&#8220;4.23.2&#8243; _module_preset=&#8220;default&#8220; custom_padding=&#8220;6px||9px|||&#8220; global_colors_info=&#8220;{}&#8220;][et_pb_column type=&#8220;3_5&#8243; _builder_version=&#8220;4.23.2&#8243; _module_preset=&#8220;default&#8220; global_colors_info=&#8220;{}&#8220;][et_pb_text _builder_version=&#8220;4.27.2&#8243; _module_preset=&#8220;_initial&#8220; text_text_color=&#8220;gcid-d15821fb-ca65-4f29-bfd5-ea044f046af4&#8243; global_colors_info=&#8220;{%22gcid-d15821fb-ca65-4f29-bfd5-ea044f046af4%22:%91%22text_text_color%22%93}&#8220;]<\/p>\n<h2>Obecn\u00e9 informace a term\u00edny<\/h2>\n<p>[\/et_pb_text][\/et_pb_column][et_pb_column type=&#8220;2_5&#8243; _builder_version=&#8220;4.23.2&#8243; _module_preset=&#8220;default&#8220; global_colors_info=&#8220;{}&#8220;][et_pb_button button_url=&#8220;https:\/\/arttherapyfestival.org\/wp-content\/uploads\/2025\/01\/WATF-AS-Guidelines-CZ.pdf&#8220; url_new_window=&#8220;on&#8220; button_text=&#8220;PDF V \u010cE\u0160TIN\u011a&#8220; button_alignment=&#8220;right&#8220; disabled_on=&#8220;on|on|on&#8220; _builder_version=&#8220;4.27.2&#8243; _module_preset=&#8220;default&#8220; custom_button=&#8220;on&#8220; button_text_color=&#8220;#FF9900&#8243; button_border_radius=&#8220;40px&#8220; button_font=&#8220;Poppins|500|||||||&#8220; button_icon=&#8220;&#xe092;||divi||400&#8243; disabled=&#8220;on&#8220; global_colors_info=&#8220;{}&#8220;][\/et_pb_button][\/et_pb_column][\/et_pb_row][et_pb_row _builder_version=&#8220;4.23.2&#8243; _module_preset=&#8220;default&#8220; custom_padding=&#8220;10px|||||&#8220; global_colors_info=&#8220;{}&#8220;][et_pb_column type=&#8220;4_4&#8243; _builder_version=&#8220;4.23.2&#8243; _module_preset=&#8220;default&#8220; global_colors_info=&#8220;{}&#8220;][et_pb_blurb use_icon=&#8220;on&#8220; font_icon=&#8220;&#xe027;||divi||400&#8243; icon_placement=&#8220;left&#8220; image_icon_width=&#8220;27px&#8220; content_max_width=&#8220;100%&#8220; _builder_version=&#8220;4.27.2&#8243; _module_preset=&#8220;default&#8220; background_color=&#8220;#f4fbff&#8220; image_icon_custom_margin=&#8220;10px||||false|false&#8220; custom_margin=&#8220;||||false|false&#8220; custom_padding=&#8220;20px|20px|20px|20px|false|false&#8220; hover_enabled=&#8220;0&#8243; border_radii=&#8220;on|20px|20px|20px|20px&#8220; global_module=&#8220;563&#8243; saved_tabs=&#8220;all&#8220; global_colors_info=&#8220;{}&#8220; sticky_enabled=&#8220;0&#8243; body_line_height=&#8220;2.7em&#8220;]<\/p>\n<p><strong><em>The festival will be translated between English and Czech to ensure accessibility for all participants.<br \/><\/em><\/strong><\/p>\n<p>[\/et_pb_blurb][et_pb_text _builder_version=&#8220;4.27.2&#8243; _module_preset=&#8220;default&#8220; custom_margin=&#8220;||24px|||&#8220; global_colors_info=&#8220;{}&#8220;]<\/p>\n<h4><span style=\"color: #ff6600;\"><strong class=\"ql-color-red\">Upozor\u0148ujeme, \u017ee uz\u00e1v\u011brka pro zas\u00edl\u00e1n\u00ed abstrakt\u016f byla 21. b\u0159ezna 2025.<\/strong><\/span><\/h4>\n<p>[\/et_pb_text][et_pb_text _builder_version=&#8220;4.27.2&#8243; _module_preset=&#8220;default&#8220; global_colors_info=&#8220;{}&#8220;]<\/p>\n<p>1. Abstrakty je t\u0159eba zaslat elektronicky prost\u0159ednictv\u00edm <a href=\"https:\/\/www.czech-in.org\/cmPortalV15\/Account\/Login?ReturnUrl=%2FcmPortalV15%2FPortal%2FWATF25%2Fnormal\">online syst\u00e9mu<\/a> <strong>do 11. b\u0159ezna 2025<\/strong> podle n\u00ed\u017ee uveden\u00fdch pokyn\u016f<strong>. <\/strong>Abstrakty doru\u010den\u00e9 e-mailem nebo po term\u00ednu nebudou p\u0159ijaty, a proto nemohou b\u00fdt za\u0159azeny do programu ani publikov\u00e1ny.<\/p>\n<p>2. Abstrakty lze p\u0159edkl\u00e1dat na n\u00e1sleduj\u00edc\u00ed <strong>t\u00e9mata<\/strong>:<\/p>\n<p>[\/et_pb_text][et_pb_text _builder_version=&#8220;4.27.2&#8243; _module_preset=&#8220;default&#8220; global_colors_info=&#8220;{}&#8220;]<\/p>\n<h3>Hlavn\u00ed t\u00e9mata<\/h3>\n<p>[\/et_pb_text][\/et_pb_column][\/et_pb_row][\/et_pb_section][et_pb_section fb_built=&#8220;1&#8243; disabled_on=&#8220;off|off|off&#8220; admin_label=&#8220;Services&#8220; _builder_version=&#8220;4.27.2&#8243; _module_preset=&#8220;default&#8220; background_color=&#8220;gcid-ae2718f9-596d-4e4c-a089-a3606cb7bdc2&#8243; custom_padding=&#8220;24px||6px|||&#8220; collapsed=&#8220;on&#8220; global_colors_info=&#8220;{%22gcid-ae2718f9-596d-4e4c-a089-a3606cb7bdc2%22:%91%22background_color%22%93}&#8220;][et_pb_row column_structure=&#8220;1_4,1_4,1_4,1_4&#8243; custom_padding_last_edited=&#8220;on|tablet&#8220; _builder_version=&#8220;4.23.2&#8243; _module_preset=&#8220;default&#8220; custom_padding=&#8220;0px||0px|||&#8220; custom_padding_tablet=&#8220;||0px||false|false&#8220; custom_padding_phone=&#8220;||0px||false|false&#8220; locked=&#8220;off&#8220; global_colors_info=&#8220;{}&#8220;][et_pb_column type=&#8220;1_4&#8243; _builder_version=&#8220;4.23.2&#8243; _module_preset=&#8220;default&#8220; global_colors_info=&#8220;{}&#8220;][et_pb_image src=&#8220;https:\/\/arttherapyfestival.org\/wp-content\/uploads\/2024\/11\/ATF-Graphics-Recovered6-1.png&#8220; title_text=&#8220;ATF-Graphics-%91Recovered%936&#8243; align=&#8220;center&#8220; _builder_version=&#8220;4.27.2&#8243; _module_preset=&#8220;default&#8220; max_width=&#8220;150px&#8220; max_height=&#8220;150px&#8220; global_colors_info=&#8220;{}&#8220; transform_styles__hover_enabled=&#8220;on|hover&#8220; transform_scale__hover_enabled=&#8220;on|hover&#8220; transform_translate__hover_enabled=&#8220;on|desktop&#8220; transform_rotate__hover_enabled=&#8220;on|desktop&#8220; transform_skew__hover_enabled=&#8220;on|desktop&#8220; transform_origin__hover_enabled=&#8220;on|desktop&#8220; transform_scale__hover=&#8220;110%|110%&#8220;][\/et_pb_image][et_pb_text _builder_version=&#8220;4.27.2&#8243; _module_preset=&#8220;fe95bef5-dae4-41cf-97c1-d2d58e69673b&#8220; header_font=&#8220;-et_global_heading_font||||||||&#8220; header_3_font=&#8220;-et_global_heading_font|600|||||||&#8220; header_3_text_color=&#8220;gcid-d15821fb-ca65-4f29-bfd5-ea044f046af4&#8243; header_3_font_size=&#8220;25px&#8220; custom_margin=&#8220;||10px||false|false&#8220; global_colors_info=&#8220;{%22gcid-d15821fb-ca65-4f29-bfd5-ea044f046af4%22:%91%22header_3_text_color%22%93}&#8220;]<\/p>\n<h4 style=\"text-align: center;\">Art<\/h4>\n<p>[\/et_pb_text][\/et_pb_column][et_pb_column type=&#8220;1_4&#8243; _builder_version=&#8220;4.23.2&#8243; _module_preset=&#8220;default&#8220; global_colors_info=&#8220;{}&#8220;][et_pb_image src=&#8220;https:\/\/arttherapyfestival.org\/wp-content\/uploads\/2024\/11\/ATF-Graphics-Recovered7-1.png&#8220; title_text=&#8220;ATF-Graphics-%91Recovered%937&#8243; _builder_version=&#8220;4.27.2&#8243; _module_preset=&#8220;default&#8220; max_width=&#8220;150px&#8220; module_alignment=&#8220;center&#8220; max_height=&#8220;150px&#8220; global_colors_info=&#8220;{}&#8220; transform_styles__hover_enabled=&#8220;on|hover&#8220; transform_scale__hover_enabled=&#8220;on|hover&#8220; transform_translate__hover_enabled=&#8220;on|desktop&#8220; transform_rotate__hover_enabled=&#8220;on|desktop&#8220; transform_skew__hover_enabled=&#8220;on|desktop&#8220; transform_origin__hover_enabled=&#8220;on|desktop&#8220; transform_scale__hover=&#8220;110%|110%&#8220;][\/et_pb_image][et_pb_text _builder_version=&#8220;4.27.2&#8243; _module_preset=&#8220;fe95bef5-dae4-41cf-97c1-d2d58e69673b&#8220; header_font=&#8220;-et_global_heading_font||||||||&#8220; header_3_font=&#8220;-et_global_heading_font|600|||||||&#8220; header_3_text_color=&#8220;gcid-d15821fb-ca65-4f29-bfd5-ea044f046af4&#8243; header_3_font_size=&#8220;25px&#8220; custom_margin=&#8220;||10px||false|false&#8220; global_colors_info=&#8220;{%22gcid-d15821fb-ca65-4f29-bfd5-ea044f046af4%22:%91%22header_3_text_color%22%93}&#8220;]<\/p>\n<h4 style=\"text-align: center;\">Hudba<\/h4>\n<p>[\/et_pb_text][\/et_pb_column][et_pb_column type=&#8220;1_4&#8243; _builder_version=&#8220;4.23.2&#8243; _module_preset=&#8220;default&#8220; global_colors_info=&#8220;{}&#8220;][et_pb_image src=&#8220;https:\/\/arttherapyfestival.org\/wp-content\/uploads\/2024\/11\/ATF-Graphics-Recovered5-1.png&#8220; title_text=&#8220;ATF-Graphics-%91Recovered%935&#8243; _builder_version=&#8220;4.27.2&#8243; _module_preset=&#8220;default&#8220; max_width=&#8220;150px&#8220; module_alignment=&#8220;center&#8220; max_height=&#8220;150px&#8220; global_colors_info=&#8220;{}&#8220; transform_styles__hover_enabled=&#8220;on|hover&#8220; transform_scale__hover_enabled=&#8220;on|hover&#8220; transform_translate__hover_enabled=&#8220;on|desktop&#8220; transform_rotate__hover_enabled=&#8220;on|desktop&#8220; transform_skew__hover_enabled=&#8220;on|desktop&#8220; transform_origin__hover_enabled=&#8220;on|desktop&#8220; transform_scale__hover=&#8220;110%|110%&#8220;][\/et_pb_image][et_pb_text _builder_version=&#8220;4.27.2&#8243; _module_preset=&#8220;fe95bef5-dae4-41cf-97c1-d2d58e69673b&#8220; header_font=&#8220;-et_global_heading_font||||||||&#8220; header_3_font=&#8220;-et_global_heading_font|600|||||||&#8220; header_3_text_color=&#8220;gcid-d15821fb-ca65-4f29-bfd5-ea044f046af4&#8243; header_3_font_size=&#8220;25px&#8220; custom_margin=&#8220;||10px||false|false&#8220; global_colors_info=&#8220;{%22gcid-d15821fb-ca65-4f29-bfd5-ea044f046af4%22:%91%22header_3_text_color%22%93}&#8220;]<\/p>\n<h4 style=\"text-align: center;\">Pohyb<br \/>\/ Tanec<\/h4>\n<p>[\/et_pb_text][\/et_pb_column][et_pb_column type=&#8220;1_4&#8243; _builder_version=&#8220;4.23.2&#8243; _module_preset=&#8220;default&#8220; global_colors_info=&#8220;{}&#8220;][et_pb_image src=&#8220;https:\/\/arttherapyfestival.org\/wp-content\/uploads\/2024\/11\/ATF-Graphics-Recovered8-1.png&#8220; title_text=&#8220;ATF-Graphics-%91Recovered%938&#8243; align=&#8220;center&#8220; _builder_version=&#8220;4.27.2&#8243; _module_preset=&#8220;default&#8220; max_width=&#8220;150px&#8220; max_height=&#8220;150px&#8220; global_colors_info=&#8220;{}&#8220; transform_styles__hover_enabled=&#8220;on|hover&#8220; transform_scale__hover_enabled=&#8220;on|hover&#8220; transform_translate__hover_enabled=&#8220;on|desktop&#8220; transform_rotate__hover_enabled=&#8220;on|desktop&#8220; transform_skew__hover_enabled=&#8220;on|desktop&#8220; transform_origin__hover_enabled=&#8220;on|desktop&#8220; transform_scale__hover=&#8220;110%|110%&#8220;][\/et_pb_image][et_pb_text _builder_version=&#8220;4.27.2&#8243; _module_preset=&#8220;fe95bef5-dae4-41cf-97c1-d2d58e69673b&#8220; header_font=&#8220;-et_global_heading_font||||||||&#8220; header_3_font=&#8220;-et_global_heading_font|600|||||||&#8220; header_3_text_color=&#8220;gcid-d15821fb-ca65-4f29-bfd5-ea044f046af4&#8243; header_3_font_size=&#8220;25px&#8220; custom_margin=&#8220;||10px||false|false&#8220; global_colors_info=&#8220;{%22gcid-d15821fb-ca65-4f29-bfd5-ea044f046af4%22:%91%22header_3_text_color%22%93}&#8220;]<\/p>\n<h4 style=\"text-align: center;\">Drama<\/h4>\n<p>[\/et_pb_text][\/et_pb_column][\/et_pb_row][\/et_pb_section][et_pb_section fb_built=&#8220;1&#8243; admin_label=&#8220;About&#8220; _builder_version=&#8220;4.23.2&#8243; _module_preset=&#8220;default&#8220; locked=&#8220;off&#8220; collapsed=&#8220;on&#8220; global_colors_info=&#8220;{}&#8220;][et_pb_row _builder_version=&#8220;4.23.2&#8243; _module_preset=&#8220;default&#8220; custom_padding=&#8220;||5px|||&#8220; global_colors_info=&#8220;{}&#8220;][et_pb_column type=&#8220;4_4&#8243; _builder_version=&#8220;4.23.2&#8243; _module_preset=&#8220;default&#8220; global_colors_info=&#8220;{}&#8220;][et_pb_text _builder_version=&#8220;4.27.2&#8243; _module_preset=&#8220;default&#8220; text_line_height=&#8220;1.9em&#8220; global_colors_info=&#8220;{}&#8220;]<\/p>\n<h3>D\u00edl\u010d\u00ed t\u00e9mata<\/h3>\n<p><em><\/em><\/p>\n<p style=\"padding-left: 40px;\">1. Mezilidsk\u00e9 vztahy a komunikace<br \/>2. Seberozvoj, sebepozn\u00e1n\u00ed a sebev\u011bdom\u00ed<br \/>3. Stres, vyho\u0159en\u00ed, uvoln\u011bn\u00ed a relaxace<br \/>4. P\u0159\u00edtomn\u00fd okam\u017eik a virtu\u00e1ln\u00ed realita<br \/>5. Psychosomatika<br \/>6. V\u00fdzkum, klinick\u00e9 aplikace, vzd\u011bl\u00e1v\u00e1n\u00ed, publikace<br \/>7. Arteterapie a rodina<br \/>8. Arteterapie v r\u016fzn\u00fdch kulturn\u00edch kontextech<br \/>9. Arteterapie v rodin\u011b. Metody, inovativn\u00ed p\u0159\u00edstupy a budoucnost arteterapie<br \/>10. Arteterapie v r\u016fzn\u00fdch kultur\u00e1ch. Etick\u00e9 ot\u00e1zky v terapeutick\u00e9m procesu<\/p>\n<p>[\/et_pb_text][\/et_pb_column][\/et_pb_row][et_pb_row _builder_version=&#8220;4.23.2&#8243; _module_preset=&#8220;default&#8220; custom_margin=&#8220;-4px|auto||auto||&#8220; global_colors_info=&#8220;{}&#8220;][et_pb_column type=&#8220;4_4&#8243; _builder_version=&#8220;4.23.2&#8243; _module_preset=&#8220;default&#8220; global_colors_info=&#8220;{}&#8220;][et_pb_text _builder_version=&#8220;4.27.2&#8243; _module_preset=&#8220;_initial&#8220; text_text_color=&#8220;gcid-body-color&#8220; global_colors_info=&#8220;{%22gcid-body-color%22:%91%22text_text_color%22%93}&#8220;]<\/p>\n<p>3. B\u011bhem procesu p\u0159edkl\u00e1d\u00e1n\u00ed <strong>vyberte preferovan\u00fd zp\u016fsob prezentace <\/strong>:<\/p>\n<ul>\n<li style=\"list-style-type: none;\">\n<ul>\n<li>\u00dastn\u00ed prezentace<\/li>\n<li>Prezentace posteru<\/li>\n<li>Workshop (45 - 90 minut): Workshop je sezen\u00ed ur\u010den\u00e9 k interaktivn\u00edmu u\u010den\u00ed a rozvoji dovednost\u00ed. Abstrakty by m\u011bly obsahovat stru\u010dn\u00fd popis modelov\u00e9ho workshopu s uveden\u00edm prvk\u016f, jako je \u00favod, hlavn\u00ed t\u00e9ma, c\u00edle a c\u00edlov\u00e1 skupina. P\u0159\u00edkladem m\u016f\u017ee b\u00fdt tane\u010dn\u00ed terapie, muzikoterapie, mindfulness, j\u00f3ga nebo t\u0159eba kurz keramiky.  <\/li>\n<\/ul>\n<\/li>\n<\/ul>\n<p>4. <strong>Opravy<\/strong> abstrakt\u016f lze prov\u00e1d\u011bt pouze do <strong>uz\u00e1v\u011brky 11. b\u0159ezna 2025.<\/strong><\/p>\n<p>5. <strong>Abstrakty budou posouzeny recenzenty a vybr\u00e1ny pro \u00fastn\u00ed prezentaci, posterovou prezentaci nebo workshop<\/strong>. Preference je t\u0159eba uv\u00e9st p\u0159i zas\u00edl\u00e1n\u00ed abstraktu. Kone\u010dn\u00e9 rozhodnut\u00ed o zp\u016fsobu prezentace abstraktu v\u0161ak u\u010din\u00ed recenzenti.  <\/p>\n<p>6. P\u0159ijat\u00e9 abstrakty budou zve\u0159ejn\u011bny v knize abstrakt\u016f. Pros\u00edme, nechte si abstrakt zkontrolovat z hlediska pravopisu, interpunkce, gramatiky a form\u00e1ln\u00ed struktury. Organiz\u00e1tor si vyhrazuje pr\u00e1vo abstrakty p\u0159ed zve\u0159ejn\u011bn\u00edm v Abstract Book v p\u0159\u00edpad\u011b pot\u0159eby upravit.  <\/p>\n<p>7. V\u0161ichni p\u0159edkladatel\u00e9 a prezentuj\u00edc\u00ed auto\u0159i obdr\u017e\u00ed <strong>ozn\u00e1men\u00ed o p\u0159ijet\u00ed<\/strong> p\u0159\u00edsp\u011bvku e-mailem do <strong>28. dubna 2025<\/strong>.<\/p>\n<p>8. <strong>V\u0161ichni prezentuj\u00edc\u00ed auto\u0159i<\/strong> <strong>se mus\u00ed zaregistrovat do 13. kv\u011btna 2025. <\/strong>Registrace spolu s \u00fahradou registra\u010dn\u00edho poplatku je nutn\u00e1 do tohoto data, aby byl abstrakt za\u0159azen do programu a zve\u0159ejn\u011bn v knize abstrakt\u016f. Pokud autor nespln\u00ed n\u011bkter\u00fd z t\u011bchto bod\u016f, organiz\u00e1tor si vyhrazuje pr\u00e1vo neza\u0159adit jeho pr\u00e1ci do programu konference ani do knihy abstrakt. <\/p>\n<p style=\"padding-left: 40px;\">[\/et_pb_text][et_pb_divider color=&#8220;rgba(71,11,87,0.24)&#8220; divider_style=&#8220;dotted&#8220; divider_weight=&#8220;5px&#8220; _builder_version=&#8220;4.27.2&#8243; _module_preset=&#8220;default&#8220; custom_margin=&#8220;||-2px|||&#8220; global_module=&#8220;251&#8243; saved_tabs=&#8220;all&#8220; global_colors_info=&#8220;{}&#8220;][\/et_pb_divider][\/et_pb_column][\/et_pb_row][et_pb_row _builder_version=&#8220;4.23.2&#8243; _module_preset=&#8220;default&#8220; custom_padding=&#8220;2px|||||&#8220; global_colors_info=&#8220;{}&#8220;][et_pb_column type=&#8220;4_4&#8243; _builder_version=&#8220;4.23.2&#8243; _module_preset=&#8220;default&#8220; global_colors_info=&#8220;{}&#8220;][et_pb_text _builder_version=&#8220;4.27.2&#8243; _module_preset=&#8220;default&#8220; custom_css_free_form=&#8220;#et-boc .et-l ol li, #et-boc .et-l ul li {||padding-bottom: 15px;||}&#8220; global_colors_info=&#8220;{}&#8220;]<\/p>\n<h2>Form\u00e1tov\u00e1n\u00ed abstrakt\u016f<\/h2>\n<p>&nbsp;<\/p>\n<ol>\n<li><strong>V\u0161echny abstrakty mus\u00ed b\u00fdt naps\u00e1ny v angli\u010dtin\u011b<\/strong>. Pokud je v\u00e1\u0161 abstrakt p\u0159ijat pro \u00fastn\u00ed prezentaci, mus\u00edte b\u00fdt schopni p\u0159edn\u00e9st svou prezentaci v angli\u010dtin\u011b a odpov\u00eddat na ot\u00e1zky publika. <\/li>\n<li>P\u0159i p\u0159edkl\u00e1d\u00e1n\u00ed abstraktu zva\u017ete a <strong>vyberte v\u011bdeck\u00e9 t\u00e9ma<\/strong> (viz v\u00fd\u0161e) a <strong>preferovan\u00fd zp\u016fsob prezentace<\/strong>.<\/li>\n<li>Po\u010det p\u0159edlo\u017een\u00fdch abstrakt\u016f na jednoho p\u0159edkladatele\/autora nen\u00ed omezen. Po\u010det prezentac\u00ed, v nich\u017e je \u00fa\u010dastn\u00edk uveden jako spoluautor, nen\u00ed omezen a \u00fa\u010dastn\u00edci mohou vystupovat jako p\u0159edsedaj\u00edc\u00ed.<\/li>\n<li>Pod jedn\u00edm abstraktem m\u016f\u017ee b\u00fdt p\u0159ihl\u00e1\u0161eno a\u017e 20 spoluautor\u016f (v\u010detn\u011b p\u0159edn\u00e1\u0161ej\u00edc\u00edho autora). Po\u0159ad\u00ed spoluautor\u016f lze v p\u0159\u00edpad\u011b pot\u0159eby zm\u011bnit prohozen\u00edm jmen v seznamu spoluautor\u016f.<\/li>\n<li><strong>Maxim\u00e1ln\u00ed d\u00e9lka abstraktu je 500 slov<\/strong>. Syst\u00e9m v\u00e1s p\u0159ed p\u0159ijet\u00edm p\u0159ihl\u00e1\u0161ky automaticky informuje, zda jste splnili pravidla.<\/li>\n<li>N\u00e1zev abstraktu je omezen na 30 slov a mus\u00ed b\u00fdt p\u0159edlo\u017een s pou\u017eit\u00edm p\u0159\u00edkazu Title Case (nap\u0159. &#8222;My Abstract about WATF 2025 Will Be Presented in Prague&#8220;).<\/li>\n<li>Je t\u0159eba uv\u00e9st kr\u00e1tk\u00fd \u017eivotopis prezentuj\u00edc\u00edho autora, kter\u00fd by nem\u011bl p\u0159es\u00e1hnout 100 slov.<\/li>\n<li>V textu abstraktu je povolen <strong>maxim\u00e1ln\u011b 1 obr\u00e1zek\/tabulka\/graf <\/strong>(nepovinn\u00e9). Pe\u010dliv\u011b zkontrolujte, zda byl v\u00e1\u0161 obr\u00e1zek \u00fasp\u011b\u0161n\u011b nahr\u00e1n. Uvid\u00edte ji v p\u0159ehledu abstrakt\u016f na konci pod\u00e1n\u00ed.<\/li>\n<li>Lze nahr\u00e1t <strong>a\u017e 3 dokumenty <\/strong><span>(PDF, JPG, DOCX, v\u0161echny form\u00e1ty videa<\/span>) (voliteln\u00e9). Pe\u010dliv\u011b zkontrolujte, zda byly va\u0161e dokumenty \u00fasp\u011b\u0161n\u011b nahr\u00e1ny.<\/li>\n<\/ol>\n<p>[\/et_pb_text][et_pb_button button_url=&#8220;https:\/\/www.czech-in.org\/cmPortalV15\/Account\/Login?ReturnUrl=%2FcmPortalV15%2FPortal%2FWATF25%2Fnormal&#8220; url_new_window=&#8220;on&#8220; button_text=&#8220;ONLINE PORT\u00c1L&#8220; button_alignment=&#8220;center&#8220; _builder_version=&#8220;4.27.2&#8243; _module_preset=&#8220;default&#8220; custom_button=&#8220;on&#8220; button_text_color=&#8220;gcid-heading-color&#8220; button_border_radius=&#8220;40px&#8220; button_font=&#8220;Poppins|500|||||||&#8220; global_colors_info=&#8220;{%22gcid-heading-color%22:%91%22button_text_color%22%93}&#8220;][\/et_pb_button][\/et_pb_column][\/et_pb_row][\/et_pb_section]<\/p>\n","protected":false},"excerpt":{"rendered":"<p>Pokyny pro pod\u00e1n\u00ed abstrakt\u016fObecn\u00e9 informace a term\u00ednyThe festival will be translated between English and Czech to ensure accessibility for all participants.Upozor\u0148ujeme, \u017ee uz\u00e1v\u011brka pro zas\u00edl\u00e1n\u00ed abstrakt\u016f byla 21. b\u0159ezna 2025.1. Abstrakty je t\u0159eba zaslat elektronicky prost\u0159ednictv\u00edm online syst\u00e9mu do 11. b\u0159ezna 2025 podle n\u00ed\u017ee uveden\u00fdch pokyn\u016f. Abstrakty doru\u010den\u00e9 e-mailem nebo po term\u00ednu nebudou p\u0159ijaty, a [&hellip;]<\/p>\n","protected":false},"author":1,"featured_media":0,"parent":0,"menu_order":0,"comment_status":"closed","ping_status":"closed","template":"","meta":{"_et_pb_use_builder":"on","_et_pb_old_content":"","_et_gb_content_width":"","footnotes":""},"class_list":["post-988","page","type-page","status-publish","hentry"],"_links":{"self":[{"href":"https:\/\/arttherapyfestival.org\/cs\/wp-json\/wp\/v2\/pages\/988","targetHints":{"allow":["GET"]}}],"collection":[{"href":"https:\/\/arttherapyfestival.org\/cs\/wp-json\/wp\/v2\/pages"}],"about":[{"href":"https:\/\/arttherapyfestival.org\/cs\/wp-json\/wp\/v2\/types\/page"}],"author":[{"embeddable":true,"href":"https:\/\/arttherapyfestival.org\/cs\/wp-json\/wp\/v2\/users\/1"}],"replies":[{"embeddable":true,"href":"https:\/\/arttherapyfestival.org\/cs\/wp-json\/wp\/v2\/comments?post=988"}],"version-history":[{"count":11,"href":"https:\/\/arttherapyfestival.org\/cs\/wp-json\/wp\/v2\/pages\/988\/revisions"}],"predecessor-version":[{"id":1715,"href":"https:\/\/arttherapyfestival.org\/cs\/wp-json\/wp\/v2\/pages\/988\/revisions\/1715"}],"wp:attachment":[{"href":"https:\/\/arttherapyfestival.org\/cs\/wp-json\/wp\/v2\/media?parent=988"}],"curies":[{"name":"wp","href":"https:\/\/api.w.org\/{rel}","templated":true}]}}