{"id":986,"date":"2024-10-09T13:38:42","date_gmt":"2024-10-09T13:38:42","guid":{"rendered":"https:\/\/arttherapyfestival.org\/casova-osa\/"},"modified":"2025-06-02T12:33:57","modified_gmt":"2025-06-02T12:33:57","slug":"casova-osa","status":"publish","type":"page","link":"https:\/\/arttherapyfestival.org\/cs\/casova-osa\/","title":{"rendered":"\u010casov\u00e1 osa"},"content":{"rendered":"<p>[et_pb_section fb_built=&#8220;1&#8243; admin_label=&#8220;Call to Action&#8220; _builder_version=&#8220;4.27.2&#8243; _module_preset=&#8220;default&#8220; background_color=&#8220;rgba(255,255,255,0.91)&#8220; background_image=&#8220;https:\/\/arttherapyfestival.org\/wp-content\/uploads\/2024\/11\/pawel-czerwinski-9anj7QWy-2g-unsplash-_1_-min-_1_-scaled.webp&#8220; background_size=&#8220;stretch&#8220; background_blend=&#8220;soft-light&#8220; collapsed=&#8220;on&#8220; global_colors_info=&#8220;{}&#8220;][et_pb_row column_structure=&#8220;2_3,1_3&#8243; _builder_version=&#8220;4.23.2&#8243; _module_preset=&#8220;default&#8220; custom_padding=&#8220;||8px|||&#8220; global_colors_info=&#8220;{}&#8220;][et_pb_column type=&#8220;2_3&#8243; _builder_version=&#8220;4.23.2&#8243; _module_preset=&#8220;default&#8220; global_colors_info=&#8220;{}&#8220;][et_pb_text _builder_version=&#8220;4.27.2&#8243; _module_preset=&#8220;4142a97c-2c4b-4047-b950-575fd9e75ca3&#8243; header_text_color=&#8220;gcid-d15821fb-ca65-4f29-bfd5-ea044f046af4&#8243; header_font_size=&#8220;40px&#8220; header_2_text_color=&#8220;gcid-d15821fb-ca65-4f29-bfd5-ea044f046af4&#8243; global_colors_info=&#8220;{%22gcid-d15821fb-ca65-4f29-bfd5-ea044f046af4%22:%91%22header_2_text_color%22,%22header_text_color%22%93}&#8220;]<\/p>\n<h1>\u010casov\u00e1 osa<\/h1>\n<p>[\/et_pb_text][\/et_pb_column][et_pb_column type=&#8220;1_3&#8243; _builder_version=&#8220;4.23.2&#8243; _module_preset=&#8220;default&#8220; global_colors_info=&#8220;{}&#8220;][\/et_pb_column][\/et_pb_row][et_pb_row _builder_version=&#8220;4.27.2&#8243; _module_preset=&#8220;default&#8220; global_colors_info=&#8220;{}&#8220;][et_pb_column type=&#8220;4_4&#8243; _builder_version=&#8220;4.27.2&#8243; _module_preset=&#8220;default&#8220; global_colors_info=&#8220;{}&#8220;][dipl_timeline global_timeline_icon_color=&#8220;#ff7c30&#8243; timeline_bar_color=&#8220;#eeeeee&#8220; timeline_bar_fill_color=&#8220;#ff7c30&#8243; global_timeline_background_color=&#8220;#f4efff&#8220; _builder_version=&#8220;4.27.2&#8243; _module_preset=&#8220;default&#8220; global_timeline_header_font=&#8220;Poppins|500|||||||&#8220; global_timeline_header_text_color=&#8220;gcid-heading-color&#8220; global_timeline_header_font_size=&#8220;27px&#8220; hover_enabled=&#8220;0&#8243; global_colors_info=&#8220;{%22gcid-heading-color%22:%91%22global_timeline_header_text_color%22%93}&#8220; sticky_enabled=&#8220;0&#8243;][dipl_timeline_item timeline_title=&#8220;25 November 2024&#8243; _builder_version=&#8220;4.27.2&#8243; _module_preset=&#8220;default&#8220; border_radii=&#8220;on|30px|30px|30px|30px&#8220; global_colors_info=&#8220;{}&#8220;]<\/p>\n<p>V\u010cASN\u00c1 REGISTRACE OTEV\u0158ENA &amp;<br \/>ABSTRAKTA OTEV\u0158ENA<\/p>\n<p>[\/dipl_timeline_item][dipl_timeline_item timeline_title=&#8220;11 March 2025&#8243; _builder_version=&#8220;4.27.2&#8243; _module_preset=&#8220;default&#8220; border_radii=&#8220;on|30px|30px|30px|30px&#8220; global_colors_info=&#8220;{}&#8220;]<\/p>\n<p>TERM\u00cdN PRO ZASL\u00c1N\u00cd ABSTRAKT\u016e<\/p>\n<p>[\/dipl_timeline_item][dipl_timeline_item timeline_title=&#8220;20 March 2025&#8243; _builder_version=&#8220;4.27.2&#8243; _module_preset=&#8220;default&#8220; hover_enabled=&#8220;0&#8243; border_radii=&#8220;on|30px|30px|30px|30px&#8220; global_colors_info=&#8220;{}&#8220; sticky_enabled=&#8220;0&#8243;]<\/p>\n<p><span style=\"color: #ff6600;\">PRODLOU\u017dEN\u00c1<\/span> LH\u016eTA PRO P\u0158EDKL\u00c1D\u00c1N\u00cd ABSTRAKT\u016e<\/p>\n<p>[\/dipl_timeline_item][dipl_timeline_item timeline_title=&#8220;28 April 2025&#8243; _builder_version=&#8220;4.27.2&#8243; _module_preset=&#8220;default&#8220; border_radii=&#8220;on|30px|30px|30px|30px&#8220; global_colors_info=&#8220;{}&#8220;]<\/p>\n<p>OZN\u00c1MEN\u00cd AUTOR\u016eM<\/p>\n<p>[\/dipl_timeline_item][dipl_timeline_item timeline_title=&#8220;13 May 2025&#8243; _builder_version=&#8220;4.27.2&#8243; _module_preset=&#8220;default&#8220; hover_enabled=&#8220;0&#8243; border_radii=&#8220;on|30px|30px|30px|30px&#8220; global_colors_info=&#8220;{}&#8220; sticky_enabled=&#8220;0&#8243;]<\/p>\n<p>TERM\u00cdN REGISTRACE AUTOR\u016e<\/p>\n<p>[\/dipl_timeline_item][dipl_timeline_item timeline_title=&#8220;16 June 2025&#8243; _builder_version=&#8220;4.27.2&#8243; _module_preset=&#8220;default&#8220; hover_enabled=&#8220;0&#8243; border_radii=&#8220;on|30px|30px|30px|30px&#8220; global_colors_info=&#8220;{}&#8220; sticky_enabled=&#8220;0&#8243;]<\/p>\n<p><span style=\"color: #ff6600;\">PRODLOU\u017dEN\u00c1<\/span> LH\u016eTA PRO V\u010cASNOU REGISTRACI<\/p>\n<p>[\/dipl_timeline_item][dipl_timeline_item _builder_version=&#8220;4.27.2&#8243; _module_preset=&#8220;default&#8220; timeline_title=&#8220;1 July 2025&#8243; hover_enabled=&#8220;0&#8243; sticky_enabled=&#8220;0&#8243;]<\/p>\n<p>V\u0160ICHNI REGISTROVAN\u00cd \u00da\u010cASTN\u00cdCI OBDR\u017d\u00cd DOTAZN\u00cdK PRO V\u00ddB\u011aR WORKSHOP\u016e.<\/p>\n<p>[\/dipl_timeline_item][\/dipl_timeline][\/et_pb_column][\/et_pb_row][et_pb_row _builder_version=&#8220;4.23.2&#8243; _module_preset=&#8220;default&#8220; global_colors_info=&#8220;{}&#8220;][et_pb_column type=&#8220;4_4&#8243; _builder_version=&#8220;4.23.2&#8243; _module_preset=&#8220;default&#8220; global_colors_info=&#8220;{}&#8220;][et_pb_image src=&#8220;https:\/\/arttherapyfestival.org\/wp-content\/uploads\/2024\/11\/WATF-MainWeb-scaled.jpg&#8220; title_text=&#8220;WATF-MainWeb&#8220; _builder_version=&#8220;4.27.2&#8243; _module_preset=&#8220;default&#8220; border_radii=&#8220;on|500px|500px|500px|500px&#8220; global_colors_info=&#8220;{}&#8220;][\/et_pb_image][et_pb_image src=&#8220;https:\/\/arttherapyfestival.org\/wp-content\/uploads\/2024\/10\/ATF_graphic3.png&#8220; title_text=&#8220;ATF_graphic3&#8243; _builder_version=&#8220;4.27.2&#8243; _module_preset=&#8220;default&#8220; positioning=&#8220;absolute&#8220; width=&#8220;10%&#8220; global_colors_info=&#8220;{}&#8220;][\/et_pb_image][et_pb_image src=&#8220;https:\/\/arttherapyfestival.org\/wp-content\/uploads\/2024\/10\/ATF_graphic1.png&#8220; title_text=&#8220;ATF_graphic1&#8243; show_bottom_space=&#8220;off&#8220; _builder_version=&#8220;4.27.2&#8243; _module_preset=&#8220;default&#8220; transform_translate=&#8220;20%|0px&#8220; transform_translate_linked=&#8220;off&#8220; positioning=&#8220;absolute&#8220; position_origin_a=&#8220;bottom_right&#8220; width=&#8220;20%&#8220; global_colors_info=&#8220;{}&#8220;][\/et_pb_image][\/et_pb_column][\/et_pb_row][\/et_pb_section]<\/p>\n","protected":false},"excerpt":{"rendered":"<p>\u010casov\u00e1 osa<div class=\"et_pb_module dipl_timeline dipl_timeline_0\">\n\t\t\t\t\n\t\t\t\t\n\t\t\t\t\n\t\t\t\t\n\t\t\t\t\n\t\t\t\t\n\t\t\t\t<div class=\"et_pb_module_inner\">\n\t\t\t\t\t<div class=\"dipl_timeline_alternate\"><div class=\"dipl_timeline_wrapper\">\n                            \n                        <\/div><div class=\"dipl_timeline_alternate_stem dipl_icon_tree_stem\"><div class=\"dipl_stem_wrapper\"><div class=\"dipl_stem\"><\/div><\/div><\/div><\/div>\n\t\t\t\t<\/div>\n\t\t\t<\/div><div class=\"et_pb_module dipl_timeline_item dipl_timeline_item_0\">\n\t\t\t\t<div class=\"dipl_icon_tree dipl_timeline_item_wrapper\">        \n                                <div class=\"dipl_stem_center\"><div class=\"dipl_icon_wrapper\"><span class=\"dipl_item_icon dipl_item_circle\"><\/span><\/div><\/div>\n                                <div class=\"dipl_item_content\">\n                                \t<div class=\"dipl_item_content_inner\">\n\t                                    \n\t                                    <h3 class=\"dipl_item_title\">25 November 2024<\/h3>\n\t                                    <div class=\"dipl_item_desc\">V\u010cASN\u00c1 REGISTRACE OTEV\u0158ENA &amp;ABSTRAKTA OTEV\u0158ENA<\/div>\n\t                                  \t<span class=\"dipl_triangle\"><\/span>\n\t                                <\/div>\n                                <\/div>\n                                <div class=\"dipl_date_container\"><\/div>\n                            <\/div>\n\t\t\t<\/div><div class=\"et_pb_module dipl_timeline_item dipl_timeline_item_1\">\n\t\t\t\t<div class=\"dipl_icon_tree dipl_timeline_item_wrapper\">        \n                                <div class=\"dipl_stem_center\"><div class=\"dipl_icon_wrapper\"><span class=\"dipl_item_icon dipl_item_circle\"><\/span><\/div><\/div>\n                                <div class=\"dipl_item_content\">\n                                \t<div class=\"dipl_item_content_inner\">\n\t                                    \n\t                                    <h3 class=\"dipl_item_title\">11 March 2025<\/h3>\n\t                                    <div class=\"dipl_item_desc\">TERM\u00cdN PRO ZASL\u00c1N\u00cd ABSTRAKT\u016e<\/div>\n\t                                  \t<span class=\"dipl_triangle\"><\/span>\n\t                                <\/div>\n                                <\/div>\n                                <div class=\"dipl_date_container\"><\/div>\n                            <\/div>\n\t\t\t<\/div><div class=\"et_pb_module dipl_timeline_item dipl_timeline_item_2\">\n\t\t\t\t<div class=\"dipl_icon_tree dipl_timeline_item_wrapper\">        \n                                <div class=\"dipl_stem_center\"><div class=\"dipl_icon_wrapper\"><span class=\"dipl_item_icon dipl_item_circle\"><\/span><\/div><\/div>\n                                <div class=\"dipl_item_content\">\n                                \t<div class=\"dipl_item_content_inner\">\n\t                                    \n\t                                    <h3 class=\"dipl_item_title\">20 March 2025<\/h3>\n\t                                    <div class=\"dipl_item_desc\">PRODLOU\u017dEN\u00c1 LH\u016eTA PRO P\u0158EDKL\u00c1D\u00c1N\u00cd ABSTRAKT\u016e<\/div>\n\t                                  \t<span class=\"dipl_triangle\"><\/span>\n\t                                <\/div>\n                                <\/div>\n                                <div class=\"dipl_date_container\"><\/div>\n                            <\/div>\n\t\t\t<\/div><div class=\"et_pb_module dipl_timeline_item dipl_timeline_item_3\">\n\t\t\t\t<div class=\"dipl_icon_tree dipl_timeline_item_wrapper\">        \n                                <div class=\"dipl_stem_center\"><div class=\"dipl_icon_wrapper\"><span class=\"dipl_item_icon dipl_item_circle\"><\/span><\/div><\/div>\n                                <div class=\"dipl_item_content\">\n                                \t<div class=\"dipl_item_content_inner\">\n\t                                    \n\t                                    <h3 class=\"dipl_item_title\">28 April 2025<\/h3>\n\t                                    \n\t                                  \t<span class=\"dipl_triangle\"><\/span>\n\t                                <\/div>\n                                <\/div>\n                                <div class=\"dipl_date_container\"><\/div>\n                            <\/div>\n\t\t\t<\/div>OZN\u00c1MEN\u00cd [&hellip;]<\/p>\n","protected":false},"author":1,"featured_media":0,"parent":0,"menu_order":0,"comment_status":"closed","ping_status":"closed","template":"","meta":{"_et_pb_use_builder":"on","_et_pb_old_content":"","_et_gb_content_width":"","footnotes":""},"class_list":["post-986","page","type-page","status-publish","hentry"],"_links":{"self":[{"href":"https:\/\/arttherapyfestival.org\/cs\/wp-json\/wp\/v2\/pages\/986","targetHints":{"allow":["GET"]}}],"collection":[{"href":"https:\/\/arttherapyfestival.org\/cs\/wp-json\/wp\/v2\/pages"}],"about":[{"href":"https:\/\/arttherapyfestival.org\/cs\/wp-json\/wp\/v2\/types\/page"}],"author":[{"embeddable":true,"href":"https:\/\/arttherapyfestival.org\/cs\/wp-json\/wp\/v2\/users\/1"}],"replies":[{"embeddable":true,"href":"https:\/\/arttherapyfestival.org\/cs\/wp-json\/wp\/v2\/comments?post=986"}],"version-history":[{"count":11,"href":"https:\/\/arttherapyfestival.org\/cs\/wp-json\/wp\/v2\/pages\/986\/revisions"}],"predecessor-version":[{"id":1692,"href":"https:\/\/arttherapyfestival.org\/cs\/wp-json\/wp\/v2\/pages\/986\/revisions\/1692"}],"wp:attachment":[{"href":"https:\/\/arttherapyfestival.org\/cs\/wp-json\/wp\/v2\/media?parent=986"}],"curies":[{"name":"wp","href":"https:\/\/api.w.org\/{rel}","templated":true}]}}