{"id":983,"date":"2024-11-04T14:48:21","date_gmt":"2024-11-04T14:48:21","guid":{"rendered":"https:\/\/arttherapyfestival.org\/pro-partnery\/"},"modified":"2025-04-16T15:18:42","modified_gmt":"2025-04-16T15:18:42","slug":"pro-partnery","status":"publish","type":"page","link":"https:\/\/arttherapyfestival.org\/cs\/pro-partnery\/","title":{"rendered":"Pro partnery"},"content":{"rendered":"<p>[et_pb_section fb_built=&#8220;1&#8243; admin_label=&#8220;Services&#8220; _builder_version=&#8220;4.27.2&#8243; _module_preset=&#8220;default&#8220; background_color=&#8220;gcid-ae2718f9-596d-4e4c-a089-a3606cb7bdc2&#8243; use_background_color_gradient=&#8220;on&#8220; background_color_gradient_stops=&#8220;#f3f5f8 0%|#ffffff 99%&#8220; locked=&#8220;off&#8220; collapsed=&#8220;on&#8220; global_colors_info=&#8220;{%22gcid-ae2718f9-596d-4e4c-a089-a3606cb7bdc2%22:%91%22background_color%22%93}&#8220;][et_pb_row column_structure=&#8220;3_5,2_5&#8243; _builder_version=&#8220;4.27.2&#8243; _module_preset=&#8220;default&#8220; global_colors_info=&#8220;{}&#8220;][et_pb_column type=&#8220;3_5&#8243; _builder_version=&#8220;4.23.2&#8243; _module_preset=&#8220;default&#8220; global_colors_info=&#8220;{}&#8220;][et_pb_text _builder_version=&#8220;4.27.2&#8243; _module_preset=&#8220;4142a97c-2c4b-4047-b950-575fd9e75ca3&#8243; header_text_color=&#8220;gcid-d15821fb-ca65-4f29-bfd5-ea044f046af4&#8243; header_font_size=&#8220;40px&#8220; header_2_text_color=&#8220;gcid-d15821fb-ca65-4f29-bfd5-ea044f046af4&#8243; header_2_font_size=&#8220;35px&#8220; text_orientation=&#8220;center&#8220; custom_margin=&#8220;||10px||false|false&#8220; global_colors_info=&#8220;{%22gcid-d15821fb-ca65-4f29-bfd5-ea044f046af4%22:%91%22header_2_text_color%22,%22header_text_color%22%93}&#8220; header_letter_spacing__hover_enabled=&#8220;on|desktop&#8220;]<\/p>\n<h1 style=\"text-align: left;\">Pro partnery<\/h1>\n<p>[\/et_pb_text][et_pb_text _builder_version=&#8220;4.27.2&#8243; _module_preset=&#8220;_initial&#8220; text_text_color=&#8220;gcid-d15821fb-ca65-4f29-bfd5-ea044f046af4&#8243; text_orientation=&#8220;center&#8220; custom_margin=&#8220;18px|||||&#8220; global_colors_info=&#8220;{%22gcid-d15821fb-ca65-4f29-bfd5-ea044f046af4%22:%91%22text_text_color%22%93}&#8220;]<\/p>\n<p style=\"text-align: left;\"><span class=\"ui-provider a b c d e f g h i j k l m n o p q r s t u v w x y z ab ac ae af ag ah ai aj ak\" dir=\"ltr\">Pod\u00edvejte se na sponzorskou bro\u017euru kliknut\u00edm na obr\u00e1zek vpravo &gt;<br \/>Pro z\u00edsk\u00e1n\u00ed informac\u00ed o mo\u017enostech sponzorstv\u00ed pros\u00edm kontaktujte:<\/span><\/p>\n<p style=\"text-align: left; padding-left: 40px;\"><strong><\/strong><\/p>\n<p style=\"text-align: left; padding-left: 40px;\"><strong>Lucie \u0160enkov\u00e1,<br \/><\/strong><em>mana\u017eerka sponzoringu<\/em><\/p>\n<p style=\"text-align: left; padding-left: 40px;\">Mob: +<strong> 725 946 545<br \/><\/strong>E-mail: <a aria-label=\"Link lucie.senkova@c-in.eu\" id=\"menur3dk\" href=\"mailto:lucie.senkova@c-in.eu\" rel=\"noreferrer noopener\" target=\"_blank\" class=\"fui-Link ___1q1shib f2hkw1w f3rmtva f1ewtqcl fyind8e f1k6fduh f1w7gpdv fk6fouc fjoy568 figsok6 f1s184ao f1mk8lai fnbmjn9 f1o700av f13mvf36 f1cmlufx f9n3di6 f1ids18y f1tx3yz7 f1deo86v f1eh06m1 f1iescvh fhgqx19 f1olyrje f1p93eir f1nev41a f1h8hb77 f1lqvz6u f10aw75t fsle3fq f17ae5zn\" title=\"mailto:lucie.senkova@c-in.eu\"><strong>lucie.senkova@c-in.eu<\/strong><\/a><\/p>\n<p>[\/et_pb_text][\/et_pb_column][et_pb_column type=&#8220;2_5&#8243; _builder_version=&#8220;4.23.2&#8243; _module_preset=&#8220;default&#8220; global_colors_info=&#8220;{}&#8220;][et_pb_image src=&#8220;https:\/\/arttherapyfestival.org\/wp-content\/uploads\/2024\/11\/ATF-BrochureMockup.png&#8220; title_text=&#8220;ATF-BrochureMockup&#8220; url=&#8220;https:\/\/arttherapyfestival.org\/wp-content\/uploads\/2025\/02\/WATF-SponsorshipBrochure.pdf&#8220; url_new_window=&#8220;on&#8220; _builder_version=&#8220;4.27.2&#8243; _module_preset=&#8220;default&#8220; hover_enabled=&#8220;0&#8243; global_colors_info=&#8220;{}&#8220; sticky_enabled=&#8220;0&#8243; transform_styles__hover_enabled=&#8220;on|hover&#8220; transform_scale__hover_enabled=&#8220;on|hover&#8220; transform_translate__hover_enabled=&#8220;on|desktop&#8220; transform_rotate__hover_enabled=&#8220;on|desktop&#8220; transform_skew__hover_enabled=&#8220;on|desktop&#8220; transform_origin__hover_enabled=&#8220;on|desktop&#8220; transform_scale__hover=&#8220;103%|103%&#8220;][\/et_pb_image][\/et_pb_column][\/et_pb_row][\/et_pb_section]<\/p>\n","protected":false},"excerpt":{"rendered":"<p>Pro partneryPod\u00edvejte se na sponzorskou bro\u017euru kliknut\u00edm na obr\u00e1zek vpravo &gt;Pro z\u00edsk\u00e1n\u00ed informac\u00ed o mo\u017enostech sponzorstv\u00ed pros\u00edm kontaktujte: Lucie \u0160enkov\u00e1,mana\u017eerka sponzoringu Mob: + 725 946 545E-mail: lucie.senkova@c-in.eu<\/p>\n","protected":false},"author":1,"featured_media":0,"parent":0,"menu_order":0,"comment_status":"closed","ping_status":"closed","template":"","meta":{"_et_pb_use_builder":"on","_et_pb_old_content":"","_et_gb_content_width":"","footnotes":""},"class_list":["post-983","page","type-page","status-publish","hentry"],"_links":{"self":[{"href":"https:\/\/arttherapyfestival.org\/cs\/wp-json\/wp\/v2\/pages\/983","targetHints":{"allow":["GET"]}}],"collection":[{"href":"https:\/\/arttherapyfestival.org\/cs\/wp-json\/wp\/v2\/pages"}],"about":[{"href":"https:\/\/arttherapyfestival.org\/cs\/wp-json\/wp\/v2\/types\/page"}],"author":[{"embeddable":true,"href":"https:\/\/arttherapyfestival.org\/cs\/wp-json\/wp\/v2\/users\/1"}],"replies":[{"embeddable":true,"href":"https:\/\/arttherapyfestival.org\/cs\/wp-json\/wp\/v2\/comments?post=983"}],"version-history":[{"count":11,"href":"https:\/\/arttherapyfestival.org\/cs\/wp-json\/wp\/v2\/pages\/983\/revisions"}],"predecessor-version":[{"id":1505,"href":"https:\/\/arttherapyfestival.org\/cs\/wp-json\/wp\/v2\/pages\/983\/revisions\/1505"}],"wp:attachment":[{"href":"https:\/\/arttherapyfestival.org\/cs\/wp-json\/wp\/v2\/media?parent=983"}],"curies":[{"name":"wp","href":"https:\/\/api.w.org\/{rel}","templated":true}]}}