{"id":979,"date":"2024-11-26T13:05:46","date_gmt":"2024-11-26T13:05:46","guid":{"rendered":"https:\/\/arttherapyfestival.org\/kontakty\/"},"modified":"2025-04-16T15:18:49","modified_gmt":"2025-04-16T15:18:49","slug":"kontakty","status":"publish","type":"page","link":"https:\/\/arttherapyfestival.org\/cs\/kontakty\/","title":{"rendered":"Kontakty"},"content":{"rendered":"<p>[et_pb_section fb_built=&#8220;1&#8243; admin_label=&#8220;Services&#8220; _builder_version=&#8220;4.27.2&#8243; _module_preset=&#8220;default&#8220; background_color=&#8220;gcid-ae2718f9-596d-4e4c-a089-a3606cb7bdc2&#8243; use_background_color_gradient=&#8220;on&#8220; background_color_gradient_stops=&#8220;#f3f5f8 0%|#ffffff 99%&#8220; locked=&#8220;off&#8220; collapsed=&#8220;on&#8220; global_colors_info=&#8220;{%22gcid-ae2718f9-596d-4e4c-a089-a3606cb7bdc2%22:%91%22background_color%22%93}&#8220;][et_pb_row _builder_version=&#8220;4.27.2&#8243; _module_preset=&#8220;default&#8220; global_colors_info=&#8220;{}&#8220;][et_pb_column type=&#8220;4_4&#8243; _builder_version=&#8220;4.23.2&#8243; _module_preset=&#8220;default&#8220; global_colors_info=&#8220;{}&#8220;][et_pb_text _builder_version=&#8220;4.27.2&#8243; _module_preset=&#8220;4142a97c-2c4b-4047-b950-575fd9e75ca3&#8243; header_text_color=&#8220;#470B57&#8243; header_font_size=&#8220;40px&#8220; header_2_text_color=&#8220;gcid-d15821fb-ca65-4f29-bfd5-ea044f046af4&#8243; text_orientation=&#8220;center&#8220; custom_margin=&#8220;||10px||false|false&#8220; global_colors_info=&#8220;{%22gcid-d15821fb-ca65-4f29-bfd5-ea044f046af4%22:%91%22header_2_text_color%22%93}&#8220;]<\/p>\n<h1 style=\"text-align: left;\">Kontakty<\/h1>\n<p>[\/et_pb_text][et_pb_text _builder_version=&#8220;4.27.2&#8243; _module_preset=&#8220;_initial&#8220; text_text_color=&#8220;gcid-d15821fb-ca65-4f29-bfd5-ea044f046af4&#8243; text_orientation=&#8220;center&#8220; custom_margin=&#8220;18px|||||&#8220; global_colors_info=&#8220;{%22gcid-d15821fb-ca65-4f29-bfd5-ea044f046af4%22:%91%22text_text_color%22%93}&#8220;]<\/p>\n<p style=\"text-align: left;\">A\u0165 u\u017e m\u00e1te dotazy, pot\u0159ebujete v\u00edce informac\u00ed nebo se chcete spojit s na\u0161\u00edm t\u00fdmem, jsme tu pro v\u00e1s.  <br \/>T\u011b\u0161\u00edme se na va\u0161e zpr\u00e1vy a douf\u00e1me, \u017ee se na festivalu uvid\u00edme!<\/p>\n<p>[\/et_pb_text][\/et_pb_column][\/et_pb_row][et_pb_row column_structure=&#8220;1_3,1_3,1_3&#8243; _builder_version=&#8220;4.27.2&#8243; _module_preset=&#8220;default&#8220; custom_padding=&#8220;||35px|||&#8220; global_colors_info=&#8220;{}&#8220;][et_pb_column type=&#8220;1_3&#8243; _builder_version=&#8220;4.27.2&#8243; _module_preset=&#8220;default&#8220; global_colors_info=&#8220;{}&#8220;][et_pb_blurb title=&#8220;V\u0160EOBECN\u00c9&#8220; use_icon=&#8220;on&#8220; font_icon=&#8220;&#x70;||divi||400&#8243; icon_color=&#8220;gcid-heading-color&#8220; image_icon_width=&#8220;50px&#8220; _builder_version=&#8220;4.27.2&#8243; _module_preset=&#8220;default&#8220; header_text_align=&#8220;center&#8220; body_text_color=&#8220;gcid-heading-color&#8220; background_color=&#8220;#f7eaff&#8220; image_icon_custom_margin=&#8220;15px||15px||false|false&#8220; custom_margin=&#8220;||||false|false&#8220; custom_padding=&#8220;20px|20px|20px|20px|false|false&#8220; border_radii=&#8220;on|15px|15px|15px|15px&#8220; box_shadow_style=&#8220;preset3&#8243; box_shadow_blur=&#8220;30px&#8220; box_shadow_spread=&#8220;-18px&#8220; box_shadow_color=&#8220;#622f8c&#8220; global_colors_info=&#8220;{%22gcid-heading-color%22:%91%22icon_color%22,%22body_text_color%22%93}&#8220; transform_styles__hover_enabled=&#8220;on|hover&#8220; transform_scale__hover_enabled=&#8220;on|hover&#8220; transform_translate__hover_enabled=&#8220;on|desktop&#8220; transform_rotate__hover_enabled=&#8220;on|desktop&#8220; transform_skew__hover_enabled=&#8220;on|desktop&#8220; transform_origin__hover_enabled=&#8220;on|desktop&#8220; transform_scale__hover=&#8220;102%|102%&#8220;]<\/p>\n<p style=\"text-align: center;\"><strong data-olk-copy-source=\"MessageBody\"> Obecn\u00e9 dotazy<\/strong><span>:<br \/><\/span><strong><a href=\"mailto:info@arttherapyfestival.org\">info@arttherapyfestival.org<\/a><\/strong><\/p>\n<p>[\/et_pb_blurb][\/et_pb_column][et_pb_column type=&#8220;1_3&#8243; _builder_version=&#8220;4.27.2&#8243; _module_preset=&#8220;default&#8220; global_colors_info=&#8220;{}&#8220;][et_pb_blurb title=&#8220;REGISTRACE&#8220; use_icon=&#8220;on&#8220; font_icon=&#8220;&#xe108;||divi||400&#8243; icon_color=&#8220;gcid-heading-color&#8220; image_icon_width=&#8220;50px&#8220; _builder_version=&#8220;4.27.2&#8243; _module_preset=&#8220;default&#8220; header_text_align=&#8220;center&#8220; body_text_color=&#8220;gcid-heading-color&#8220; background_color=&#8220;#f7eaff&#8220; image_icon_custom_margin=&#8220;15px||15px||false|false&#8220; custom_margin=&#8220;||||false|false&#8220; custom_padding=&#8220;20px|20px|20px|20px|false|false&#8220; border_radii=&#8220;on|15px|15px|15px|15px&#8220; box_shadow_style=&#8220;preset3&#8243; box_shadow_blur=&#8220;30px&#8220; box_shadow_spread=&#8220;-18px&#8220; box_shadow_color=&#8220;#622f8c&#8220; global_colors_info=&#8220;{%22gcid-heading-color%22:%91%22icon_color%22,%22body_text_color%22%93}&#8220; transform_styles__hover_enabled=&#8220;on|hover&#8220; transform_scale__hover_enabled=&#8220;on|hover&#8220; transform_translate__hover_enabled=&#8220;on|desktop&#8220; transform_rotate__hover_enabled=&#8220;on|desktop&#8220; transform_skew__hover_enabled=&#8220;on|desktop&#8220; transform_origin__hover_enabled=&#8220;on|desktop&#8220; transform_scale__hover=&#8220;102%|102%&#8220;]<\/p>\n<p style=\"text-align: center;\">Dotazy ohledn\u011b <strong>registrace:<br \/><a href=\"mailto:registration@arttherapyfestival.org\">registration@arttherapyfestival.org<\/a><span>.<\/span><\/strong><\/p>\n<p>[\/et_pb_blurb][\/et_pb_column][et_pb_column type=&#8220;1_3&#8243; _builder_version=&#8220;4.27.2&#8243; _module_preset=&#8220;default&#8220; global_colors_info=&#8220;{}&#8220;][et_pb_blurb title=&#8220;PROGRAM&#8220; use_icon=&#8220;on&#8220; font_icon=&#8220;&#xe023;||divi||400&#8243; icon_color=&#8220;gcid-heading-color&#8220; image_icon_width=&#8220;50px&#8220; _builder_version=&#8220;4.27.2&#8243; _module_preset=&#8220;default&#8220; header_text_align=&#8220;center&#8220; body_text_color=&#8220;gcid-heading-color&#8220; background_color=&#8220;#f7eaff&#8220; image_icon_custom_margin=&#8220;15px||15px||false|false&#8220; custom_margin=&#8220;||||false|false&#8220; custom_padding=&#8220;20px|20px|20px|20px|false|false&#8220; border_radii=&#8220;on|15px|15px|15px|15px&#8220; box_shadow_style=&#8220;preset3&#8243; box_shadow_blur=&#8220;30px&#8220; box_shadow_spread=&#8220;-18px&#8220; box_shadow_color=&#8220;#622f8c&#8220; global_colors_info=&#8220;{%22gcid-heading-color%22:%91%22icon_color%22,%22body_text_color%22%93}&#8220; transform_styles__hover_enabled=&#8220;on|hover&#8220; transform_scale__hover_enabled=&#8220;on|hover&#8220; transform_translate__hover_enabled=&#8220;on|desktop&#8220; transform_rotate__hover_enabled=&#8220;on|desktop&#8220; transform_skew__hover_enabled=&#8220;on|desktop&#8220; transform_origin__hover_enabled=&#8220;on|desktop&#8220; transform_scale__hover=&#8220;102%|102%&#8220;]<\/p>\n<p style=\"text-align: center;\"><span>Dotazy t\u00fdkaj\u00edc\u00ed se <strong>abstrakt\u016f<\/strong>:<\/span><strong><br \/><a href=\"mailto:abstracts@arttherapyfestival.org\">abstracts@arttherapyfestival.org<\/a><\/strong><\/p>\n<p>[\/et_pb_blurb][\/et_pb_column][\/et_pb_row][et_pb_row column_structure=&#8220;1_3,1_3,1_3&#8243; _builder_version=&#8220;4.27.2&#8243; _module_preset=&#8220;default&#8220; custom_padding=&#8220;7px|||||&#8220; global_colors_info=&#8220;{}&#8220;][et_pb_column type=&#8220;1_3&#8243; _builder_version=&#8220;4.27.2&#8243; _module_preset=&#8220;default&#8220; global_colors_info=&#8220;{}&#8220;][et_pb_blurb title=&#8220;FACEBOOK&#8220; use_icon=&#8220;on&#8220; font_icon=&#8220;&#xe093;||divi||400&#8243; icon_color=&#8220;gcid-heading-color&#8220; image_icon_width=&#8220;50px&#8220; _builder_version=&#8220;4.27.2&#8243; _module_preset=&#8220;default&#8220; header_text_align=&#8220;center&#8220; body_text_color=&#8220;gcid-heading-color&#8220; background_color=&#8220;#f7eaff&#8220; image_icon_custom_margin=&#8220;15px||15px||false|false&#8220; custom_margin=&#8220;||||false|false&#8220; custom_padding=&#8220;20px|20px|60px|20px|false|false&#8220; hover_enabled=&#8220;0&#8243; border_radii=&#8220;on|15px|15px|15px|15px&#8220; box_shadow_style=&#8220;preset3&#8243; box_shadow_blur=&#8220;30px&#8220; box_shadow_spread=&#8220;-18px&#8220; box_shadow_color=&#8220;#622f8c&#8220; global_colors_info=&#8220;{%22gcid-heading-color%22:%91%22icon_color%22,%22body_text_color%22%93}&#8220; transform_styles__hover_enabled=&#8220;on|hover&#8220; transform_scale__hover_enabled=&#8220;on|hover&#8220; transform_translate__hover_enabled=&#8220;on|desktop&#8220; transform_rotate__hover_enabled=&#8220;on|desktop&#8220; transform_skew__hover_enabled=&#8220;on|desktop&#8220; transform_origin__hover_enabled=&#8220;on|desktop&#8220; transform_scale__hover=&#8220;102%|102%&#8220; sticky_enabled=&#8220;0&#8243;]<\/p>\n<p style=\"text-align: center;\">Nav\u0161tivte pros\u00edm<br \/><strong><span style=\"text-decoration: underline;\"><a href=\"https:\/\/www.facebook.com\/events\/8542575245852844\/?active_tab=discussion\" target=\"_blank\" rel=\"noopener\">ofici\u00e1ln\u00ed str\u00e1nku akce<\/a><\/span><\/strong><\/p>\n<p style=\"text-align: center;\"><span style=\"text-decoration: underline;\"><\/span><\/p>\n<p style=\"text-align: center;\"><span style=\"text-decoration: underline;\"><\/span><\/p>\n<p style=\"text-align: center;\"><span style=\"text-decoration: underline;\"><\/span><\/p>\n<p style=\"text-align: center;\">[\/et_pb_blurb][\/et_pb_column][et_pb_column type=&#8220;1_3&#8243; _builder_version=&#8220;4.27.2&#8243; _module_preset=&#8220;default&#8220; global_colors_info=&#8220;{}&#8220;][et_pb_blurb title=&#8220;SPONZORSTV\u00cd&#8220; use_icon=&#8220;on&#8220; font_icon=&#8220;&#xe021;||divi||400&#8243; icon_color=&#8220;gcid-heading-color&#8220; image_icon_width=&#8220;50px&#8220; _builder_version=&#8220;4.27.2&#8243; _module_preset=&#8220;default&#8220; header_text_align=&#8220;center&#8220; body_text_color=&#8220;gcid-heading-color&#8220; background_color=&#8220;#f7eaff&#8220; image_icon_custom_margin=&#8220;15px||15px||false|false&#8220; custom_margin=&#8220;||||false|false&#8220; custom_padding=&#8220;20px|20px|20px|20px|false|false&#8220; border_radii=&#8220;on|15px|15px|15px|15px&#8220; box_shadow_style=&#8220;preset3&#8243; box_shadow_blur=&#8220;30px&#8220; box_shadow_spread=&#8220;-18px&#8220; box_shadow_color=&#8220;#622f8c&#8220; global_colors_info=&#8220;{%22gcid-heading-color%22:%91%22icon_color%22,%22body_text_color%22%93}&#8220; transform_styles__hover_enabled=&#8220;on|hover&#8220; transform_scale__hover_enabled=&#8220;on|hover&#8220; transform_translate__hover_enabled=&#8220;on|desktop&#8220; transform_rotate__hover_enabled=&#8220;on|desktop&#8220; transform_skew__hover_enabled=&#8220;on|desktop&#8220; transform_origin__hover_enabled=&#8220;on|desktop&#8220; transform_scale__hover=&#8220;102%|102%&#8220; content__hover_enabled=&#8220;on|desktop&#8220; content__hover=&#8220;<\/p>\n<p style=%22text-align: center;%22>For <strong>sponsorship opportunities:<\/strong><\/p>\n<p style=%22text-align: center;%22><strong>Lucie \u0160enkov\u00e1,<br \/><\/strong><em>Sponsorship Manager<\/em><\/p>\n<p style=%22text-align: center;%22>Mob:<strong><span> <\/span>+420 725 946 545<br \/><\/strong>Email:<span> <\/span><a aria-label=%22Link lucie.senkova@c-in.eu%22 id=%22menur3dk%22 href=%22mailto:lucie.senkova@c-in.eu%22 rel=%22noreferrer noopener%22 data-et-target-link=%22_blank%22 class=%22fui-Link ___1q1shib f2hkw1w f3rmtva f1ewtqcl fyind8e f1k6fduh f1w7gpdv fk6fouc fjoy568 figsok6 f1s184ao f1mk8lai fnbmjn9 f1o700av f13mvf36 f1cmlufx f9n3di6 f1ids18y f1tx3yz7 f1deo86v f1eh06m1 f1iescvh fhgqx19 f1olyrje f1p93eir f1nev41a f1h8hb77 f1lqvz6u f10aw75t fsle3fq f17ae5zn%22 title=%22mailto:lucie.senkova@c-in.eu%22><strong>lucie.senkova@c-in.eu<\/strong><\/a><\/p>\n<p>&#8222;]<\/p>\n<p style=\"text-align: center;\"><strong>P\u0159\u00edle\u017eitosti ke sponzorstv\u00ed<\/strong>:<\/p>\n<p style=\"text-align: center;\"><strong>Lucie \u0160enkov\u00e1,<br \/><\/strong><em>mana\u017eerka sponzoringu<\/em><\/p>\n<p style=\"text-align: center;\">Mob:<strong><span> <\/span>+420<\/strong><strong>725 946 545<br \/><\/strong>E-mail:<span> <\/span><a aria-label=\"Link lucie.senkova@c-in.eu\" id=\"menur3dk\" href=\"mailto:lucie.senkova@c-in.eu\" rel=\"noreferrer noopener\" target=\"_blank\" class=\"fui-Link ___1q1shib f2hkw1w f3rmtva f1ewtqcl fyind8e f1k6fduh f1w7gpdv fk6fouc fjoy568 figsok6 f1s184ao f1mk8lai fnbmjn9 f1o700av f13mvf36 f1cmlufx f9n3di6 f1ids18y f1tx3yz7 f1deo86v f1eh06m1 f1iescvh fhgqx19 f1olyrje f1p93eir f1nev41a f1h8hb77 f1lqvz6u f10aw75t fsle3fq f17ae5zn\" title=\"mailto:lucie.senkova@c-in.eu\"><strong>lucie.senkova@c-in.eu<\/strong><\/a><\/p>\n<p>[\/et_pb_blurb][\/et_pb_column][et_pb_column type=&#8220;1_3&#8243; _builder_version=&#8220;4.27.2&#8243; _module_preset=&#8220;default&#8220; global_colors_info=&#8220;{}&#8220;][et_pb_blurb title=&#8220;INSTAGRAM&#8220; use_icon=&#8220;on&#8220; font_icon=&#8220;&#xe09a;||divi||400&#8243; icon_color=&#8220;gcid-heading-color&#8220; image_icon_width=&#8220;50px&#8220; _builder_version=&#8220;4.27.2&#8243; _module_preset=&#8220;default&#8220; header_text_align=&#8220;center&#8220; body_text_color=&#8220;gcid-heading-color&#8220; background_color=&#8220;#f7eaff&#8220; image_icon_custom_margin=&#8220;15px||15px||false|false&#8220; custom_margin=&#8220;||||false|false&#8220; custom_padding=&#8220;20px|20px|103px|20px|false|false&#8220; hover_enabled=&#8220;0&#8243; border_radii=&#8220;on|15px|15px|15px|15px&#8220; box_shadow_style=&#8220;preset3&#8243; box_shadow_blur=&#8220;30px&#8220; box_shadow_spread=&#8220;-18px&#8220; box_shadow_color=&#8220;#622f8c&#8220; global_colors_info=&#8220;{%22gcid-heading-color%22:%91%22icon_color%22,%22body_text_color%22%93}&#8220; transform_styles__hover_enabled=&#8220;on|hover&#8220; transform_scale__hover_enabled=&#8220;on|hover&#8220; transform_translate__hover_enabled=&#8220;on|desktop&#8220; transform_rotate__hover_enabled=&#8220;on|desktop&#8220; transform_skew__hover_enabled=&#8220;on|desktop&#8220; transform_origin__hover_enabled=&#8220;on|desktop&#8220; transform_scale__hover=&#8220;102%|102%&#8220; sticky_enabled=&#8220;0&#8243;]<\/p>\n<p style=\"text-align: center;\">Nav\u0161tivte pros\u00edm ofici\u00e1ln\u00ed<br \/><strong><span style=\"text-decoration: underline;\"><a href=\"https:\/\/www.instagram.com\/worldarttherapyfest\/\" target=\"_blank\" rel=\"noopener\">\u00fa\u010det na Instagramu<\/a><\/span><\/strong><\/p>\n<p style=\"text-align: center;\">[\/et_pb_blurb][\/et_pb_column][\/et_pb_row][\/et_pb_section]<\/p>\n","protected":false},"excerpt":{"rendered":"<p>KontaktyA\u0165 u\u017e m\u00e1te dotazy, pot\u0159ebujete v\u00edce informac\u00ed nebo se chcete spojit s na\u0161\u00edm t\u00fdmem, jsme tu pro v\u00e1s. T\u011b\u0161\u00edme se na va\u0161e zpr\u00e1vy a douf\u00e1me, \u017ee se na festivalu uvid\u00edme! Obecn\u00e9 dotazy:info@arttherapyfestival.orgDotazy ohledn\u011b registrace:registration@arttherapyfestival.org.Dotazy t\u00fdkaj\u00edc\u00ed se abstrakt\u016f:abstracts@arttherapyfestival.orgNav\u0161tivte pros\u00edmofici\u00e1ln\u00ed str\u00e1nku akce P\u0159\u00edle\u017eitosti ke sponzorstv\u00ed: Lucie \u0160enkov\u00e1,mana\u017eerka sponzoringu Mob: +420725 946 545E-mail: lucie.senkova@c-in.euNav\u0161tivte pros\u00edm ofici\u00e1ln\u00ed\u00fa\u010det na Instagramu<\/p>\n","protected":false},"author":1,"featured_media":0,"parent":0,"menu_order":0,"comment_status":"closed","ping_status":"closed","template":"","meta":{"_et_pb_use_builder":"on","_et_pb_old_content":"","_et_gb_content_width":"","footnotes":""},"class_list":["post-979","page","type-page","status-publish","hentry"],"_links":{"self":[{"href":"https:\/\/arttherapyfestival.org\/cs\/wp-json\/wp\/v2\/pages\/979","targetHints":{"allow":["GET"]}}],"collection":[{"href":"https:\/\/arttherapyfestival.org\/cs\/wp-json\/wp\/v2\/pages"}],"about":[{"href":"https:\/\/arttherapyfestival.org\/cs\/wp-json\/wp\/v2\/types\/page"}],"author":[{"embeddable":true,"href":"https:\/\/arttherapyfestival.org\/cs\/wp-json\/wp\/v2\/users\/1"}],"replies":[{"embeddable":true,"href":"https:\/\/arttherapyfestival.org\/cs\/wp-json\/wp\/v2\/comments?post=979"}],"version-history":[{"count":4,"href":"https:\/\/arttherapyfestival.org\/cs\/wp-json\/wp\/v2\/pages\/979\/revisions"}],"predecessor-version":[{"id":1510,"href":"https:\/\/arttherapyfestival.org\/cs\/wp-json\/wp\/v2\/pages\/979\/revisions\/1510"}],"wp:attachment":[{"href":"https:\/\/arttherapyfestival.org\/cs\/wp-json\/wp\/v2\/media?parent=979"}],"curies":[{"name":"wp","href":"https:\/\/api.w.org\/{rel}","templated":true}]}}