{"id":976,"date":"2024-11-04T10:32:09","date_gmt":"2024-11-04T10:32:09","guid":{"rendered":"https:\/\/arttherapyfestival.org\/partneri\/"},"modified":"2025-09-23T16:38:45","modified_gmt":"2025-09-23T16:38:45","slug":"partneri","status":"publish","type":"page","link":"https:\/\/arttherapyfestival.org\/cs\/partneri\/","title":{"rendered":"Partne\u0159i"},"content":{"rendered":"<p>[et_pb_section fb_built=&#8220;1&#8243; admin_label=&#8220;Services&#8220; _builder_version=&#8220;4.27.2&#8243; _module_preset=&#8220;default&#8220; background_color=&#8220;gcid-ae2718f9-596d-4e4c-a089-a3606cb7bdc2&#8243; use_background_color_gradient=&#8220;on&#8220; background_color_gradient_stops=&#8220;#f3f5f8 0%|#ffffff 99%&#8220; da_disable_devices=&#8220;off|off|off&#8220; locked=&#8220;off&#8220; collapsed=&#8220;on&#8220; global_colors_info=&#8220;{%22gcid-ae2718f9-596d-4e4c-a089-a3606cb7bdc2%22:%91%22background_color%22%93}&#8220; da_is_popup=&#8220;off&#8220; da_exit_intent=&#8220;off&#8220; da_has_close=&#8220;on&#8220; da_alt_close=&#8220;off&#8220; da_dark_close=&#8220;off&#8220; da_not_modal=&#8220;on&#8220; da_is_singular=&#8220;off&#8220; da_with_loader=&#8220;off&#8220; da_has_shadow=&#8220;on&#8220;][et_pb_row _builder_version=&#8220;4.27.2&#8243; _module_preset=&#8220;default&#8220; global_colors_info=&#8220;{}&#8220;][et_pb_column type=&#8220;4_4&#8243; _builder_version=&#8220;4.23.2&#8243; _module_preset=&#8220;default&#8220; global_colors_info=&#8220;{}&#8220;][et_pb_text _builder_version=&#8220;4.27.2&#8243; _module_preset=&#8220;4142a97c-2c4b-4047-b950-575fd9e75ca3&#8243; header_text_color=&#8220;#470B57&#8243; header_font_size=&#8220;40px&#8220; header_2_text_color=&#8220;gcid-d15821fb-ca65-4f29-bfd5-ea044f046af4&#8243; text_orientation=&#8220;center&#8220; custom_margin=&#8220;||10px||false|false&#8220; global_colors_info=&#8220;{%22gcid-d15821fb-ca65-4f29-bfd5-ea044f046af4%22:%91%22header_2_text_color%22%93}&#8220;]<\/p>\n<h1 style=\"text-align: left;\">Partne\u0159i<\/h1>\n<p>[\/et_pb_text][et_pb_text _builder_version=&#8220;4.27.2&#8243; _module_preset=&#8220;_initial&#8220; text_text_color=&#8220;gcid-d15821fb-ca65-4f29-bfd5-ea044f046af4&#8243; text_orientation=&#8220;center&#8220; custom_margin=&#8220;18px|||||&#8220; global_colors_info=&#8220;{%22gcid-d15821fb-ca65-4f29-bfd5-ea044f046af4%22:%91%22text_text_color%22%93}&#8220;]<\/p>\n<p style=\"text-align: left;\"><span>Jsme r\u00e1di, \u017ee m\u016f\u017eeme vyu\u017e\u00edt t\u00e9to p\u0159\u00edle\u017eitosti a p\u0159edstavit a srde\u010dn\u011b pod\u011bkovat <br \/>v\u00e1\u017een\u00fdm partner\u016fm, kte\u0159\u00ed s n\u00e1mi laskav\u011b potvrdili spolupr\u00e1ci.<\/span><\/p>\n<p>[\/et_pb_text][\/et_pb_column][\/et_pb_row][et_pb_row column_structure=&#8220;1_3,1_3,1_3&#8243; _builder_version=&#8220;4.27.2&#8243; _module_preset=&#8220;default&#8220; locked=&#8220;off&#8220; global_colors_info=&#8220;{}&#8220;][et_pb_column type=&#8220;1_3&#8243; _builder_version=&#8220;4.23.2&#8243; _module_preset=&#8220;default&#8220; global_colors_info=&#8220;{}&#8220;][et_pb_blurb title=&#8220;Akademie Alternativa s.r.o.  &#8220; url=&#8220;https:\/\/www.akademiealternativa.cz\/&#8220; url_new_window=&#8220;on&#8220; image=&#8220;https:\/\/arttherapyfestival.org\/wp-content\/uploads\/2025\/01\/logo_AA-3.png&#8220; image_icon_width=&#8220;141%&#8220; _builder_version=&#8220;4.27.2&#8243; _module_preset=&#8220;0c426343-491d-477b-9dbb-0af204d437a6&#8243; header_level=&#8220;h5&#8243; header_font=&#8220;Poppins|600|||||||&#8220; header_text_align=&#8220;center&#8220; header_font_size=&#8220;19px&#8220; header_line_height=&#8220;1em&#8220; text_orientation=&#8220;center&#8220; link_option_url=&#8220;https:\/\/www.akademiealternativa.cz\/&#8220; link_option_url_new_window=&#8220;on&#8220; locked=&#8220;off&#8220; global_colors_info=&#8220;{%22gcid-d15821fb-ca65-4f29-bfd5-ea044f046af4%22:%91%22header_text_color%22%93}&#8220;][\/et_pb_blurb][\/et_pb_column][et_pb_column type=&#8220;1_3&#8243; _builder_version=&#8220;4.23.2&#8243; _module_preset=&#8220;default&#8220; global_colors_info=&#8220;{}&#8220;][et_pb_blurb title=&#8220;APSS \u010cR&#8220; url=&#8220;https:\/\/www.apsscr.cz\/&#8220; url_new_window=&#8220;on&#8220; image=&#8220;https:\/\/arttherapyfestival.org\/wp-content\/uploads\/2024\/11\/APSS_logo-2021_cmyk.png&#8220; image_icon_width=&#8220;100%&#8220; _builder_version=&#8220;4.27.2&#8243; _module_preset=&#8220;0c426343-491d-477b-9dbb-0af204d437a6&#8243; header_level=&#8220;h5&#8243; header_font=&#8220;Poppins|600|||||||&#8220; header_font_size=&#8220;19px&#8220; header_line_height=&#8220;1em&#8220; text_orientation=&#8220;center&#8220; link_option_url=&#8220;https:\/\/www.apsscr.cz\/&#8220; link_option_url_new_window=&#8220;on&#8220; locked=&#8220;off&#8220; global_colors_info=&#8220;{%22gcid-d15821fb-ca65-4f29-bfd5-ea044f046af4%22:%91%22header_text_color%22%93}&#8220;][\/et_pb_blurb][\/et_pb_column][et_pb_column type=&#8220;1_3&#8243; _builder_version=&#8220;4.23.2&#8243; _module_preset=&#8220;default&#8220; global_colors_info=&#8220;{}&#8220;][et_pb_blurb title=&#8220;um\u011bn\u00ed znovu pou\u017e\u00edt&#8220; url=&#8220;https:\/\/www.artreuse.cz\/&#8220; url_new_window=&#8220;on&#8220; image=&#8220;https:\/\/arttherapyfestival.org\/wp-content\/uploads\/2025\/09\/logo_kruh_yellow.png&#8220; image_icon_width=&#8220;67%&#8220; icon_alignment=&#8220;center&#8220; _builder_version=&#8220;4.27.2&#8243; _module_preset=&#8220;0c426343-491d-477b-9dbb-0af204d437a6&#8243; header_level=&#8220;h5&#8243; header_font=&#8220;Poppins|600|||||||&#8220; header_font_size=&#8220;19px&#8220; header_line_height=&#8220;1em&#8220; image_icon_custom_margin=&#8220;||14px||false|false&#8220; text_orientation=&#8220;center&#8220; link_option_url=&#8220;https:\/\/www.artreuse.cz\/&#8220; link_option_url_new_window=&#8220;on&#8220; locked=&#8220;off&#8220; global_colors_info=&#8220;{%22gcid-d15821fb-ca65-4f29-bfd5-ea044f046af4%22:%91%22header_text_color%22%93}&#8220;]<\/p>\n<p>D\u011bkujeme za poskytnut\u00ed materi\u00e1l\u016f pot\u0159ebn\u00fdch pro WATF 2025.<\/p>\n<p>[\/et_pb_blurb][\/et_pb_column][\/et_pb_row][et_pb_row column_structure=&#8220;1_3,1_3,1_3&#8243; _builder_version=&#8220;4.27.2&#8243; _module_preset=&#8220;default&#8220; custom_padding=&#8220;||0px|||&#8220; locked=&#8220;off&#8220; global_colors_info=&#8220;{}&#8220;][et_pb_column type=&#8220;1_3&#8243; _builder_version=&#8220;4.23.2&#8243; _module_preset=&#8220;default&#8220; global_colors_info=&#8220;{}&#8220;][et_pb_blurb title=&#8220;CENTRUM PARAPLE&#8220; url=&#8220;https:\/\/www.paraple.cz\/&#8220; url_new_window=&#8220;on&#8220; image=&#8220;https:\/\/arttherapyfestival.org\/wp-content\/uploads\/2025\/09\/Paraple-Logo.png&#8220; image_icon_width=&#8220;100%&#8220; _builder_version=&#8220;4.27.2&#8243; _module_preset=&#8220;0c426343-491d-477b-9dbb-0af204d437a6&#8243; header_level=&#8220;h5&#8243; header_font=&#8220;Poppins|600|||||||&#8220; header_font_size=&#8220;19px&#8220; header_line_height=&#8220;3.3em&#8220; image_icon_custom_margin=&#8220;||||false|false&#8220; image_icon_custom_padding=&#8220;||||false|false&#8220; text_orientation=&#8220;center&#8220; link_option_url=&#8220;https:\/\/www.paraple.cz\/&#8220; link_option_url_new_window=&#8220;on&#8220; locked=&#8220;off&#8220; global_colors_info=&#8220;{%22gcid-d15821fb-ca65-4f29-bfd5-ea044f046af4%22:%91%22header_text_color%22%93}&#8220;][\/et_pb_blurb][\/et_pb_column][et_pb_column type=&#8220;1_3&#8243; _builder_version=&#8220;4.23.2&#8243; _module_preset=&#8220;default&#8220; global_colors_info=&#8220;{}&#8220;][et_pb_blurb title=&#8220;D\u011btsk\u00fd domov Lipov\u00e1 u \u0160luknova&#8220; url=&#8220;https:\/\/www.ddlip.cz\/cz\/&#8220; url_new_window=&#8220;on&#8220; image=&#8220;https:\/\/arttherapyfestival.org\/wp-content\/uploads\/2025\/09\/ddlipova-1.png&#8220; image_icon_width=&#8220;60%&#8220; _builder_version=&#8220;4.27.2&#8243; _module_preset=&#8220;0c426343-491d-477b-9dbb-0af204d437a6&#8243; header_level=&#8220;h5&#8243; header_font=&#8220;Poppins|600|||||||&#8220; header_font_size=&#8220;19px&#8220; header_line_height=&#8220;1em&#8220; image_icon_custom_margin=&#8220;||-75px||false|false&#8220; image_icon_custom_padding=&#8220;||||false|false&#8220; text_orientation=&#8220;center&#8220; link_option_url=&#8220;https:\/\/www.ddlip.cz\/cz\/&#8220; link_option_url_new_window=&#8220;on&#8220; hover_enabled=&#8220;0&#8243; locked=&#8220;off&#8220; global_colors_info=&#8220;{%22gcid-d15821fb-ca65-4f29-bfd5-ea044f046af4%22:%91%22header_text_color%22%93}&#8220; title_text=&#8220;ddlipova (1)&#8220; icon_alignment=&#8220;center&#8220; sticky_enabled=&#8220;0&#8243;][\/et_pb_blurb][\/et_pb_column][et_pb_column type=&#8220;1_3&#8243; _builder_version=&#8220;4.23.2&#8243; _module_preset=&#8220;default&#8220; global_colors_info=&#8220;{}&#8220;][et_pb_blurb title=&#8220;In\u0161tit\u00fat umeleck\u00fdch terapi\u00ed s.r.o.&#8220; url_new_window=&#8220;on&#8220; image=&#8220;https:\/\/arttherapyfestival.org\/wp-content\/uploads\/2025\/01\/IUT-color-1.png&#8220; image_icon_width=&#8220;100%&#8220; _builder_version=&#8220;4.27.2&#8243; _module_preset=&#8220;0c426343-491d-477b-9dbb-0af204d437a6&#8243; header_level=&#8220;h5&#8243; header_font=&#8220;Poppins|600|||||||&#8220; header_font_size=&#8220;19px&#8220; header_line_height=&#8220;1.2em&#8220; image_icon_custom_margin=&#8220;||||false|false&#8220; image_icon_custom_padding=&#8220;30px||15px||false|false&#8220; text_orientation=&#8220;center&#8220; link_option_url_new_window=&#8220;on&#8220; locked=&#8220;off&#8220; global_colors_info=&#8220;{%22gcid-d15821fb-ca65-4f29-bfd5-ea044f046af4%22:%91%22header_text_color%22%93}&#8220;][\/et_pb_blurb][\/et_pb_column][\/et_pb_row][et_pb_row column_structure=&#8220;1_3,1_3,1_3&#8243; _builder_version=&#8220;4.27.2&#8243; _module_preset=&#8220;default&#8220; custom_padding=&#8220;||0px|||&#8220; locked=&#8220;off&#8220; global_colors_info=&#8220;{}&#8220;][et_pb_column type=&#8220;1_3&#8243; _builder_version=&#8220;4.23.2&#8243; _module_preset=&#8220;default&#8220; global_colors_info=&#8220;{}&#8220;][et_pb_blurb title=&#8220;NAYAVITA&#8220; url=&#8220;https:\/\/nayavita.com\/yoga&#8220; url_new_window=&#8220;on&#8220; image=&#8220;https:\/\/arttherapyfestival.org\/wp-content\/uploads\/2024\/11\/NAYAVITA-yoga-1.png&#8220; image_icon_width=&#8220;100%&#8220; _builder_version=&#8220;4.27.2&#8243; _module_preset=&#8220;0c426343-491d-477b-9dbb-0af204d437a6&#8243; header_level=&#8220;h5&#8243; header_font=&#8220;Poppins|600|||||||&#8220; header_font_size=&#8220;19px&#8220; header_line_height=&#8220;5.4em&#8220; image_icon_custom_margin=&#8220;||||false|false&#8220; image_icon_custom_padding=&#8220;80px||||false|false&#8220; text_orientation=&#8220;center&#8220; link_option_url=&#8220;https:\/\/nayavita.com\/yoga&#8220; link_option_url_new_window=&#8220;on&#8220; locked=&#8220;off&#8220; global_colors_info=&#8220;{%22gcid-d15821fb-ca65-4f29-bfd5-ea044f046af4%22:%91%22header_text_color%22%93}&#8220;][\/et_pb_blurb][\/et_pb_column][et_pb_column type=&#8220;1_3&#8243; _builder_version=&#8220;4.23.2&#8243; _module_preset=&#8220;default&#8220; global_colors_info=&#8220;{}&#8220;][et_pb_blurb title=&#8220;VYDAVATELSTV\u00cd PASPARTA&#8220; url=&#8220;https:\/\/www.pasparta.cz\/&#8220; url_new_window=&#8220;on&#8220; image=&#8220;https:\/\/arttherapyfestival.org\/wp-content\/uploads\/2025\/09\/logo_pasparta_2025-07-1.png&#8220; image_icon_width=&#8220;92%&#8220; _builder_version=&#8220;4.27.2&#8243; _module_preset=&#8220;0c426343-491d-477b-9dbb-0af204d437a6&#8243; header_level=&#8220;h5&#8243; header_font=&#8220;Poppins|600|||||||&#8220; header_font_size=&#8220;19px&#8220; header_line_height=&#8220;5.4em&#8220; image_icon_custom_margin=&#8220;||||false|false&#8220; image_icon_custom_padding=&#8220;83px||47px||false|false&#8220; text_orientation=&#8220;center&#8220; link_option_url=&#8220;https:\/\/www.pasparta.cz\/&#8220; link_option_url_new_window=&#8220;on&#8220; hover_enabled=&#8220;0&#8243; locked=&#8220;off&#8220; global_colors_info=&#8220;{%22gcid-d15821fb-ca65-4f29-bfd5-ea044f046af4%22:%91%22header_text_color%22%93}&#8220; title_text=&#8220;logo_pasparta_2025-07 (1)&#8220; icon_alignment=&#8220;center&#8220; sticky_enabled=&#8220;0&#8243;][\/et_pb_blurb][\/et_pb_column][et_pb_column type=&#8220;1_3&#8243; _builder_version=&#8220;4.23.2&#8243; _module_preset=&#8220;default&#8220; global_colors_info=&#8220;{}&#8220;][et_pb_blurb title=&#8220;PSYCHIATRICK\u00c1 NEMOCNICE BOHNICE&#8220; url=&#8220;https:\/\/bohnice.cz\/&#8220; url_new_window=&#8220;on&#8220; image=&#8220;https:\/\/arttherapyfestival.org\/wp-content\/uploads\/2025\/09\/pnb-cmyk.png&#8220; image_icon_width=&#8220;100%&#8220; icon_alignment=&#8220;center&#8220; _builder_version=&#8220;4.27.2&#8243; _module_preset=&#8220;0c426343-491d-477b-9dbb-0af204d437a6&#8243; header_level=&#8220;h5&#8243; header_font=&#8220;Poppins|600|||||||&#8220; header_font_size=&#8220;19px&#8220; header_line_height=&#8220;1.3em&#8220; image_icon_custom_margin=&#8220;||||false|false&#8220; image_icon_custom_padding=&#8220;75px||60px||false|false&#8220; text_orientation=&#8220;center&#8220; custom_margin=&#8220;||||false|false&#8220; custom_padding=&#8220;20px|20px||20px|false|true&#8220; link_option_url=&#8220;https:\/\/bohnice.cz\/&#8220; link_option_url_new_window=&#8220;on&#8220; hover_enabled=&#8220;0&#8243; locked=&#8220;off&#8220; global_colors_info=&#8220;{%22gcid-d15821fb-ca65-4f29-bfd5-ea044f046af4%22:%91%22header_text_color%22%93}&#8220; sticky_enabled=&#8220;0&#8243;][\/et_pb_blurb][\/et_pb_column][\/et_pb_row][et_pb_row column_structure=&#8220;1_3,1_3,1_3&#8243; _builder_version=&#8220;4.27.2&#8243; _module_preset=&#8220;default&#8220; custom_padding=&#8220;0px|||||&#8220; locked=&#8220;off&#8220; global_colors_info=&#8220;{}&#8220;][et_pb_column type=&#8220;1_3&#8243; _builder_version=&#8220;4.23.2&#8243; _module_preset=&#8220;default&#8220; global_colors_info=&#8220;{}&#8220;][et_pb_blurb title=&#8220;Teva centrum s.r.o. (CZ)&#8220; url=&#8220;https:\/\/tevacentrum.cz\/&#8220; url_new_window=&#8220;on&#8220; image=&#8220;https:\/\/arttherapyfestival.org\/wp-content\/uploads\/2025\/01\/TEVA-color-2.png&#8220; image_icon_width=&#8220;100%&#8220; _builder_version=&#8220;4.27.2&#8243; _module_preset=&#8220;0c426343-491d-477b-9dbb-0af204d437a6&#8243; header_level=&#8220;h5&#8243; header_font=&#8220;Poppins|600|||||||&#8220; header_text_align=&#8220;center&#8220; header_font_size=&#8220;19px&#8220; header_line_height=&#8220;5em&#8220; image_icon_custom_margin=&#8220;||||false|false&#8220; image_icon_custom_padding=&#8220;27px||||false|false&#8220; text_orientation=&#8220;center&#8220; link_option_url=&#8220;https:\/\/tevacentrum.cz\/&#8220; link_option_url_new_window=&#8220;on&#8220; locked=&#8220;off&#8220; global_colors_info=&#8220;{%22gcid-d15821fb-ca65-4f29-bfd5-ea044f046af4%22:%91%22header_text_color%22%93}&#8220;][\/et_pb_blurb][\/et_pb_column][et_pb_column type=&#8220;1_3&#8243; _builder_version=&#8220;4.23.2&#8243; _module_preset=&#8220;default&#8220; global_colors_info=&#8220;{}&#8220;][et_pb_blurb title=&#8220;Teva centrum s.r.o. (SK)&#8220; url=&#8220;https:\/\/tevacentrum.sk\/&#8220; url_new_window=&#8220;on&#8220; image=&#8220;https:\/\/arttherapyfestival.org\/wp-content\/uploads\/2025\/01\/TEVA-color-2.png&#8220; image_icon_width=&#8220;100%&#8220; _builder_version=&#8220;4.27.2&#8243; _module_preset=&#8220;0c426343-491d-477b-9dbb-0af204d437a6&#8243; header_level=&#8220;h5&#8243; header_font=&#8220;Poppins|600|||||||&#8220; header_text_align=&#8220;center&#8220; header_font_size=&#8220;19px&#8220; header_line_height=&#8220;5em&#8220; image_icon_custom_margin=&#8220;||||false|false&#8220; image_icon_custom_padding=&#8220;27px||||false|false&#8220; text_orientation=&#8220;center&#8220; link_option_url=&#8220;https:\/\/tevacentrum.sk\/&#8220; link_option_url_new_window=&#8220;on&#8220; locked=&#8220;off&#8220; global_colors_info=&#8220;{%22gcid-d15821fb-ca65-4f29-bfd5-ea044f046af4%22:%91%22header_text_color%22%93}&#8220;][\/et_pb_blurb][\/et_pb_column][et_pb_column type=&#8220;1_3&#8243; _builder_version=&#8220;4.23.2&#8243; _module_preset=&#8220;default&#8220; global_colors_info=&#8220;{}&#8220;][et_pb_blurb title=&#8220;VOJTA KOSOBUD&#8220; url=&#8220;https:\/\/vojtakosobud.com\/&#8220; url_new_window=&#8220;on&#8220; image=&#8220;https:\/\/arttherapyfestival.org\/wp-content\/uploads\/2025\/03\/Vojta-Kosobud_logo-1.png&#8220; image_icon_width=&#8220;70%&#8220; icon_alignment=&#8220;center&#8220; _builder_version=&#8220;4.27.2&#8243; _module_preset=&#8220;0c426343-491d-477b-9dbb-0af204d437a6&#8243; header_level=&#8220;h5&#8243; header_font=&#8220;Poppins|600|||||||&#8220; header_text_align=&#8220;center&#8220; header_font_size=&#8220;19px&#8220; header_line_height=&#8220;3.9em&#8220; image_icon_custom_margin=&#8220;||||false|false&#8220; image_icon_custom_padding=&#8220;112px||||false|false&#8220; text_orientation=&#8220;center&#8220; custom_margin=&#8220;-50px||||false|false&#8220; custom_padding=&#8220;0px|20px|0px|20px|true|true&#8220; link_option_url=&#8220;https:\/\/vojtakosobud.com\/&#8220; link_option_url_new_window=&#8220;on&#8220; hover_enabled=&#8220;0&#8243; locked=&#8220;off&#8220; global_colors_info=&#8220;{%22gcid-d15821fb-ca65-4f29-bfd5-ea044f046af4%22:%91%22header_text_color%22%93}&#8220; custom_padding__hover_enabled=&#8220;off|desktop&#8220; sticky_enabled=&#8220;0&#8243;][\/et_pb_blurb][\/et_pb_column][\/et_pb_row][et_pb_row column_structure=&#8220;1_3,1_3,1_3&#8243; _builder_version=&#8220;4.24.2&#8243; _module_preset=&#8220;default&#8220; locked=&#8220;off&#8220; global_colors_info=&#8220;{}&#8220;][et_pb_column type=&#8220;1_3&#8243; _builder_version=&#8220;4.23.2&#8243; _module_preset=&#8220;default&#8220; global_colors_info=&#8220;{}&#8220;][et_pb_blurb title=&#8220;VOZKA&#8220; url=&#8220;https:\/\/www.vozka.org\/&#8220; url_new_window=&#8220;on&#8220; image=&#8220;https:\/\/arttherapyfestival.org\/wp-content\/uploads\/2025\/02\/Logo-VOZKA-1.png&#8220; image_icon_width=&#8220;80%&#8220; icon_alignment=&#8220;center&#8220; _builder_version=&#8220;4.27.2&#8243; _module_preset=&#8220;0c426343-491d-477b-9dbb-0af204d437a6&#8243; header_level=&#8220;h5&#8243; header_font=&#8220;Poppins|600|||||||&#8220; header_text_align=&#8220;center&#8220; header_font_size=&#8220;19px&#8220; header_line_height=&#8220;7.3em&#8220; image_icon_custom_margin=&#8220;||||false|false&#8220; image_icon_custom_padding=&#8220;100px||||false|false&#8220; text_orientation=&#8220;center&#8220; link_option_url=&#8220;https:\/\/www.vozka.org\/&#8220; link_option_url_new_window=&#8220;on&#8220; locked=&#8220;off&#8220; global_colors_info=&#8220;{%22gcid-d15821fb-ca65-4f29-bfd5-ea044f046af4%22:%91%22header_text_color%22%93}&#8220;][\/et_pb_blurb][\/et_pb_column][et_pb_column type=&#8220;1_3&#8243; _builder_version=&#8220;4.23.2&#8243; _module_preset=&#8220;default&#8220; global_colors_info=&#8220;{}&#8220;][et_pb_blurb title=&#8220;UKF proti Nitre&#8220; url=&#8220;https:\/\/www.pf.ukf.sk\/sk\/&#8220; url_new_window=&#8220;on&#8220; image=&#8220;https:\/\/arttherapyfestival.org\/wp-content\/uploads\/2025\/09\/loga-pf-ukf-black.png&#8220; image_icon_width=&#8220;83%&#8220; icon_alignment=&#8220;center&#8220; _builder_version=&#8220;4.27.2&#8243; _module_preset=&#8220;0c426343-491d-477b-9dbb-0af204d437a6&#8243; header_level=&#8220;h5&#8243; header_font=&#8220;Poppins|600|||||||&#8220; header_text_align=&#8220;center&#8220; header_font_size=&#8220;19px&#8220; header_line_height=&#8220;0em&#8220; image_icon_custom_margin=&#8220;-40px||||false|false&#8220; image_icon_custom_padding=&#8220;||||false|false&#8220; text_orientation=&#8220;center&#8220; custom_margin=&#8220;||||false|false&#8220; custom_padding=&#8220;50px|20px||20px|false|true&#8220; link_option_url=&#8220;https:\/\/www.pf.ukf.sk\/sk\/&#8220; link_option_url_new_window=&#8220;on&#8220; locked=&#8220;off&#8220; global_colors_info=&#8220;{%22gcid-d15821fb-ca65-4f29-bfd5-ea044f046af4%22:%91%22header_text_color%22%93}&#8220; custom_padding__hover_enabled=&#8220;off|desktop&#8220;][\/et_pb_blurb][\/et_pb_column][et_pb_column type=&#8220;1_3&#8243; _builder_version=&#8220;4.23.2&#8243; _module_preset=&#8220;default&#8220; global_colors_info=&#8220;{}&#8220;][\/et_pb_column][\/et_pb_row][\/et_pb_section]<\/p>\n","protected":false},"excerpt":{"rendered":"<p>Partne\u0159iJsme r\u00e1di, \u017ee m\u016f\u017eeme vyu\u017e\u00edt t\u00e9to p\u0159\u00edle\u017eitosti a p\u0159edstavit a srde\u010dn\u011b pod\u011bkovat v\u00e1\u017een\u00fdm partner\u016fm, kte\u0159\u00ed s n\u00e1mi laskav\u011b potvrdili spolupr\u00e1ci.D\u011bkujeme za poskytnut\u00ed materi\u00e1l\u016f pot\u0159ebn\u00fdch pro WATF 2025.<\/p>\n","protected":false},"author":1,"featured_media":0,"parent":0,"menu_order":0,"comment_status":"closed","ping_status":"closed","template":"","meta":{"_et_pb_use_builder":"on","_et_pb_old_content":"","_et_gb_content_width":"","footnotes":""},"class_list":["post-976","page","type-page","status-publish","hentry"],"_links":{"self":[{"href":"https:\/\/arttherapyfestival.org\/cs\/wp-json\/wp\/v2\/pages\/976","targetHints":{"allow":["GET"]}}],"collection":[{"href":"https:\/\/arttherapyfestival.org\/cs\/wp-json\/wp\/v2\/pages"}],"about":[{"href":"https:\/\/arttherapyfestival.org\/cs\/wp-json\/wp\/v2\/types\/page"}],"author":[{"embeddable":true,"href":"https:\/\/arttherapyfestival.org\/cs\/wp-json\/wp\/v2\/users\/1"}],"replies":[{"embeddable":true,"href":"https:\/\/arttherapyfestival.org\/cs\/wp-json\/wp\/v2\/comments?post=976"}],"version-history":[{"count":18,"href":"https:\/\/arttherapyfestival.org\/cs\/wp-json\/wp\/v2\/pages\/976\/revisions"}],"predecessor-version":[{"id":2432,"href":"https:\/\/arttherapyfestival.org\/cs\/wp-json\/wp\/v2\/pages\/976\/revisions\/2432"}],"wp:attachment":[{"href":"https:\/\/arttherapyfestival.org\/cs\/wp-json\/wp\/v2\/media?parent=976"}],"curies":[{"name":"wp","href":"https:\/\/api.w.org\/{rel}","templated":true}]}}