{"id":2460,"date":"2025-09-23T20:59:08","date_gmt":"2025-09-23T20:59:08","guid":{"rendered":"https:\/\/arttherapyfestival.org\/abstrakt-kniha\/"},"modified":"2025-10-02T11:32:51","modified_gmt":"2025-10-02T11:32:51","slug":"abstrakt-kniha","status":"publish","type":"page","link":"https:\/\/arttherapyfestival.org\/cs\/abstrakt-kniha\/","title":{"rendered":"Kniha abstrakt\u016f"},"content":{"rendered":"<p>[et_pb_section fb_built=&#8220;1&#8243; admin_label=&#8220;Header &#038; Pricing&#8220; _builder_version=&#8220;4.27.2&#8243; _module_preset=&#8220;default&#8220; use_background_color_gradient=&#8220;on&#8220; background_color_gradient_stops=&#8220;#f3edff 0%|#ffffff 100%&#8220; background_image=&#8220;https:\/\/arttherapyfestival.org\/wp-content\/uploads\/2024\/10\/wolfskin13_statue_colorful_art_art_figures_or_symbols_dance_pai_8ac28ab8-59e8-44b3-a049-faac17b3f2173.jpg&#8220; background_position=&#8220;bottom_center&#8220; background_blend=&#8220;overlay&#8220; min_height=&#8220;725.7px&#8220; overflow-x=&#8220;hidden&#8220; overflow-y=&#8220;hidden&#8220; custom_padding=&#8220;||0px|||&#8220; da_disable_devices=&#8220;off|off|off&#8220; collapsed=&#8220;on&#8220; global_colors_info=&#8220;{}&#8220; da_is_popup=&#8220;off&#8220; da_exit_intent=&#8220;off&#8220; da_has_close=&#8220;on&#8220; da_alt_close=&#8220;off&#8220; da_dark_close=&#8220;off&#8220; da_not_modal=&#8220;on&#8220; da_is_singular=&#8220;off&#8220; da_with_loader=&#8220;off&#8220; da_has_shadow=&#8220;on&#8220;][et_pb_row make_equal=&#8220;on&#8220; _builder_version=&#8220;4.27.2&#8243; _module_preset=&#8220;default&#8220; custom_padding=&#8220;||0px|||&#8220; locked=&#8220;off&#8220; global_colors_info=&#8220;{}&#8220;][et_pb_column type=&#8220;4_4&#8243; _builder_version=&#8220;4.23.2&#8243; _module_preset=&#8220;default&#8220; global_colors_info=&#8220;{}&#8220;][et_pb_text _builder_version=&#8220;4.27.2&#8243; _module_preset=&#8220;_initial&#8220; header_text_color=&#8220;gcid-d15821fb-ca65-4f29-bfd5-ea044f046af4&#8243; header_font_size=&#8220;40px&#8220; global_colors_info=&#8220;{%22gcid-d15821fb-ca65-4f29-bfd5-ea044f046af4%22:%91%22header_text_color%22%93}&#8220;]<\/p>\n<h1><strong>KNIHA ABSTRAKT\u016e<\/strong><\/h1>\n<p>[\/et_pb_text][\/et_pb_column][\/et_pb_row][et_pb_row column_structure=&#8220;2_5,3_5&#8243; _builder_version=&#8220;4.27.2&#8243; _module_preset=&#8220;default&#8220; custom_margin=&#8220;13px|auto||auto||&#8220; custom_padding=&#8220;||19px|||&#8220; global_colors_info=&#8220;{}&#8220;][et_pb_column type=&#8220;2_5&#8243; _builder_version=&#8220;4.27.2&#8243; _module_preset=&#8220;default&#8220; global_colors_info=&#8220;{}&#8220;][et_pb_text _builder_version=&#8220;4.27.2&#8243; _module_preset=&#8220;default&#8220; global_colors_info=&#8220;{}&#8220; custom_margin=&#8220;||12px|||&#8220;]<\/p>\n<p data-start=\"53\" data-end=\"198\" style=\"text-align: justify;\">Projd\u011bte si celou knihu abstrakt\u016f WATF 2025 ve form\u00e1tu PDF, kter\u00e1 obsahuje podrobn\u00fd p\u0159ehled zaj\u00edmav\u00fdch akc\u00ed, zased\u00e1n\u00ed a workshop\u016f festivalu.<\/p>\n<p data-start=\"200\" data-end=\"427\" style=\"text-align: justify;\">Knihu abstrakt\u016f si m\u016f\u017eete prohl\u00e9dnout p\u0159\u00edmo na t\u00e9to str\u00e1nce nebo si jej snadno st\u00e1hnout pro offline p\u0159\u00edstup. Proch\u00e1zen\u00edm komplexn\u00ed knihy abstrakt\u016f z\u00edsk\u00e1te informace o programu, hlavn\u00edch \u0159e\u010dn\u00edc\u00edch, prezentac\u00edch a workshopech. <\/p>\n<p>[\/et_pb_text][et_pb_text _builder_version=&#8220;4.27.2&#8243; _module_preset=&#8220;default&#8220; hover_enabled=&#8220;0&#8243; sticky_enabled=&#8220;0&#8243; custom_margin=&#8220;||24px|||&#8220;]<\/p>\n<p><em>Aktualizov\u00e1no ke dni: 29. z\u00e1\u0159\u00ed 2025<\/em><\/p>\n<p>[\/et_pb_text][et_pb_button button_url=&#8220;https:\/\/arttherapyfestival.org\/wp-content\/uploads\/2025\/10\/WATF2025-ab-r14-FINAL-29.9.2025.pdf&#8220; url_new_window=&#8220;on&#8220; button_text=&#8220;OTEV\u0158\u00cdT \/ ST\u00c1HNOUT KNIHU V PDF&#8220; _builder_version=&#8220;4.27.2&#8243; _module_preset=&#8220;default&#8220; custom_button=&#8220;on&#8220; button_text_size=&#8220;18.5px&#8220; button_text_color=&#8220;gcid-heading-color&#8220; button_border_radius=&#8220;100px&#8220; hover_enabled=&#8220;0&#8243; global_colors_info=&#8220;{%22gcid-heading-color%22:%91%22button_text_color%22%93}&#8220; sticky_enabled=&#8220;0&#8243;][\/et_pb_button][\/et_pb_column][et_pb_column type=&#8220;3_5&#8243; _builder_version=&#8220;4.27.2&#8243; _module_preset=&#8220;default&#8220; global_colors_info=&#8220;{}&#8220;][et_pb_image src=&#8220;https:\/\/arttherapyfestival.org\/wp-content\/uploads\/2025\/09\/Bifold_A4_Mockup-PEC-3.png&#8220; title_text=&#8220;Bifold_A4_Mockup-PEC (3)&#8220; url=&#8220;https:\/\/arttherapyfestival.org\/wp-content\/uploads\/2025\/10\/WATF2025-ab-r14-FINAL-29.9.2025.pdf&#8220; url_new_window=&#8220;on&#8220; _builder_version=&#8220;4.27.2&#8243; _module_preset=&#8220;default&#8220; transform_scale_last_edited=&#8220;off|desktop&#8220; transform_translate_last_edited=&#8220;off|desktop&#8220; transform_rotate_last_edited=&#8220;off|desktop&#8220; transform_skew_last_edited=&#8220;off|desktop&#8220; transform_origin_last_edited=&#8220;off|desktop&#8220; transform_styles_last_edited=&#8220;off|desktop&#8220; custom_margin=&#8220;-114px|||||&#8220; hover_enabled=&#8220;0&#8243; global_colors_info=&#8220;{}&#8220; transform_styles__hover_enabled=&#8220;on|hover&#8220; transform_scale__hover_enabled=&#8220;on|hover&#8220; transform_translate__hover_enabled=&#8220;on|desktop&#8220; transform_rotate__hover_enabled=&#8220;on|desktop&#8220; transform_skew__hover_enabled=&#8220;on|desktop&#8220; transform_origin__hover_enabled=&#8220;on|desktop&#8220; transform_scale__hover=&#8220;105%|105%&#8220; sticky_enabled=&#8220;0&#8243;][\/et_pb_image][\/et_pb_column][\/et_pb_row][\/et_pb_section]<\/p>\n","protected":false},"excerpt":{"rendered":"<p>KNIHA ABSTRAKT\u016eProjd\u011bte si celou knihu abstrakt\u016f WATF 2025 ve form\u00e1tu PDF, kter\u00e1 obsahuje podrobn\u00fd p\u0159ehled zaj\u00edmav\u00fdch akc\u00ed, zased\u00e1n\u00ed a workshop\u016f festivalu. Knihu abstrakt\u016f si m\u016f\u017eete prohl\u00e9dnout p\u0159\u00edmo na t\u00e9to str\u00e1nce nebo si jej snadno st\u00e1hnout pro offline p\u0159\u00edstup. Proch\u00e1zen\u00edm komplexn\u00ed knihy abstrakt\u016f z\u00edsk\u00e1te informace o programu, hlavn\u00edch \u0159e\u010dn\u00edc\u00edch, prezentac\u00edch a workshopech. Aktualizov\u00e1no ke dni: 29. [&hellip;]<\/p>\n","protected":false},"author":1,"featured_media":0,"parent":0,"menu_order":0,"comment_status":"closed","ping_status":"closed","template":"","meta":{"_et_pb_use_builder":"on","_et_pb_old_content":"","_et_gb_content_width":"","footnotes":""},"class_list":["post-2460","page","type-page","status-publish","hentry"],"_links":{"self":[{"href":"https:\/\/arttherapyfestival.org\/cs\/wp-json\/wp\/v2\/pages\/2460","targetHints":{"allow":["GET"]}}],"collection":[{"href":"https:\/\/arttherapyfestival.org\/cs\/wp-json\/wp\/v2\/pages"}],"about":[{"href":"https:\/\/arttherapyfestival.org\/cs\/wp-json\/wp\/v2\/types\/page"}],"author":[{"embeddable":true,"href":"https:\/\/arttherapyfestival.org\/cs\/wp-json\/wp\/v2\/users\/1"}],"replies":[{"embeddable":true,"href":"https:\/\/arttherapyfestival.org\/cs\/wp-json\/wp\/v2\/comments?post=2460"}],"version-history":[{"count":23,"href":"https:\/\/arttherapyfestival.org\/cs\/wp-json\/wp\/v2\/pages\/2460\/revisions"}],"predecessor-version":[{"id":2581,"href":"https:\/\/arttherapyfestival.org\/cs\/wp-json\/wp\/v2\/pages\/2460\/revisions\/2581"}],"wp:attachment":[{"href":"https:\/\/arttherapyfestival.org\/cs\/wp-json\/wp\/v2\/media?parent=2460"}],"curies":[{"name":"wp","href":"https:\/\/api.w.org\/{rel}","templated":true}]}}