{"id":2409,"date":"2025-09-19T10:10:54","date_gmt":"2025-09-19T10:10:54","guid":{"rendered":"https:\/\/arttherapyfestival.org\/festivalovy-pudorys\/"},"modified":"2025-09-25T20:36:53","modified_gmt":"2025-09-25T20:36:53","slug":"festivalovy-pudorys","status":"publish","type":"page","link":"https:\/\/arttherapyfestival.org\/cs\/festivalovy-pudorys\/","title":{"rendered":"Festivalov\u00fd p\u016fdorys"},"content":{"rendered":"<p>[et_pb_section fb_built=&#8220;1&#8243; admin_label=&#8220;Header &#038; Pricing&#8220; _builder_version=&#8220;4.27.2&#8243; _module_preset=&#8220;default&#8220; use_background_color_gradient=&#8220;on&#8220; background_color_gradient_stops=&#8220;#f1efff 0%|#ffffff 69%&#8220; overflow-x=&#8220;hidden&#8220; overflow-y=&#8220;hidden&#8220; custom_padding=&#8220;||2px|||&#8220; da_disable_devices=&#8220;off|off|off&#8220; collapsed=&#8220;on&#8220; global_colors_info=&#8220;{}&#8220; da_is_popup=&#8220;off&#8220; da_exit_intent=&#8220;off&#8220; da_has_close=&#8220;on&#8220; da_alt_close=&#8220;off&#8220; da_dark_close=&#8220;off&#8220; da_not_modal=&#8220;on&#8220; da_is_singular=&#8220;off&#8220; da_with_loader=&#8220;off&#8220; da_has_shadow=&#8220;on&#8220;][et_pb_row column_structure=&#8220;1_2,1_4,1_4&#8243; _builder_version=&#8220;4.27.2&#8243; _module_preset=&#8220;default&#8220; global_colors_info=&#8220;{}&#8220;][et_pb_column type=&#8220;1_2&#8243; _builder_version=&#8220;4.27.2&#8243; _module_preset=&#8220;default&#8220; global_colors_info=&#8220;{}&#8220;][et_pb_text module_id=&#8220;howtoregister&#8220; _builder_version=&#8220;4.27.2&#8243; _module_preset=&#8220;_initial&#8220; header_text_color=&#8220;gcid-d15821fb-ca65-4f29-bfd5-ea044f046af4&#8243; header_font_size=&#8220;40px&#8220; global_colors_info=&#8220;{%22gcid-d15821fb-ca65-4f29-bfd5-ea044f046af4%22:%91%22header_text_color%22%93}&#8220;]<\/p>\n<h1>P\u016eDORYS FESTIVALU<\/h1>\n<p>[\/et_pb_text][\/et_pb_column][et_pb_column type=&#8220;1_4&#8243; _builder_version=&#8220;4.27.2&#8243; _module_preset=&#8220;default&#8220; global_colors_info=&#8220;{}&#8220;][et_pb_image src=&#8220;https:\/\/arttherapyfestival.org\/wp-content\/uploads\/2025\/09\/logo-hamu.png&#8220; title_text=&#8220;logo-hamu&#8220; url=&#8220;https:\/\/arttherapyfestival.org\/cs\/misto-konani-a-jak-se-tam-dostat\/&#8220; url_new_window=&#8220;on&#8220; align=&#8220;center&#8220; _builder_version=&#8220;4.27.2&#8243; _module_preset=&#8220;default&#8220; width=&#8220;40%&#8220; module_alignment=&#8220;center&#8220; global_colors_info=&#8220;{}&#8220;][\/et_pb_image][\/et_pb_column][et_pb_column type=&#8220;1_4&#8243; _builder_version=&#8220;4.27.2&#8243; _module_preset=&#8220;default&#8220; global_colors_info=&#8220;{}&#8220;][et_pb_button button_url=&#8220;https:\/\/arttherapyfestival.org\/wp-content\/uploads\/2025\/09\/WATF25-Floorplans-FIN.pdf&#8220; url_new_window=&#8220;on&#8220; button_text=&#8220;ST\u00c1HNOUT PDF&#8220; _builder_version=&#8220;4.27.2&#8243; _module_preset=&#8220;default&#8220; custom_button=&#8220;on&#8220; button_text_color=&#8220;gcid-d15821fb-ca65-4f29-bfd5-ea044f046af4&#8243; button_border_radius=&#8220;100px&#8220; global_colors_info=&#8220;{%22gcid-d15821fb-ca65-4f29-bfd5-ea044f046af4%22:%91%22button_text_color%22%93}&#8220;][\/et_pb_button][\/et_pb_column][\/et_pb_row][et_pb_row make_equal=&#8220;on&#8220; _builder_version=&#8220;4.27.2&#8243; _module_preset=&#8220;default&#8220; custom_padding=&#8220;14px||0px|||&#8220; locked=&#8220;off&#8220; global_colors_info=&#8220;{}&#8220;][et_pb_column type=&#8220;4_4&#8243; _builder_version=&#8220;4.23.2&#8243; _module_preset=&#8220;default&#8220; global_colors_info=&#8220;{}&#8220;][et_pb_text _builder_version=&#8220;4.27.2&#8243; _module_preset=&#8220;default&#8220; global_colors_info=&#8220;{}&#8220;]<\/p>\n<p>Objevte p\u016fdorysy budovy HAMU! Prozkoumejte p\u016fdorysy a seznamte se s uspo\u0159\u00e1d\u00e1n\u00edm pokoj\u016f p\u0159edem, abyste si u\u017eili bezprobl\u00e9mov\u00fd z\u00e1\u017eitek. <\/p>\n<p>[\/et_pb_text][et_pb_divider color=&#8220;rgba(71,11,87,0.24)&#8220; divider_style=&#8220;dotted&#8220; divider_weight=&#8220;5px&#8220; _builder_version=&#8220;4.27.2&#8243; _module_preset=&#8220;default&#8220; custom_margin=&#8220;||-2px|||&#8220; global_module=&#8220;251&#8243; saved_tabs=&#8220;all&#8220; global_colors_info=&#8220;{}&#8220;][\/et_pb_divider][et_pb_text module_id=&#8220;registrationfees&#8220; _builder_version=&#8220;4.27.2&#8243; _module_preset=&#8220;_initial&#8220; header_text_color=&#8220;gcid-d15821fb-ca65-4f29-bfd5-ea044f046af4&#8243; header_font_size=&#8220;40px&#8220; custom_margin=&#8220;13px||40px||false|false&#8220; global_colors_info=&#8220;{%22gcid-d15821fb-ca65-4f29-bfd5-ea044f046af4%22:%91%22header_text_color%22%93}&#8220;]<\/p>\n<h2><strong>P\u0158\u00cdZEM\u00cd A -1. PATRO<\/strong><\/h2>\n<p>[\/et_pb_text][dipl_image_magnifier image=&#8220;https:\/\/arttherapyfestival.org\/wp-content\/uploads\/2025\/09\/WATF25-Floorplans-0-2.jpg&#8220; _builder_version=&#8220;4.27.2&#8243; _module_preset=&#8220;default&#8220; hover_enabled=&#8220;0&#8243; border_radii=&#8220;on|15px|15px|15px|15px&#8220; global_colors_info=&#8220;{}&#8220; title_text=&#8220;WATF25-Floorplans-0+&#8220; sticky_enabled=&#8220;0&#8243;][\/dipl_image_magnifier][et_pb_divider color=&#8220;rgba(71,11,87,0.24)&#8220; divider_style=&#8220;dotted&#8220; divider_weight=&#8220;5px&#8220; _builder_version=&#8220;4.27.2&#8243; _module_preset=&#8220;default&#8220; custom_margin=&#8220;||-2px|||&#8220; global_module=&#8220;251&#8243; saved_tabs=&#8220;all&#8220; global_colors_info=&#8220;{}&#8220;][\/et_pb_divider][et_pb_text module_id=&#8220;registrationfees&#8220; _builder_version=&#8220;4.27.2&#8243; _module_preset=&#8220;_initial&#8220; header_text_color=&#8220;gcid-d15821fb-ca65-4f29-bfd5-ea044f046af4&#8243; header_font_size=&#8220;40px&#8220; custom_margin=&#8220;13px||40px||false|false&#8220; global_colors_info=&#8220;{%22gcid-d15821fb-ca65-4f29-bfd5-ea044f046af4%22:%91%22header_text_color%22%93}&#8220;]<\/p>\n<h2><strong>PRVN\u00cd PATRO<\/strong><\/h2>\n<p>[\/et_pb_text][dipl_image_magnifier image=&#8220;https:\/\/arttherapyfestival.org\/wp-content\/uploads\/2025\/09\/WATF25-Floorplans-1-1.jpg&#8220; _builder_version=&#8220;4.27.2&#8243; _module_preset=&#8220;default&#8220; hover_enabled=&#8220;0&#8243; border_radii=&#8220;on|15px|15px|15px|15px&#8220; global_colors_info=&#8220;{}&#8220; title_text=&#8220;WATF25-Floorplans-1&#8243; sticky_enabled=&#8220;0&#8243;][\/dipl_image_magnifier][et_pb_divider color=&#8220;rgba(71,11,87,0.24)&#8220; divider_style=&#8220;dotted&#8220; divider_weight=&#8220;5px&#8220; _builder_version=&#8220;4.27.2&#8243; _module_preset=&#8220;default&#8220; custom_margin=&#8220;||-2px|||&#8220; global_module=&#8220;251&#8243; saved_tabs=&#8220;all&#8220; global_colors_info=&#8220;{}&#8220;][\/et_pb_divider][et_pb_text module_id=&#8220;socialprogramme&#8220; _builder_version=&#8220;4.27.2&#8243; _module_preset=&#8220;_initial&#8220; header_text_color=&#8220;gcid-d15821fb-ca65-4f29-bfd5-ea044f046af4&#8243; header_font_size=&#8220;40px&#8220; min_height=&#8220;38px&#8220; custom_margin=&#8220;16px||40px|||&#8220; global_colors_info=&#8220;{%22gcid-d15821fb-ca65-4f29-bfd5-ea044f046af4%22:%91%22header_text_color%22%93}&#8220;]<\/p>\n<h2><strong>DRUH\u00c9 PATRO<\/strong><\/h2>\n<p>[\/et_pb_text][dipl_image_magnifier image=&#8220;https:\/\/arttherapyfestival.org\/wp-content\/uploads\/2025\/09\/WATF25-Floorplans-2-1.jpg&#8220; _builder_version=&#8220;4.27.2&#8243; _module_preset=&#8220;default&#8220; hover_enabled=&#8220;0&#8243; border_radii=&#8220;on|15px|15px|15px|15px&#8220; global_colors_info=&#8220;{}&#8220; title_text=&#8220;WATF25-Floorplans-2&#8243; sticky_enabled=&#8220;0&#8243;][\/dipl_image_magnifier][\/et_pb_column][\/et_pb_row][\/et_pb_section]<\/p>\n","protected":false},"excerpt":{"rendered":"<p>P\u016eDORYS FESTIVALUObjevte p\u016fdorysy budovy HAMU! Prozkoumejte p\u016fdorysy a seznamte se s uspo\u0159\u00e1d\u00e1n\u00edm pokoj\u016f p\u0159edem, abyste si u\u017eili bezprobl\u00e9mov\u00fd z\u00e1\u017eitek. P\u0158\u00cdZEM\u00cd A -1. PATRO<div class=\"et_pb_module dipl_image_magnifier dipl_image_magnifier_0\">\n\t\t\t\t\n\t\t\t\t\n\t\t\t\t\n\t\t\t\t\n\t\t\t\t\n\t\t\t\t\n\t\t\t\t<div class=\"et_pb_module_inner\">\n\t\t\t\t\t<img decoding=\"async\" src=\"https:\/\/arttherapyfestival.org\/wp-content\/uploads\/2025\/09\/WATF25-Floorplans-0-2.jpg\" alt=\"\" data-magnify-src=\"https:\/\/arttherapyfestival.org\/wp-content\/uploads\/2025\/09\/WATF25-Floorplans-0-2.jpg\" data-magnify-speed=\"100\" srcset=\"https:\/\/arttherapyfestival.org\/wp-content\/uploads\/2025\/09\/WATF25-Floorplans-0-2.jpg 1920w, https:\/\/arttherapyfestival.org\/wp-content\/uploads\/2025\/09\/WATF25-Floorplans-0-2-1280x905.jpg 1280w, https:\/\/arttherapyfestival.org\/wp-content\/uploads\/2025\/09\/WATF25-Floorplans-0-2-980x693.jpg 980w, https:\/\/arttherapyfestival.org\/wp-content\/uploads\/2025\/09\/WATF25-Floorplans-0-2-480x339.jpg 480w\" sizes=\"(min-width: 0px) and (max-width: 480px) 480px, (min-width: 481px) and (max-width: 980px) 980px, (min-width: 981px) and (max-width: 1280px) 1280px, (min-width: 1281px) 1920px, 100vw\" class=\"zoom\" \/>\n\t\t\t\t<\/div>\n\t\t\t<\/div>PRVN\u00cd PATRO<div class=\"et_pb_module dipl_image_magnifier dipl_image_magnifier_1\">\n\t\t\t\t\n\t\t\t\t\n\t\t\t\t\n\t\t\t\t\n\t\t\t\t\n\t\t\t\t\n\t\t\t\t<div class=\"et_pb_module_inner\">\n\t\t\t\t\t<img decoding=\"async\" src=\"https:\/\/arttherapyfestival.org\/wp-content\/uploads\/2025\/09\/WATF25-Floorplans-1-1.jpg\" alt=\"\" data-magnify-src=\"https:\/\/arttherapyfestival.org\/wp-content\/uploads\/2025\/09\/WATF25-Floorplans-1-1.jpg\" data-magnify-speed=\"100\" srcset=\"https:\/\/arttherapyfestival.org\/wp-content\/uploads\/2025\/09\/WATF25-Floorplans-1-1.jpg 1920w, https:\/\/arttherapyfestival.org\/wp-content\/uploads\/2025\/09\/WATF25-Floorplans-1-1-1280x905.jpg 1280w, https:\/\/arttherapyfestival.org\/wp-content\/uploads\/2025\/09\/WATF25-Floorplans-1-1-980x693.jpg 980w, https:\/\/arttherapyfestival.org\/wp-content\/uploads\/2025\/09\/WATF25-Floorplans-1-1-480x339.jpg 480w\" sizes=\"(min-width: 0px) and (max-width: 480px) 480px, (min-width: 481px) and (max-width: 980px) 980px, (min-width: 981px) and (max-width: 1280px) 1280px, (min-width: 1281px) 1920px, 100vw\" class=\"zoom\" \/>\n\t\t\t\t<\/div>\n\t\t\t<\/div>DRUH\u00c9 PATRO<div class=\"et_pb_module dipl_image_magnifier dipl_image_magnifier_2\">\n\t\t\t\t\n\t\t\t\t\n\t\t\t\t\n\t\t\t\t\n\t\t\t\t\n\t\t\t\t\n\t\t\t\t<div class=\"et_pb_module_inner\">\n\t\t\t\t\t<img decoding=\"async\" src=\"https:\/\/arttherapyfestival.org\/wp-content\/uploads\/2025\/09\/WATF25-Floorplans-2-1.jpg\" alt=\"\" data-magnify-src=\"https:\/\/arttherapyfestival.org\/wp-content\/uploads\/2025\/09\/WATF25-Floorplans-2-1.jpg\" data-magnify-speed=\"100\" srcset=\"https:\/\/arttherapyfestival.org\/wp-content\/uploads\/2025\/09\/WATF25-Floorplans-2-1.jpg 1920w, https:\/\/arttherapyfestival.org\/wp-content\/uploads\/2025\/09\/WATF25-Floorplans-2-1-1280x905.jpg 1280w, https:\/\/arttherapyfestival.org\/wp-content\/uploads\/2025\/09\/WATF25-Floorplans-2-1-980x693.jpg 980w, https:\/\/arttherapyfestival.org\/wp-content\/uploads\/2025\/09\/WATF25-Floorplans-2-1-480x339.jpg 480w\" sizes=\"(min-width: 0px) and (max-width: 480px) 480px, (min-width: 481px) and (max-width: 980px) 980px, (min-width: 981px) and (max-width: 1280px) 1280px, (min-width: 1281px) 1920px, 100vw\" class=\"zoom\" \/>\n\t\t\t\t<\/div>\n\t\t\t<\/div><\/p>\n","protected":false},"author":1,"featured_media":0,"parent":0,"menu_order":0,"comment_status":"closed","ping_status":"closed","template":"","meta":{"_et_pb_use_builder":"on","_et_pb_old_content":"","_et_gb_content_width":"","footnotes":""},"class_list":["post-2409","page","type-page","status-publish","hentry"],"_links":{"self":[{"href":"https:\/\/arttherapyfestival.org\/cs\/wp-json\/wp\/v2\/pages\/2409","targetHints":{"allow":["GET"]}}],"collection":[{"href":"https:\/\/arttherapyfestival.org\/cs\/wp-json\/wp\/v2\/pages"}],"about":[{"href":"https:\/\/arttherapyfestival.org\/cs\/wp-json\/wp\/v2\/types\/page"}],"author":[{"embeddable":true,"href":"https:\/\/arttherapyfestival.org\/cs\/wp-json\/wp\/v2\/users\/1"}],"replies":[{"embeddable":true,"href":"https:\/\/arttherapyfestival.org\/cs\/wp-json\/wp\/v2\/comments?post=2409"}],"version-history":[{"count":11,"href":"https:\/\/arttherapyfestival.org\/cs\/wp-json\/wp\/v2\/pages\/2409\/revisions"}],"predecessor-version":[{"id":2559,"href":"https:\/\/arttherapyfestival.org\/cs\/wp-json\/wp\/v2\/pages\/2409\/revisions\/2559"}],"wp:attachment":[{"href":"https:\/\/arttherapyfestival.org\/cs\/wp-json\/wp\/v2\/media?parent=2409"}],"curies":[{"name":"wp","href":"https:\/\/api.w.org\/{rel}","templated":true}]}}