{"id":2173,"date":"2025-09-02T13:16:57","date_gmt":"2025-09-02T13:16:57","guid":{"rendered":"https:\/\/arttherapyfestival.org\/pokyny-pro-ustni-prezentace-a-pokyny-pro-seminare\/"},"modified":"2025-09-02T13:17:04","modified_gmt":"2025-09-02T13:17:04","slug":"pokyny-pro-ustni-prezentace-a-pokyny-pro-seminare","status":"publish","type":"page","link":"https:\/\/arttherapyfestival.org\/cs\/pokyny-pro-ustni-prezentace-a-pokyny-pro-seminare\/","title":{"rendered":"Pokyny pro \u00fastn\u00ed prezentace a pokyny pro semin\u00e1\u0159e"},"content":{"rendered":"<p>[et_pb_section fb_built=&#8220;1&#8243; admin_label=&#8220;Header &#038; Pricing&#8220; _builder_version=&#8220;4.27.2&#8243; _module_preset=&#8220;default&#8220; use_background_color_gradient=&#8220;on&#8220; background_color_gradient_stops=&#8220;#f1efff 0%|#ffffff 69%&#8220; overflow-x=&#8220;hidden&#8220; overflow-y=&#8220;hidden&#8220; custom_padding=&#8220;||2px|||&#8220; collapsed=&#8220;on&#8220; global_colors_info=&#8220;{}&#8220; theme_builder_area=&#8220;post_content&#8220;][et_pb_row column_structure=&#8220;3_5,2_5&#8243; _builder_version=&#8220;4.27.2&#8243; _module_preset=&#8220;default&#8220; global_colors_info=&#8220;{}&#8220; theme_builder_area=&#8220;post_content&#8220;][et_pb_column type=&#8220;3_5&#8243; _builder_version=&#8220;4.27.2&#8243; _module_preset=&#8220;default&#8220; global_colors_info=&#8220;{}&#8220; theme_builder_area=&#8220;post_content&#8220;][et_pb_text module_id=&#8220;howtoregister&#8220; _builder_version=&#8220;4.27.2&#8243; _module_preset=&#8220;_initial&#8220; header_text_color=&#8220;gcid-d15821fb-ca65-4f29-bfd5-ea044f046af4&#8243; header_font_size=&#8220;40px&#8220; hover_enabled=&#8220;0&#8243; global_colors_info=&#8220;{%22gcid-d15821fb-ca65-4f29-bfd5-ea044f046af4%22:%91%22header_text_color%22%93}&#8220; theme_builder_area=&#8220;post_content&#8220; sticky_enabled=&#8220;0&#8243;]<\/p>\n<h1>Pokyny pro \u00fastn\u00ed prezentace a pokyny pro semin\u00e1\u0159e<\/h1>\n<p>[\/et_pb_text][\/et_pb_column][et_pb_column type=&#8220;2_5&#8243; _builder_version=&#8220;4.27.2&#8243; _module_preset=&#8220;default&#8220; global_colors_info=&#8220;{}&#8220; theme_builder_area=&#8220;post_content&#8220;][et_pb_button button_url=&#8220;https:\/\/files.c-in.eu\/s\/KXTKJ24NGoXWQzS&#8220; url_new_window=&#8220;on&#8220; button_text=&#8220;NAHRAJTE SVOU PREZENTACI&#8220; button_alignment=&#8220;right&#8220; _builder_version=&#8220;4.27.2&#8243; _module_preset=&#8220;default&#8220; custom_button=&#8220;on&#8220; button_text_color=&#8220;gcid-heading-color&#8220; button_border_radius=&#8220;40px&#8220; hover_enabled=&#8220;0&#8243; global_colors_info=&#8220;{%22gcid-heading-color%22:%91%22button_text_color%22%93}&#8220; theme_builder_area=&#8220;post_content&#8220; sticky_enabled=&#8220;0&#8243;][\/et_pb_button][\/et_pb_column][\/et_pb_row][et_pb_row make_equal=&#8220;on&#8220; _builder_version=&#8220;4.27.2&#8243; _module_preset=&#8220;default&#8220; custom_padding=&#8220;14px||0px|||&#8220; locked=&#8220;off&#8220; global_colors_info=&#8220;{}&#8220; theme_builder_area=&#8220;post_content&#8220;][et_pb_column type=&#8220;4_4&#8243; _builder_version=&#8220;4.23.2&#8243; _module_preset=&#8220;default&#8220; global_colors_info=&#8220;{}&#8220; theme_builder_area=&#8220;post_content&#8220;][et_pb_text _builder_version=&#8220;4.27.2&#8243; _module_preset=&#8220;default&#8220; hover_enabled=&#8220;0&#8243; global_colors_info=&#8220;{}&#8220; theme_builder_area=&#8220;post_content&#8220; sticky_enabled=&#8220;0&#8243;]<\/p>\n<p>P\u0159i p\u0159\u00edprav\u011b prezentace si pozorn\u011b p\u0159e\u010dt\u011bte n\u00e1sleduj\u00edc\u00ed pokyny.<\/p>\n<p>[\/et_pb_text][et_pb_divider color=&#8220;rgba(71,11,87,0.24)&#8220; divider_style=&#8220;dotted&#8220; divider_weight=&#8220;5px&#8220; _builder_version=&#8220;4.27.2&#8243; _module_preset=&#8220;default&#8220; custom_margin=&#8220;||-2px|||&#8220; global_module=&#8220;251&#8243; saved_tabs=&#8220;all&#8220; global_colors_info=&#8220;{}&#8220; theme_builder_area=&#8220;post_content&#8220;][\/et_pb_divider][et_pb_text module_id=&#8220;registrationfees&#8220; _builder_version=&#8220;4.27.2&#8243; _module_preset=&#8220;_initial&#8220; header_text_color=&#8220;gcid-d15821fb-ca65-4f29-bfd5-ea044f046af4&#8243; header_font_size=&#8220;40px&#8220; custom_margin=&#8220;13px||5px||false|false&#8220; hover_enabled=&#8220;0&#8243; global_colors_info=&#8220;{%22gcid-d15821fb-ca65-4f29-bfd5-ea044f046af4%22:%91%22header_text_color%22%93}&#8220; theme_builder_area=&#8220;post_content&#8220; sticky_enabled=&#8220;0&#8243;]<\/p>\n<h3><strong>PO\u017dADAVKY NA PREZENTACI<\/strong><\/h3>\n<p>[\/et_pb_text][et_pb_text _builder_version=&#8220;4.27.2&#8243; _module_preset=&#8220;1293383d-fbee-4d75-8a6f-4e879201c442&#8243; header_3_text_color=&#8220;gcid-d15821fb-ca65-4f29-bfd5-ea044f046af4&#8243; text_orientation=&#8220;center&#8220; custom_margin=&#8220;17px||27px||false|false&#8220; hover_enabled=&#8220;0&#8243; global_colors_info=&#8220;{%22gcid-d15821fb-ca65-4f29-bfd5-ea044f046af4%22:%91%22header_3_text_color%22%93}&#8220; theme_builder_area=&#8220;post_content&#8220; sticky_enabled=&#8220;0&#8243;]<\/p>\n<p style=\"text-align: left;\">Prezentace v PowerPointu\/pdf je povinn\u00e1 pro ka\u017edou \u00fastn\u00ed prezentaci, zat\u00edmco pro workshopy je nepovinn\u00e1.<o:p><\/o:p><\/p>\n<p style=\"text-align: left;\">V\u0161echny prezentace a workshopy by m\u011bly prob\u00edhat v angli\u010dtin\u011b. (Pokud chcete prezentovat v \u010de\u0161tin\u011b, dejte n\u00e1m pros\u00edm v\u011bd\u011bt na <a href=\"mailto:abstracts@arttherapyfestival.org\">abstracts@arttherapyfestival.org<\/a> nejpozd\u011bji do <strong>31. srpna 2025<\/strong>.) <o:p><\/o:p><\/p>\n<p style=\"text-align: left;\">K p\u0159\u00edprav\u011b prezentace pou\u017eijte aktu\u00e1ln\u00ed verzi aplikace Microsoft PowerPoint (podporov\u00e1ny jsou v\u0161ak i star\u0161\u00ed verze). Nepou\u017e\u00edvejte pros\u00edm prezentace Apple Keynote a Prezi. Po\u010d\u00edta\u010de na m\u00edst\u011b si porad\u00ed pouze s verz\u00ed aplikace PowerPoint pro syst\u00e9m Windows.  <\/p>\n<p>[\/et_pb_text][dvmd_table_maker tbl_column_header_count=&#8220;0&#8243; tbl_row_header_count=&#8220;0&#8243; tbl_responsive_mode=&#8220;off&#8220; tbl_stripes_active=&#8220;vert&#8220; tbl_stripes_order=&#8220;odd&#8220; tbl_tcell_cell_color=&#8220;gcid-heading-color&#8220; tbl_tcell_cell_align_horz=&#8220;left&#8220; tbl_tcell_cell_align_vert=&#8220;center&#8220; tbl_tcell_cell_padding=&#8220;10px|10px|10px|20px|false|false&#8220; tbl_chead_cell_color=&#8220;#ffbb00&#8243; _builder_version=&#8220;4.27.2&#8243; _module_preset=&#8220;default&#8220; tbl_tcell_text_text_color=&#8220;#FFFFFF&#8220; width=&#8220;60%&#8220; hover_enabled=&#8220;0&#8243; tbl_tcell_text_font_size_tablet=&#8220;&#8220; tbl_tcell_text_font_size_phone=&#8220;11px&#8220; tbl_tcell_text_font_size_last_edited=&#8220;on|phone&#8220; border_radii_tbl_tcell_cell_border=&#8220;on|10px|10px|10px|10px&#8220; global_colors_info=&#8220;{%22gcid-heading-color%22:%91%22tbl_tcell_cell_color%22%93}&#8220; theme_builder_area=&#8220;post_content&#8220; sticky_enabled=&#8220;0&#8243;][dvmd_table_maker_item col_content=&#8220;FORM\u00c1T<br \/>\nMAXIM\u00c1LN\u00cd VELIKOST SOUBORU<br \/>\n\u0160ABLONA (NEPOVINN\u00c9)&#8220; col_column_max_width=&#8220;0.6fr&#8220; col_tcell_cell_align_horz=&#8220;left&#8220; _builder_version=&#8220;4.27.2&#8243; _module_preset=&#8220;default&#8220; col_tcell_text_font=&#8220;|700|||||||&#8220; hover_enabled=&#8220;0&#8243; global_colors_info=&#8220;{}&#8220; theme_builder_area=&#8220;post_content&#8220; sticky_enabled=&#8220;0&#8243;][\/dvmd_table_maker_item][dvmd_table_maker_item col_content=&#8220;<b>PPTX\/PDF<\/b><br \/>\n<b>200 MB<\/b><br \/>\n<b><a href=%22https:\/\/arttherapyfestival.org\/wp-content\/uploads\/2025\/09\/WATF-2025-PPT-Speaker-Template.pptx%22>ST\u00c1HNOUT \u0160ABLONU<\/a><\/b>&#8220; col_tcell_cell_color=&#8220;#e1d8ff&#8220; col_chead_cell_color=&#8220;#ff9d00&#8243; _builder_version=&#8220;4.27.2&#8243; _module_preset=&#8220;default&#8220; col_tcell_text_text_color=&#8220;gcid-body-color&#8220; hover_enabled=&#8220;0&#8243; global_colors_info=&#8220;{%22gcid-body-color%22:%91%22col_tcell_text_text_color%22%93}&#8220; theme_builder_area=&#8220;post_content&#8220; sticky_enabled=&#8220;0&#8243;][\/dvmd_table_maker_item][\/dvmd_table_maker][et_pb_text _builder_version=&#8220;4.27.2&#8243; _module_preset=&#8220;1293383d-fbee-4d75-8a6f-4e879201c442&#8243; header_3_text_color=&#8220;gcid-d15821fb-ca65-4f29-bfd5-ea044f046af4&#8243; text_orientation=&#8220;center&#8220; custom_margin=&#8220;17px||27px||false|false&#8220; hover_enabled=&#8220;0&#8243; global_colors_info=&#8220;{%22gcid-d15821fb-ca65-4f29-bfd5-ea044f046af4%22:%91%22header_3_text_color%22%93}&#8220; theme_builder_area=&#8220;post_content&#8220; sticky_enabled=&#8220;0&#8243;]<\/p>\n<p style=\"text-align: left;\"><strong>D\u016eLE\u017dIT\u00c9:<\/strong> Ve\u0161ker\u00fd extern\u00ed obsah (nap\u0159. videa, multimedi\u00e1ln\u00ed soubory) mus\u00ed b\u00fdt vlo\u017een p\u0159\u00edmo do prezentace.<\/p>\n<p>[\/et_pb_text][et_pb_divider color=&#8220;rgba(71,11,87,0.24)&#8220; divider_style=&#8220;dotted&#8220; divider_weight=&#8220;5px&#8220; _builder_version=&#8220;4.27.2&#8243; _module_preset=&#8220;default&#8220; custom_margin=&#8220;||-2px|||&#8220; global_module=&#8220;251&#8243; saved_tabs=&#8220;all&#8220; global_colors_info=&#8220;{}&#8220; theme_builder_area=&#8220;post_content&#8220;][\/et_pb_divider][et_pb_text module_id=&#8220;registrationfees&#8220; _builder_version=&#8220;4.27.2&#8243; _module_preset=&#8220;_initial&#8220; header_text_color=&#8220;gcid-d15821fb-ca65-4f29-bfd5-ea044f046af4&#8243; header_font_size=&#8220;40px&#8220; custom_margin=&#8220;13px||12px||false|false&#8220; hover_enabled=&#8220;0&#8243; global_colors_info=&#8220;{%22gcid-d15821fb-ca65-4f29-bfd5-ea044f046af4%22:%91%22header_text_color%22%93}&#8220; theme_builder_area=&#8220;post_content&#8220; sticky_enabled=&#8220;0&#8243;]<\/p>\n<h3><strong>NAHR\u00c1N\u00cd PREZENTACE<\/strong><\/h3>\n<p>[\/et_pb_text][et_pb_text _builder_version=&#8220;4.27.2&#8243; _module_preset=&#8220;1293383d-fbee-4d75-8a6f-4e879201c442&#8243; header_3_text_color=&#8220;gcid-d15821fb-ca65-4f29-bfd5-ea044f046af4&#8243; text_orientation=&#8220;center&#8220; custom_margin=&#8220;22px||40px||false|false&#8220; hover_enabled=&#8220;0&#8243; global_colors_info=&#8220;{%22gcid-d15821fb-ca65-4f29-bfd5-ea044f046af4%22:%91%22header_3_text_color%22%93}&#8220; theme_builder_area=&#8220;post_content&#8220; sticky_enabled=&#8220;0&#8243; ol_item_indent=&#8220;30px&#8220; ol_position=&#8220;outside&#8220;]<\/p>\n<p style=\"text-align: left;\">Existuj\u00ed dv\u011b mo\u017enosti, jak nahr\u00e1t prezentaci:<\/p>\n<ol>\n<li style=\"text-align: left;\"><strong>Prvn\u00ed a velmi doporu\u010dovanou mo\u017enost\u00ed je nahr\u00e1t prezentaci p\u0159edem prost\u0159ednictv\u00edm online platformy. <span style=\"color: #ff6600;\">Pros\u00edme v\u00e1s, abyste <u>fin\u00e1ln\u00ed verzi sv\u00e9 prezentace<\/u> nahr\u00e1li <u>p\u0159ed zah\u00e1jen\u00edm festivalu<\/u>, co\u017e n\u00e1m pom\u016f\u017ee zajistit hladk\u00fd a efektivn\u00ed pr\u016fb\u011bh akce na m\u00edst\u011b.<br \/><\/span><\/strong><strong><\/strong><strong><br \/><\/strong><strong>Klikn\u011bte na <\/strong><a href=\"https:\/\/files.c-in.eu\/s\/KXTKJ24NGoXWQzS\"><strong>ZDE<\/strong><\/a><strong> pro nahr\u00e1n\u00ed z\u00e1v\u011bre\u010dn\u00e9 prezentace<br \/><\/strong><strong><strong>Uz\u00e1v\u011brka: 25. z\u00e1\u0159\u00ed 2025<\/strong><\/strong><strong><span style=\"color: #ff6600;\"><br \/><\/span><\/strong><strong>\u200b<\/strong><strong><br \/><\/strong><\/li>\n<li style=\"text-align: left;\">Pokud nen\u00ed prezentace nahr\u00e1na online, je t\u0159eba ji co nejd\u0159\u00edve, nejpozd\u011bji v\u0161ak <u>DV\u011a HODINY P\u0158ED za\u010d\u00e1tkem zased\u00e1n\u00ed,<\/u> p\u0159edat na USB flash disku pracovn\u00edk\u016fm u stolu pro nahr\u00e1v\u00e1n\u00ed prezentac\u00ed (vedle registra\u010dn\u00edho stolu). Prezentace pro rann\u00ed zased\u00e1n\u00ed by m\u011bly b\u00fdt nahr\u00e1ny online ve\u010der p\u0159ed za\u010d\u00e1tkem zased\u00e1n\u00ed. <br \/><u><br \/><\/u><span style=\"color: #ff6600;\"><strong>Upozor\u0148ujeme, \u017ee v p\u0159edn\u00e1\u0161kov\u00e9 m\u00edstnosti nen\u00ed mo\u017en\u00e9 prezentovat z notebooku.  <br \/><\/strong><\/span>V\u0161echny prezentace mus\u00ed b\u00fdt nahr\u00e1ny online nebo na p\u0159ep\u00e1\u017ece pro nahr\u00e1v\u00e1n\u00ed prezentac\u00ed.<\/li>\n<\/ol>\n<p>[\/et_pb_text][dvmd_table_maker tbl_column_header_count=&#8220;0&#8243; tbl_row_header_count=&#8220;0&#8243; tbl_responsive_mode=&#8220;off&#8220; tbl_stripes_active=&#8220;vert&#8220; tbl_stripes_order=&#8220;odd&#8220; tbl_tcell_cell_color=&#8220;gcid-heading-color&#8220; tbl_tcell_cell_align_horz=&#8220;left&#8220; tbl_tcell_cell_align_vert=&#8220;center&#8220; tbl_tcell_cell_padding=&#8220;10px|10px|10px|20px|false|false&#8220; tbl_chead_cell_color=&#8220;#ffbb00&#8243; _builder_version=&#8220;4.27.2&#8243; _module_preset=&#8220;default&#8220; tbl_tcell_text_text_color=&#8220;#FFFFFF&#8220; width=&#8220;54%&#8220; hover_enabled=&#8220;0&#8243; tbl_tcell_text_font_size_tablet=&#8220;&#8220; tbl_tcell_text_font_size_phone=&#8220;11px&#8220; tbl_tcell_text_font_size_last_edited=&#8220;on|phone&#8220; border_radii_tbl_tcell_cell_border=&#8220;on|10px|10px|10px|10px&#8220; global_colors_info=&#8220;{%22gcid-heading-color%22:%91%22tbl_tcell_cell_color%22%93}&#8220; theme_builder_area=&#8220;post_content&#8220; sticky_enabled=&#8220;0&#8243; tbl_title_mode=&#8220;on&#8220; tbl_title_text=&#8220;OPENING HOURS OF THE PRESENTATION UPLOAD DESK&#8220; tbl_title_level=&#8220;h4&#8243;][dvmd_table_maker_item col_content=&#8220;P\u00e1tek 26. z\u00e1\u0159\u00ed 2025<br \/>\nSobota 27. z\u00e1\u0159\u00ed 2025<br \/>\nNed\u011ble 28. z\u00e1\u0159\u00ed 2025&#8243; col_column_max_width=&#8220;0.9fr&#8220; col_tcell_cell_align_horz=&#8220;left&#8220; _builder_version=&#8220;4.27.2&#8243; _module_preset=&#8220;default&#8220; col_tcell_text_font=&#8220;|700|||||||&#8220; hover_enabled=&#8220;0&#8243; global_colors_info=&#8220;{}&#8220; theme_builder_area=&#8220;post_content&#8220; sticky_enabled=&#8220;0&#8243;][\/dvmd_table_maker_item][dvmd_table_maker_item col_content=&#8220;7:30 - 18:00<br \/>\n7:30 - 18:30<br \/>\n8:00 - 13:00&#8243; col_tcell_cell_color=&#8220;#e1d8ff&#8220; col_chead_cell_color=&#8220;#ff9d00&#8243; _builder_version=&#8220;4.27.2&#8243; _module_preset=&#8220;default&#8220; col_tcell_text_text_color=&#8220;gcid-body-color&#8220; hover_enabled=&#8220;0&#8243; global_colors_info=&#8220;{%22gcid-body-color%22:%91%22col_tcell_text_text_color%22%93}&#8220; theme_builder_area=&#8220;post_content&#8220; sticky_enabled=&#8220;0&#8243; col_column_max_width=&#8220;0.6fr&#8220; col_tcell_text_font=&#8220;|700|||||||&#8220;][\/dvmd_table_maker_item][\/dvmd_table_maker][et_pb_divider color=&#8220;rgba(71,11,87,0.24)&#8220; divider_style=&#8220;dotted&#8220; divider_weight=&#8220;5px&#8220; _builder_version=&#8220;4.27.2&#8243; _module_preset=&#8220;default&#8220; custom_margin=&#8220;||-2px|||&#8220; global_module=&#8220;251&#8243; saved_tabs=&#8220;all&#8220; global_colors_info=&#8220;{}&#8220; theme_builder_area=&#8220;post_content&#8220;][\/et_pb_divider][et_pb_text module_id=&#8220;socialprogramme&#8220; _builder_version=&#8220;4.27.2&#8243; _module_preset=&#8220;_initial&#8220; header_text_color=&#8220;gcid-d15821fb-ca65-4f29-bfd5-ea044f046af4&#8243; header_font_size=&#8220;40px&#8220; min_height=&#8220;38px&#8220; custom_margin=&#8220;16px||11px|||&#8220; hover_enabled=&#8220;0&#8243; global_colors_info=&#8220;{%22gcid-d15821fb-ca65-4f29-bfd5-ea044f046af4%22:%91%22header_text_color%22%93}&#8220; theme_builder_area=&#8220;post_content&#8220; sticky_enabled=&#8220;0&#8243;]<\/p>\n<h3><strong>V P\u0158EDN\u00c1\u0160KOV\u00c9 M\u00cdSTNOSTI<\/strong><\/h3>\n<p>[\/et_pb_text][et_pb_text _builder_version=&#8220;4.27.2&#8243; _module_preset=&#8220;1293383d-fbee-4d75-8a6f-4e879201c442&#8243; header_3_text_color=&#8220;gcid-d15821fb-ca65-4f29-bfd5-ea044f046af4&#8243; text_orientation=&#8220;center&#8220; custom_margin=&#8220;||10px||false|false&#8220; custom_padding=&#8220;6px||||false|false&#8220; hover_enabled=&#8220;0&#8243; global_colors_info=&#8220;{%22gcid-d15821fb-ca65-4f29-bfd5-ea044f046af4%22:%91%22header_3_text_color%22%93}&#8220; theme_builder_area=&#8220;post_content&#8220; sticky_enabled=&#8220;0&#8243;]<\/p>\n<p style=\"text-align: left;\">P\u0159ij\u010fte pros\u00edm do p\u0159edn\u00e1\u0161kov\u00e9 m\u00edstnosti kr\u00e1tce p\u0159ed za\u010d\u00e1tkem zased\u00e1n\u00ed a bu\u010fte p\u0159ipraveni, a\u017e na v\u00e1s p\u0159ijde \u0159ada, abyste co nejm\u00e9n\u011b ztr\u00e1celi \u010das. V p\u0159edn\u00e1\u0161kov\u00e9 m\u00edstnosti byste m\u011bli b\u00fdt p\u0159ed za\u010d\u00e1tkem sv\u00e9 prezentace pro p\u0159\u00edpad, \u017ee by b\u011bhem zased\u00e1n\u00ed do\u0161lo na posledn\u00ed chv\u00edli ke zm\u011bn\u00e1m (nap\u0159. zru\u0161en\u00ed prezentace p\u0159ed va\u0161\u00ed p\u0159edn\u00e1\u0161kou). <\/p>\n<p style=\"text-align: left;\">Pokud m\u00e1te jak\u00e9koli dotazy nebo pot\u0159ebujete dal\u0161\u00ed informace, nev\u00e1hejte n\u00e1s kontaktovat na <a href=\"mailto:abstracts@arttherapyfestival.org\">adrese abstracts@arttherapyfestival.org<\/a>.<\/p>\n<p>[\/et_pb_text][\/et_pb_column][\/et_pb_row][\/et_pb_section]<\/p>\n","protected":false},"excerpt":{"rendered":"<p>Pokyny pro \u00fastn\u00ed prezentace a pokyny pro semin\u00e1\u0159eP\u0159i p\u0159\u00edprav\u011b prezentace si pozorn\u011b p\u0159e\u010dt\u011bte n\u00e1sleduj\u00edc\u00ed pokyny.PO\u017dADAVKY NA PREZENTACIPrezentace v PowerPointu\/pdf je povinn\u00e1 pro ka\u017edou \u00fastn\u00ed prezentaci, zat\u00edmco pro workshopy je nepovinn\u00e1. V\u0161echny prezentace a workshopy by m\u011bly prob\u00edhat v angli\u010dtin\u011b. (Pokud chcete prezentovat v \u010de\u0161tin\u011b, dejte n\u00e1m pros\u00edm v\u011bd\u011bt na abstracts@arttherapyfestival.org nejpozd\u011bji do 31. srpna 2025.) [&hellip;]<\/p>\n","protected":false},"author":1,"featured_media":0,"parent":0,"menu_order":0,"comment_status":"closed","ping_status":"closed","template":"","meta":{"_et_pb_use_builder":"on","_et_pb_old_content":"","_et_gb_content_width":"","footnotes":""},"class_list":["post-2173","page","type-page","status-publish","hentry"],"_links":{"self":[{"href":"https:\/\/arttherapyfestival.org\/cs\/wp-json\/wp\/v2\/pages\/2173","targetHints":{"allow":["GET"]}}],"collection":[{"href":"https:\/\/arttherapyfestival.org\/cs\/wp-json\/wp\/v2\/pages"}],"about":[{"href":"https:\/\/arttherapyfestival.org\/cs\/wp-json\/wp\/v2\/types\/page"}],"author":[{"embeddable":true,"href":"https:\/\/arttherapyfestival.org\/cs\/wp-json\/wp\/v2\/users\/1"}],"replies":[{"embeddable":true,"href":"https:\/\/arttherapyfestival.org\/cs\/wp-json\/wp\/v2\/comments?post=2173"}],"version-history":[{"count":2,"href":"https:\/\/arttherapyfestival.org\/cs\/wp-json\/wp\/v2\/pages\/2173\/revisions"}],"predecessor-version":[{"id":2175,"href":"https:\/\/arttherapyfestival.org\/cs\/wp-json\/wp\/v2\/pages\/2173\/revisions\/2175"}],"wp:attachment":[{"href":"https:\/\/arttherapyfestival.org\/cs\/wp-json\/wp\/v2\/media?parent=2173"}],"curies":[{"name":"wp","href":"https:\/\/api.w.org\/{rel}","templated":true}]}}