{"id":2161,"date":"2025-09-02T12:53:58","date_gmt":"2025-09-02T12:53:58","guid":{"rendered":"https:\/\/arttherapyfestival.org\/pokyny-k-plakatum\/"},"modified":"2025-09-02T12:54:08","modified_gmt":"2025-09-02T12:54:08","slug":"pokyny-k-plakatum","status":"publish","type":"page","link":"https:\/\/arttherapyfestival.org\/cs\/pokyny-k-plakatum\/","title":{"rendered":"Pokyny k plak\u00e1t\u016fm"},"content":{"rendered":"<p>[et_pb_section fb_built=&#8220;1&#8243; admin_label=&#8220;Header &#038; Pricing&#8220; _builder_version=&#8220;4.27.2&#8243; _module_preset=&#8220;default&#8220; use_background_color_gradient=&#8220;on&#8220; background_color_gradient_stops=&#8220;#f1efff 0%|#ffffff 69%&#8220; overflow-x=&#8220;hidden&#8220; overflow-y=&#8220;hidden&#8220; custom_padding=&#8220;||2px|||&#8220; hover_enabled=&#8220;0&#8243; collapsed=&#8220;on&#8220; global_colors_info=&#8220;{}&#8220; theme_builder_area=&#8220;post_content&#8220; sticky_enabled=&#8220;0&#8243;][et_pb_row column_structure=&#8220;1_2,1_2&#8243; _builder_version=&#8220;4.27.2&#8243; _module_preset=&#8220;default&#8220; global_colors_info=&#8220;{}&#8220; theme_builder_area=&#8220;post_content&#8220;][et_pb_column type=&#8220;1_2&#8243; _builder_version=&#8220;4.27.2&#8243; _module_preset=&#8220;default&#8220; global_colors_info=&#8220;{}&#8220; theme_builder_area=&#8220;post_content&#8220;][et_pb_text module_id=&#8220;howtoregister&#8220; _builder_version=&#8220;4.27.2&#8243; _module_preset=&#8220;_initial&#8220; header_text_color=&#8220;gcid-d15821fb-ca65-4f29-bfd5-ea044f046af4&#8243; header_font_size=&#8220;40px&#8220; hover_enabled=&#8220;0&#8243; global_colors_info=&#8220;{%22gcid-d15821fb-ca65-4f29-bfd5-ea044f046af4%22:%91%22header_text_color%22%93}&#8220; theme_builder_area=&#8220;post_content&#8220; sticky_enabled=&#8220;0&#8243;]<\/p>\n<h1>Pokyny k plak\u00e1t\u016fm<\/h1>\n<p>[\/et_pb_text][\/et_pb_column][et_pb_column type=&#8220;1_2&#8243; _builder_version=&#8220;4.27.2&#8243; _module_preset=&#8220;default&#8220; global_colors_info=&#8220;{}&#8220; theme_builder_area=&#8220;post_content&#8220;][et_pb_button button_url=&#8220;https:\/\/arttherapyfestival.org\/wp-content\/uploads\/2025\/09\/WATF-2025-Poster-Template.pptx&#8220; url_new_window=&#8220;on&#8220; button_text=&#8220;ST\u00c1HNOUT \u0160ABLONU PLAK\u00c1TU&#8220; button_alignment=&#8220;right&#8220; _builder_version=&#8220;4.27.2&#8243; _module_preset=&#8220;default&#8220; custom_button=&#8220;on&#8220; button_text_color=&#8220;gcid-heading-color&#8220; button_border_radius=&#8220;40px&#8220; hover_enabled=&#8220;0&#8243; global_colors_info=&#8220;{%22gcid-heading-color%22:%91%22button_text_color%22%93}&#8220; theme_builder_area=&#8220;post_content&#8220; sticky_enabled=&#8220;0&#8243;][\/et_pb_button][\/et_pb_column][\/et_pb_row][et_pb_row make_equal=&#8220;on&#8220; _builder_version=&#8220;4.27.2&#8243; _module_preset=&#8220;default&#8220; custom_padding=&#8220;14px||0px|||&#8220; locked=&#8220;off&#8220; global_colors_info=&#8220;{}&#8220; theme_builder_area=&#8220;post_content&#8220;][et_pb_column type=&#8220;4_4&#8243; _builder_version=&#8220;4.23.2&#8243; _module_preset=&#8220;default&#8220; global_colors_info=&#8220;{}&#8220; theme_builder_area=&#8220;post_content&#8220;][et_pb_text _builder_version=&#8220;4.27.2&#8243; _module_preset=&#8220;default&#8220; hover_enabled=&#8220;0&#8243; global_colors_info=&#8220;{}&#8220; theme_builder_area=&#8220;post_content&#8220; sticky_enabled=&#8220;0&#8243;]<\/p>\n<p>P\u0159i p\u0159\u00edprav\u011b posteru si pros\u00edm pe\u010dliv\u011b p\u0159e\u010dt\u011bte n\u00e1sleduj\u00edc\u00ed pokyny.<br \/><u><\/u>V\u0161ichni prezentuj\u00edc\u00ed auto\u0159i, kte\u0159\u00ed se akce z\u00fa\u010dastn\u00ed, by m\u011bli na m\u00edsto kon\u00e1n\u00ed p\u0159in\u00e9st sv\u00e9 <u>vyti\u0161t\u011bn\u00e9<\/u> postery. Poster nen\u00ed t\u0159eba nahr\u00e1vat online. <\/p>\n<p>[\/et_pb_text][et_pb_divider color=&#8220;rgba(71,11,87,0.24)&#8220; divider_style=&#8220;dotted&#8220; divider_weight=&#8220;5px&#8220; _builder_version=&#8220;4.27.2&#8243; _module_preset=&#8220;default&#8220; custom_margin=&#8220;||-2px|||&#8220; global_module=&#8220;251&#8243; saved_tabs=&#8220;all&#8220; global_colors_info=&#8220;{}&#8220; theme_builder_area=&#8220;post_content&#8220;][\/et_pb_divider][et_pb_text module_id=&#8220;registrationfees&#8220; _builder_version=&#8220;4.27.2&#8243; _module_preset=&#8220;_initial&#8220; header_text_color=&#8220;gcid-d15821fb-ca65-4f29-bfd5-ea044f046af4&#8243; header_font_size=&#8220;40px&#8220; custom_margin=&#8220;13px||23px||false|false&#8220; hover_enabled=&#8220;0&#8243; global_colors_info=&#8220;{%22gcid-d15821fb-ca65-4f29-bfd5-ea044f046af4%22:%91%22header_text_color%22%93}&#8220; theme_builder_area=&#8220;post_content&#8220; sticky_enabled=&#8220;0&#8243;]<\/p>\n<h3>PO\u017dADAVKY NA PLAK\u00c1T<\/h3>\n<p>[\/et_pb_text][dvmd_table_maker tbl_row_header_count=&#8220;0&#8243; tbl_responsive_mode=&#8220;off&#8220; tbl_stripes_active=&#8220;vert&#8220; tbl_tcell_cell_align_horz=&#8220;left&#8220; tbl_tcell_cell_align_vert=&#8220;center&#8220; tbl_chead_cell_color=&#8220;#ffbb00&#8243; _builder_version=&#8220;4.27.2&#8243; _module_preset=&#8220;default&#8220; hover_enabled=&#8220;0&#8243; tbl_tcell_text_font_size_tablet=&#8220;&#8220; tbl_tcell_text_font_size_phone=&#8220;11px&#8220; tbl_tcell_text_font_size_last_edited=&#8220;on|phone&#8220; border_radii_tbl_tcell_cell_border=&#8220;on|10px|10px|10px|10px&#8220; global_colors_info=&#8220;{%22gcid-heading-color%22:%91%22tbl_tcell_cell_color%22%93}&#8220; theme_builder_area=&#8220;post_content&#8220; sticky_enabled=&#8220;0&#8243; tbl_column_header_count=&#8220;0&#8243; width=&#8220;60%&#8220; tbl_tcell_cell_color=&#8220;gcid-heading-color&#8220; tbl_stripes_order=&#8220;odd&#8220; tbl_tcell_text_text_color=&#8220;#FFFFFF&#8220; tbl_tcell_cell_padding=&#8220;10px|10px|10px|20px|false|false&#8220;][dvmd_table_maker_item col_content=&#8220;JAZYK<br \/>\nFORM\u00c1T<br \/>\nMAXIM\u00c1LN\u00cd ROZM\u011aRY&#8220; col_column_max_width=&#8220;0.6fr&#8220; col_tcell_cell_align_horz=&#8220;left&#8220; _builder_version=&#8220;4.27.2&#8243; _module_preset=&#8220;default&#8220; hover_enabled=&#8220;0&#8243; global_colors_info=&#8220;{}&#8220; theme_builder_area=&#8220;post_content&#8220; sticky_enabled=&#8220;0&#8243; col_tcell_text_font=&#8220;|700|||||||&#8220;][\/dvmd_table_maker_item][dvmd_table_maker_item col_content=&#8220;Anglicky<br \/>\n 1<b>strana, orientace na v\u00fd\u0161ku<\/b><br \/>\n<b>120 cm (v\u00fd\u0161ka) x 90 cm (\u0161\u00ed\u0159ka), <br \/>Form\u00e1t<\/b> A0<b>, ORIENTACE NA V\u00dd\u0160KU<\/b>&#8220; col_chead_cell_color=&#8220;#ff9d00&#8243; _builder_version=&#8220;4.27.2&#8243; _module_preset=&#8220;default&#8220; hover_enabled=&#8220;0&#8243; global_colors_info=&#8220;{%22gcid-body-color%22:%91%22col_tcell_text_text_color%22%93}&#8220; theme_builder_area=&#8220;post_content&#8220; sticky_enabled=&#8220;0&#8243; col_tcell_cell_color=&#8220;#e1d8ff&#8220; col_tcell_text_text_color=&#8220;gcid-body-color&#8220;][\/dvmd_table_maker_item][\/dvmd_table_maker][et_pb_text _builder_version=&#8220;4.27.2&#8243; _module_preset=&#8220;1293383d-fbee-4d75-8a6f-4e879201c442&#8243; header_3_text_color=&#8220;gcid-d15821fb-ca65-4f29-bfd5-ea044f046af4&#8243; text_orientation=&#8220;center&#8220; custom_margin=&#8220;35px||40px||false|false&#8220; hover_enabled=&#8220;0&#8243; global_colors_info=&#8220;{%22gcid-d15821fb-ca65-4f29-bfd5-ea044f046af4%22:%91%22header_3_text_color%22%93}&#8220; theme_builder_area=&#8220;post_content&#8220; sticky_enabled=&#8220;0&#8243;]<\/p>\n<p style=\"text-align: left;\">M\u016f\u017eete <strong>si st\u00e1hnout <\/strong><a href=\"https:\/\/arttherapyfestival.org\/wp-content\/uploads\/2025\/09\/WATF-2025-Poster-Template.pptx\"><strong>pr\u00e1zdnou \u0161ablonu<\/strong><\/a> s p\u0159ednastaven\u00fdmi rozm\u011bry.<\/p>\n<p style=\"text-align: left;\">Ujist\u011bte se, \u017ee v\u00e1\u0161 plak\u00e1t nep\u0159esahuje maxim\u00e1ln\u00ed velikost. V opa\u010dn\u00e9m p\u0159\u00edpad\u011b nebude pro v\u00e1\u0161 plak\u00e1t dostatek m\u00edsta<u>.<\/u> <\/p>\n<p>[\/et_pb_text][et_pb_divider color=&#8220;rgba(71,11,87,0.24)&#8220; divider_style=&#8220;dotted&#8220; divider_weight=&#8220;5px&#8220; _builder_version=&#8220;4.27.2&#8243; _module_preset=&#8220;default&#8220; custom_margin=&#8220;||-2px|||&#8220; global_module=&#8220;251&#8243; saved_tabs=&#8220;all&#8220; global_colors_info=&#8220;{}&#8220; theme_builder_area=&#8220;post_content&#8220;][\/et_pb_divider][et_pb_text module_id=&#8220;registrationfees&#8220; _builder_version=&#8220;4.27.2&#8243; _module_preset=&#8220;_initial&#8220; header_text_color=&#8220;gcid-d15821fb-ca65-4f29-bfd5-ea044f046af4&#8243; header_font_size=&#8220;40px&#8220; custom_margin=&#8220;13px||12px||false|false&#8220; hover_enabled=&#8220;0&#8243; global_colors_info=&#8220;{%22gcid-d15821fb-ca65-4f29-bfd5-ea044f046af4%22:%91%22header_text_color%22%93}&#8220; theme_builder_area=&#8220;post_content&#8220; sticky_enabled=&#8220;0&#8243;]<\/p>\n<h3><strong>MONT\u00c1\u017d PLAK\u00c1TU<\/strong><strong><\/strong><\/h3>\n<p>[\/et_pb_text][et_pb_text _builder_version=&#8220;4.27.2&#8243; _module_preset=&#8220;1293383d-fbee-4d75-8a6f-4e879201c442&#8243; header_3_text_color=&#8220;gcid-d15821fb-ca65-4f29-bfd5-ea044f046af4&#8243; text_orientation=&#8220;center&#8220; custom_margin=&#8220;50px||40px||false|false&#8220; hover_enabled=&#8220;0&#8243; global_colors_info=&#8220;{%22gcid-d15821fb-ca65-4f29-bfd5-ea044f046af4%22:%91%22header_3_text_color%22%93}&#8220; theme_builder_area=&#8220;post_content&#8220; sticky_enabled=&#8220;0&#8243;]<\/p>\n<p style=\"text-align: left;\">Plak\u00e1ty budou k vid\u011bn\u00ed v prostoru s n\u00e1zvem <em>Klub<\/em>. Ten bude otev\u0159en pro mont\u00e1\u017e plak\u00e1t\u016f <strong>od p\u00e1tku 26. z\u00e1\u0159\u00ed 2025 od 7:30 hodin. <\/strong>Plak\u00e1ty by m\u011bly b\u00fdt um\u00edst\u011bny ide\u00e1ln\u011b p\u0159ed slavnostn\u00edm zah\u00e1jen\u00edm v 17:45. Jeden plak\u00e1t bude um\u00edst\u011bn na jedn\u00e9 stran\u011b tabule a ka\u017ed\u00e9 plak\u00e1tovac\u00ed m\u00edsto bude m\u00edt sv\u00e9 jedine\u010dn\u00e9 \u010d\u00edslo. Ujist\u011bte se pros\u00edm, \u017ee v\u00e1\u0161 poster je na plak\u00e1tovac\u00ed tabuli p\u0159ipevn\u011bn \u010d\u00edslem odpov\u00eddaj\u00edc\u00edm \u010d\u00edslu, kter\u00e9 bylo va\u0161emu posteru p\u0159id\u011bleno<em>(zasl\u00e1no e-mailem)<\/em>. Vhodn\u00fd upev\u0148ovac\u00ed materi\u00e1l bude k dispozici a bude k dispozici na m\u00edst\u011b.    <\/p>\n<p style=\"text-align: left;\">Plak\u00e1t odstra\u0148te do <strong>ned\u011ble 28. z\u00e1\u0159\u00ed 2025 do 13:30.<\/strong> Organiz\u00e1to\u0159i akce nenesou odpov\u011bdnost za p\u0159\u00edpadnou ztr\u00e1tu nebo po\u0161kozen\u00ed plak\u00e1t\u016f, kter\u00e9 nebyly odstran\u011bny do uveden\u00e9ho term\u00ednu. Plak\u00e1ty ponechan\u00e9 po tomto \u010dase budou zlikvidov\u00e1ny. <\/p>\n<p style=\"text-align: left;\">Na programu nen\u00ed \u017e\u00e1dn\u00e1 zvl\u00e1\u0161tn\u00ed posterov\u00e1 sekce. Pokud si p\u0159ejete, m\u016f\u017eete se b\u011bhem p\u0159est\u00e1vek na k\u00e1vu p\u0159ihl\u00e1sit do diskuse v bl\u00edzkosti sv\u00e9ho posteru. <\/p>\n<p>[\/et_pb_text][et_pb_divider color=&#8220;rgba(71,11,87,0.24)&#8220; divider_style=&#8220;dotted&#8220; divider_weight=&#8220;5px&#8220; _builder_version=&#8220;4.27.2&#8243; _module_preset=&#8220;default&#8220; custom_margin=&#8220;||-2px|||&#8220; global_module=&#8220;251&#8243; saved_tabs=&#8220;all&#8220; global_colors_info=&#8220;{}&#8220; theme_builder_area=&#8220;post_content&#8220;][\/et_pb_divider][et_pb_text module_id=&#8220;socialprogramme&#8220; _builder_version=&#8220;4.27.2&#8243; _module_preset=&#8220;_initial&#8220; header_text_color=&#8220;gcid-d15821fb-ca65-4f29-bfd5-ea044f046af4&#8243; header_font_size=&#8220;40px&#8220; min_height=&#8220;38px&#8220; custom_margin=&#8220;16px||11px|||&#8220; hover_enabled=&#8220;0&#8243; global_colors_info=&#8220;{%22gcid-d15821fb-ca65-4f29-bfd5-ea044f046af4%22:%91%22header_text_color%22%93}&#8220; theme_builder_area=&#8220;post_content&#8220; sticky_enabled=&#8220;0&#8243;]<\/p>\n<h3>TIPY PRO P\u0158\u00cdPRAVU PLAK\u00c1TU<\/h3>\n<p>[\/et_pb_text][et_pb_text _builder_version=&#8220;4.27.2&#8243; _module_preset=&#8220;1293383d-fbee-4d75-8a6f-4e879201c442&#8243; header_3_text_color=&#8220;gcid-d15821fb-ca65-4f29-bfd5-ea044f046af4&#8243; text_orientation=&#8220;center&#8220; custom_margin=&#8220;||10px||false|false&#8220; custom_padding=&#8220;15px||||false|false&#8220; hover_enabled=&#8220;0&#8243; global_colors_info=&#8220;{%22gcid-d15821fb-ca65-4f29-bfd5-ea044f046af4%22:%91%22header_3_text_color%22%93}&#8220; theme_builder_area=&#8220;post_content&#8220; sticky_enabled=&#8220;0&#8243;]<\/p>\n<h4 style=\"text-align: left;\">Obsah<\/h4>\n<ul>\n<li style=\"list-style-type: none;\">\n<ul>\n<li style=\"text-align: left;\">Za obsah posteru jsou pln\u011b odpov\u011bdn\u00ed prezentuj\u00edc\u00ed auto\u0159i.<\/li>\n<li style=\"text-align: left;\">Uve\u010fte kr\u00e1tk\u00fd popisn\u00fd n\u00e1zev, pln\u00e1 jm\u00e9na autor\u016f a jejich afiliace.<\/li>\n<\/ul>\n<\/li>\n<\/ul>\n<h4 style=\"text-align: left;\"><strong>Vyj\u00e1d\u0159ete sv\u00e9 poselstv\u00ed jasn\u011b<\/strong><\/h4>\n<ul>\n<li style=\"list-style-type: none;\">\n<ul>\n<li style=\"text-align: left;\">Zv\u00fdrazn\u011bte sv\u016fj C\u00cdL a Z\u00c1V\u011aR pomoc\u00ed tu\u010dn\u00e9ho a barevn\u00e9ho p\u00edsma.<\/li>\n<\/ul>\n<\/li>\n<\/ul>\n<h4 style=\"text-align: left;\"><strong>Bu\u010fte stru\u010dn\u00ed<\/strong><\/h4>\n<ul>\n<li style=\"list-style-type: none;\">\n<ul>\n<li style=\"text-align: left;\">Pou\u017e\u00edvejte odr\u00e1\u017eky a pouze nejd\u016fle\u017eit\u011bj\u0161\u00ed text.<\/li>\n<li style=\"text-align: left;\">200-300 slov je pro hlavn\u00ed text v\u00edce ne\u017e dost.<\/li>\n<\/ul>\n<\/li>\n<\/ul>\n<h4 style=\"text-align: left;\"><strong>Obr\u00e1zky a grafika<\/strong><\/h4>\n<ul>\n<li style=\"list-style-type: none;\">\n<ul>\n<li style=\"text-align: left;\">Zvl\u00e1\u0161tn\u00ed pozornost je t\u0159eba v\u011bnovat rozli\u0161en\u00ed obr\u00e1zk\u016f. Obecn\u011b plat\u00ed, \u017ee pou\u017e\u00edvejte rozli\u0161en\u00ed alespo\u0148 300 dpi. <\/li>\n<li style=\"text-align: left;\">Vyu\u017eijte barvy a grafiku. Pro grafick\u00e9 zn\u00e1zorn\u011bn\u00ed v\u00fdsledk\u016f studie se doporu\u010duj\u00ed alespo\u0148 3 obr\u00e1zky nebo \u010d\u00edsla. <\/li>\n<\/ul>\n<\/li>\n<\/ul>\n<p style=\"text-align: left;\">Pro zaji\u0161t\u011bn\u00ed \u010ditelnosti ze vzd\u00e1lenosti 2 metr\u016f doporu\u010dujeme n\u00e1sleduj\u00edc\u00ed minim\u00e1ln\u00ed velikosti p\u00edsma:<\/p>\n<p style=\"text-align: left;\">\n<ul>\n<li style=\"list-style-type: none;\">\n<ul>\n<li style=\"text-align: left;\">alespo\u0148 60pt pro nadpis.<\/li>\n<li style=\"text-align: left;\">alespo\u0148 44pt pro autory\/p\u0159\u00edslu\u0161enstv\u00ed a p\u0159\u00edpadn\u00e9 nadpisy sekc\u00ed;<\/li>\n<li style=\"text-align: left;\">alespo\u0148 36pt pro hlavn\u00ed text.<\/li>\n<\/ul>\n<\/li>\n<\/ul>\n<p>[\/et_pb_text][et_pb_divider color=&#8220;rgba(71,11,87,0.24)&#8220; divider_style=&#8220;dotted&#8220; divider_weight=&#8220;5px&#8220; _builder_version=&#8220;4.27.2&#8243; _module_preset=&#8220;default&#8220; custom_margin=&#8220;||-2px|||&#8220; global_module=&#8220;251&#8243; saved_tabs=&#8220;all&#8220; global_colors_info=&#8220;{}&#8220; theme_builder_area=&#8220;post_content&#8220;][\/et_pb_divider][et_pb_text _builder_version=&#8220;4.27.2&#8243; _module_preset=&#8220;1293383d-fbee-4d75-8a6f-4e879201c442&#8243; header_3_text_color=&#8220;gcid-d15821fb-ca65-4f29-bfd5-ea044f046af4&#8243; text_orientation=&#8220;center&#8220; custom_margin=&#8220;||10px||false|false&#8220; hover_enabled=&#8220;0&#8243; global_colors_info=&#8220;{%22gcid-d15821fb-ca65-4f29-bfd5-ea044f046af4%22:%91%22header_3_text_color%22%93}&#8220; theme_builder_area=&#8220;post_content&#8220; sticky_enabled=&#8220;0&#8243; custom_padding=&#8220;17px|||||&#8220;]<\/p>\n<p style=\"text-align: left;\">Pokud m\u00e1te jak\u00e9koli dotazy nebo pot\u0159ebujete dal\u0161\u00ed informace, nev\u00e1hejte n\u00e1s kontaktovat na <a href=\"mailto:abstracts@arttherapyfestival.org\">adrese abstracts@arttherapyfestival.org<\/a>.<\/p>\n<p>[\/et_pb_text][\/et_pb_column][\/et_pb_row][\/et_pb_section]<\/p>\n","protected":false},"excerpt":{"rendered":"<p>Pokyny k plak\u00e1t\u016fmP\u0159i p\u0159\u00edprav\u011b posteru si pros\u00edm pe\u010dliv\u011b p\u0159e\u010dt\u011bte n\u00e1sleduj\u00edc\u00ed pokyny.V\u0161ichni prezentuj\u00edc\u00ed auto\u0159i, kte\u0159\u00ed se akce z\u00fa\u010dastn\u00ed, by m\u011bli na m\u00edsto kon\u00e1n\u00ed p\u0159in\u00e9st sv\u00e9 vyti\u0161t\u011bn\u00e9 postery. Poster nen\u00ed t\u0159eba nahr\u00e1vat online. PO\u017dADAVKY NA PLAK\u00c1T<div class=\"et_pb_module dvmd_table_maker dvmd_table_maker_0 dvmd_tm_version_3_1_2\">\n\t\t\t\t\n\t\t\t\t\n\t\t\t\t\n\t\t\t\t\n\t\t\t\t\n\t\t\t\t\n\t\t\t\t<div class=\"et_pb_module_inner\">\n\t\t\t\t\t\n\t\t\t\t<\/div>\n\t\t\t<\/div><\/p>\n","protected":false},"author":1,"featured_media":0,"parent":0,"menu_order":0,"comment_status":"closed","ping_status":"closed","template":"","meta":{"_et_pb_use_builder":"on","_et_pb_old_content":"","_et_gb_content_width":"","footnotes":""},"class_list":["post-2161","page","type-page","status-publish","hentry"],"_links":{"self":[{"href":"https:\/\/arttherapyfestival.org\/cs\/wp-json\/wp\/v2\/pages\/2161","targetHints":{"allow":["GET"]}}],"collection":[{"href":"https:\/\/arttherapyfestival.org\/cs\/wp-json\/wp\/v2\/pages"}],"about":[{"href":"https:\/\/arttherapyfestival.org\/cs\/wp-json\/wp\/v2\/types\/page"}],"author":[{"embeddable":true,"href":"https:\/\/arttherapyfestival.org\/cs\/wp-json\/wp\/v2\/users\/1"}],"replies":[{"embeddable":true,"href":"https:\/\/arttherapyfestival.org\/cs\/wp-json\/wp\/v2\/comments?post=2161"}],"version-history":[{"count":2,"href":"https:\/\/arttherapyfestival.org\/cs\/wp-json\/wp\/v2\/pages\/2161\/revisions"}],"predecessor-version":[{"id":2163,"href":"https:\/\/arttherapyfestival.org\/cs\/wp-json\/wp\/v2\/pages\/2161\/revisions\/2163"}],"wp:attachment":[{"href":"https:\/\/arttherapyfestival.org\/cs\/wp-json\/wp\/v2\/media?parent=2161"}],"curies":[{"name":"wp","href":"https:\/\/api.w.org\/{rel}","templated":true}]}}