{"id":1153,"date":"2024-10-18T10:11:35","date_gmt":"2024-10-18T10:11:35","guid":{"rendered":"https:\/\/arttherapyfestival.org\/misto-konani-a-jak-se-tam-dostat\/"},"modified":"2025-09-19T12:39:49","modified_gmt":"2025-09-19T12:39:49","slug":"misto-konani-a-jak-se-tam-dostat","status":"publish","type":"page","link":"https:\/\/arttherapyfestival.org\/cs\/misto-konani-a-jak-se-tam-dostat\/","title":{"rendered":"M\u00edsto kon\u00e1n\u00ed a jak se tam dostat"},"content":{"rendered":"<p>[et_pb_section fb_built=&#8220;1&#8243; admin_label=&#8220;Header&#8220; _builder_version=&#8220;4.27.2&#8243; _module_preset=&#8220;default&#8220; background_color=&#8220;rgba(255,255,255,0.96)&#8220; background_image=&#8220;https:\/\/arttherapyfestival.org\/wp-content\/uploads\/2025\/03\/hamu-_panorama.jpg__1920x1080_q95_subsampling-2.png&#8220; background_blend=&#8220;soft-light&#8220; custom_padding=&#8220;||5px|||&#8220; locked=&#8220;off&#8220; collapsed=&#8220;on&#8220; global_colors_info=&#8220;{}&#8220; da_is_popup=&#8220;off&#8220; da_exit_intent=&#8220;off&#8220; da_has_close=&#8220;on&#8220; da_alt_close=&#8220;off&#8220; da_dark_close=&#8220;off&#8220; da_not_modal=&#8220;on&#8220; da_is_singular=&#8220;off&#8220; da_with_loader=&#8220;off&#8220; da_has_shadow=&#8220;on&#8220; da_disable_devices=&#8220;off|off|off&#8220;][et_pb_row column_structure=&#8220;1_2,1_2&#8243; _builder_version=&#8220;4.23.2&#8243; _module_preset=&#8220;default&#8220; global_colors_info=&#8220;{}&#8220;][et_pb_column type=&#8220;1_2&#8243; _builder_version=&#8220;4.23.2&#8243; _module_preset=&#8220;default&#8220; global_colors_info=&#8220;{}&#8220;][et_pb_text _builder_version=&#8220;4.27.2&#8243; _module_preset=&#8220;_initial&#8220; header_font=&#8220;|300|||||||&#8220; header_4_font=&#8220;Poppins|300|||||||&#8220; header_4_text_color=&#8220;gcid-d15821fb-ca65-4f29-bfd5-ea044f046af4&#8243; custom_margin=&#8220;||19px|||&#8220; global_colors_info=&#8220;{%22gcid-d15821fb-ca65-4f29-bfd5-ea044f046af4%22:%91%22header_4_text_color%22%93}&#8220;]<\/p>\n<h4><span style=\"color: #999999;\">VENUE<\/span><\/h4>\n<p>[\/et_pb_text][et_pb_text _builder_version=&#8220;4.27.2&#8243; _module_preset=&#8220;_initial&#8220; header_text_color=&#8220;gcid-d15821fb-ca65-4f29-bfd5-ea044f046af4&#8243; header_font_size=&#8220;40px&#8220; custom_margin=&#8220;||10px||false|false&#8220; global_colors_info=&#8220;{%22gcid-d15821fb-ca65-4f29-bfd5-ea044f046af4%22:%91%22header_text_color%22%93}&#8220;]<\/p>\n<h2>Akademie m\u00fazick\u00fdch um\u011bn\u00ed v Praze - Hudebn\u00ed a tane\u010dn\u00ed fakulta (HAMU)<\/h2>\n<p>[\/et_pb_text][et_pb_text _builder_version=&#8220;4.27.2&#8243; _module_preset=&#8220;_initial&#8220; text_text_color=&#8220;gcid-d15821fb-ca65-4f29-bfd5-ea044f046af4&#8243; global_colors_info=&#8220;{%22gcid-d15821fb-ca65-4f29-bfd5-ea044f046af4%22:%91%22text_text_color%22%93}&#8220;]<\/p>\n<div class=\"ql-block\" data-block-id=\"block-309c1626-a654-4bf6-a494-94f00a7a8fc7\">\n<p>Jsme r\u00e1di, \u017ee m\u016f\u017eeme hostit <strong>Sv\u011btov\u00fd festival arteterapie 2025<\/strong> na presti\u017en\u00ed <strong>Akademii m\u00fazick\u00fdch um\u011bn\u00ed v Praze (HAMU)<\/strong>. HAMU se nach\u00e1z\u00ed v sam\u00e9m <strong>srdci historick\u00e9ho m\u011bsta<\/strong> a nab\u00edz\u00ed inspirativn\u00ed a tv\u016fr\u010d\u00ed atmosf\u00e9ru, kter\u00e1 dokonale dopl\u0148uje ducha arteterapie. <\/p>\n<p>S\u00eddlo se nach\u00e1z\u00ed na <strong>Mal\u00e9 Stran\u011b<\/strong>, kombinuje <strong>kr\u00e1snou historickou architekturu<\/strong> s <strong>modern\u00edm vybaven\u00edm<\/strong> a nab\u00edz\u00ed ide\u00e1ln\u00ed prost\u0159ed\u00ed pro poutav\u00e9 diskuse, workshopy a p\u0159edstaven\u00ed. \u00da\u010dastn\u00edci budou m\u00edt k dispozici nejmodern\u011bj\u0161\u00ed konferen\u010dn\u00ed m\u00edstnosti, um\u011bleck\u00e9 prostory a p\u0159\u00edjemn\u00e9 prost\u0159ed\u00ed navr\u017een\u00e9 tak, aby podporovalo kreativitu a spolupr\u00e1ci. <\/p>\n<p>D\u00edky sv\u00e9 centr\u00e1ln\u00ed poloze je HAMU snadno <strong>dostupn\u00e1 ve\u0159ejnou dopravou<\/strong> a nach\u00e1z\u00ed se <strong>v p\u011b\u0161\u00ed vzd\u00e1lenosti od nejzn\u00e1m\u011bj\u0161\u00edch pra\u017esk\u00fdch pam\u00e1tek,<\/strong> v\u010detn\u011b <strong>Karlova mostu, Pra\u017esk\u00e9ho hradu a Vltavy<\/strong>.<\/p>\n<\/div>\n<p>[\/et_pb_text][et_pb_button button_url=&#8220;https:\/\/www.hamu.cz\/cs\/&#8220; url_new_window=&#8220;on&#8220; button_text=&#8220;NAV\u0160TIVTE WEBOV\u00c9 STR\u00c1NKY AKADEMIE HAMU&#8220; _builder_version=&#8220;4.27.2&#8243; _module_preset=&#8220;default&#8220; custom_margin=&#8220;||43px|||&#8220; hover_enabled=&#8220;0&#8243; global_colors_info=&#8220;{%22gcid-heading-color%22:%91%22button_text_color%22%93}&#8220; custom_button=&#8220;on&#8220; button_text_color=&#8220;gcid-heading-color&#8220; button_border_radius=&#8220;100px&#8220; sticky_enabled=&#8220;0&#8243;][\/et_pb_button][et_pb_text _builder_version=&#8220;4.27.2&#8243; _module_preset=&#8220;default&#8220; text_text_color=&#8220;gcid-d15821fb-ca65-4f29-bfd5-ea044f046af4&#8243; global_colors_info=&#8220;{%22gcid-d15821fb-ca65-4f29-bfd5-ea044f046af4%22:%91%22text_text_color%22%93}&#8220;]<\/p>\n<h4><strong>ADRESA<\/strong><\/h4>\n<p><strong><\/strong><\/p>\n<p style=\"padding-left: 40px;\">Malostransk\u00e9 n\u00e1m. 258\/13, <br \/>118 00 Praha 1 <\/p>\n<p>[\/et_pb_text][\/et_pb_column][et_pb_column type=&#8220;1_2&#8243; _builder_version=&#8220;4.23.2&#8243; _module_preset=&#8220;default&#8220; global_colors_info=&#8220;{}&#8220;][et_pb_image src=&#8220;https:\/\/arttherapyfestival.org\/wp-content\/uploads\/2025\/03\/lichtejstejn-to_use__kopie.jpg__600x350_q95_crop_subsampling-2_upscale-1.jpg&#8220; title_text=&#8220;lichtejstejn-to_use__kopie.jpg__600x350_q95_crop_subsampling-2_upscale (1)&#8220; _builder_version=&#8220;4.27.2&#8243; _module_preset=&#8220;default&#8220; custom_margin=&#8220;46px||13px|||&#8220; border_radii=&#8220;on|15px|15px|15px|15px&#8220; global_colors_info=&#8220;{}&#8220;][\/et_pb_image][et_pb_image src=&#8220;https:\/\/arttherapyfestival.org\/wp-content\/uploads\/2025\/03\/Hamu.jpg&#8220; title_text=&#8220;Hamu&#8220; _builder_version=&#8220;4.27.2&#8243; _module_preset=&#8220;default&#8220; custom_margin=&#8220;18px|||||&#8220; border_radii=&#8220;on|15px|15px|15px|15px&#8220; global_colors_info=&#8220;{}&#8220;][\/et_pb_image][\/et_pb_column][\/et_pb_row][et_pb_row _builder_version=&#8220;4.27.2&#8243; _module_preset=&#8220;default&#8220; custom_padding=&#8220;2px|||||&#8220; global_colors_info=&#8220;{}&#8220;][et_pb_column type=&#8220;4_4&#8243; _builder_version=&#8220;4.27.2&#8243; _module_preset=&#8220;default&#8220; global_colors_info=&#8220;{}&#8220;][et_pb_code _builder_version=&#8220;4.27.2&#8243; _module_preset=&#8220;default&#8220; border_radii=&#8220;on|15px|15px|15px|15px&#8220; global_colors_info=&#8220;{}&#8220;]<iframe src=\"https:\/\/www.google.com\/maps\/embed?pb=!1m18!1m12!1m3!1d1279.956798188744!2d14.40120954668546!3d50.087904552981385!2m3!1f0!2f0!3f0!3m2!1i1024!2i768!4f13.1!3m3!1m2!1s0x470b94e2125a014b%3A0xadceee762ddbe06f!2sMusic%20and%20Dance%20Faculty%20of%20the%20Academy%20of%20Performing%20Arts%20in%20Prague!5e0!3m2!1sen!2scz!4v1740999982215!5m2!1sen!2scz\" width=\"100%\" height=\"350\" style=\"border:0;\" allowfullscreen=\"\" loading=\"lazy\" referrerpolicy=\"no-referrer-when-downgrade\"><\/iframe>[\/et_pb_code][\/et_pb_column][\/et_pb_row][\/et_pb_section][et_pb_section fb_built=&#8220;1&#8243; disabled_on=&#8220;on|on|on&#8220; admin_label=&#8220;Services&#8220; _builder_version=&#8220;4.27.2&#8243; _module_preset=&#8220;default&#8220; background_color=&#8220;gcid-ae2718f9-596d-4e4c-a089-a3606cb7bdc2&#8243; disabled=&#8220;on&#8220; collapsed=&#8220;on&#8220; global_colors_info=&#8220;{%22gcid-ae2718f9-596d-4e4c-a089-a3606cb7bdc2%22:%91%22background_color%22%93}&#8220; da_is_popup=&#8220;off&#8220; da_exit_intent=&#8220;off&#8220; da_has_close=&#8220;on&#8220; da_alt_close=&#8220;off&#8220; da_dark_close=&#8220;off&#8220; da_not_modal=&#8220;on&#8220; da_is_singular=&#8220;off&#8220; da_with_loader=&#8220;off&#8220; da_has_shadow=&#8220;on&#8220; da_disable_devices=&#8220;off|off|off&#8220;][et_pb_row column_structure=&#8220;1_3,1_3,1_3&#8243; custom_padding_last_edited=&#8220;on|tablet&#8220; _builder_version=&#8220;4.23.2&#8243; _module_preset=&#8220;default&#8220; custom_padding_tablet=&#8220;||0px||false|false&#8220; custom_padding_phone=&#8220;||0px||false|false&#8220; locked=&#8220;off&#8220; global_colors_info=&#8220;{}&#8220;][et_pb_column type=&#8220;1_3&#8243; _builder_version=&#8220;4.23.2&#8243; _module_preset=&#8220;default&#8220; global_colors_info=&#8220;{}&#8220;][et_pb_image src=&#8220;https:\/\/arttherapyfestival.org\/wp-content\/uploads\/2024\/10\/Art-Therapist-08-1.png&#8220; title_text=&#8220;Um\u011bleck\u00fd terapeut-08-1&#8243; _builder_version=&#8220;4.24.2&#8243; _module_preset=&#8220;default&#8220; max_width=&#8220;64px&#8220; max_height=&#8220;64px&#8220; global_colors_info=&#8220;{}&#8220;][\/et_pb_image][et_pb_text _builder_version=&#8220;4.23.2&#8243; _module_preset=&#8220;fe95bef5-dae4-41cf-97c1-d2d58e69673b&#8220; header_3_text_color=&#8220;gcid-d15821fb-ca65-4f29-bfd5-ea044f046af4&#8243; custom_margin=&#8220;||10px||false|false&#8220; global_colors_info=&#8220;{%22gcid-d15821fb-ca65-4f29-bfd5-ea044f046af4%22:%91%22header_3_text_color%22%93}&#8220;]<\/p>\n<h3>Individu\u00e1ln\u00ed arteterapeutick\u00e1 sezen\u00ed<\/h3>\n<p>[\/et_pb_text][et_pb_text _builder_version=&#8220;4.23.2&#8243; _module_preset=&#8220;ea0531e1-64f5-4985-8545-07e6db5a50c9&#8243; text_text_color=&#8220;gcid-d15821fb-ca65-4f29-bfd5-ea044f046af4&#8243; global_colors_info=&#8220;{%22gcid-d15821fb-ca65-4f29-bfd5-ea044f046af4%22:%91%22text_text_color%22%93}&#8220;]Lorem ipsum dolor sit amet.[\/et_pb_text][\/et_pb_column][et_pb_column type=&#8220;1_3&#8243; _builder_version=&#8220;4.23.2&#8243; _module_preset=&#8220;default&#8220; global_colors_info=&#8220;{}&#8220;][et_pb_image src=&#8220;https:\/\/arttherapyfestival.org\/wp-content\/uploads\/2024\/10\/Art-Therapist-07-1.png&#8220; title_text=&#8220;Um\u011bleck\u00fd terapeut-07-1&#8243; _builder_version=&#8220;4.24.2&#8243; _module_preset=&#8220;default&#8220; max_width=&#8220;64px&#8220; max_height=&#8220;64px&#8220; global_colors_info=&#8220;{}&#8220;][\/et_pb_image][et_pb_text _builder_version=&#8220;4.23.2&#8243; _module_preset=&#8220;fe95bef5-dae4-41cf-97c1-d2d58e69673b&#8220; header_3_text_color=&#8220;gcid-d15821fb-ca65-4f29-bfd5-ea044f046af4&#8243; custom_margin=&#8220;||10px||false|false&#8220; global_colors_info=&#8220;{%22gcid-d15821fb-ca65-4f29-bfd5-ea044f046af4%22:%91%22header_3_text_color%22%93}&#8220;]<\/p>\n<h3>Skupinov\u00e9 arteterapeutick\u00e9 workshopy<\/h3>\n<p>[\/et_pb_text][et_pb_text _builder_version=&#8220;4.23.2&#8243; _module_preset=&#8220;ea0531e1-64f5-4985-8545-07e6db5a50c9&#8243; text_text_color=&#8220;gcid-d15821fb-ca65-4f29-bfd5-ea044f046af4&#8243; locked=&#8220;off&#8220; global_colors_info=&#8220;{%22gcid-d15821fb-ca65-4f29-bfd5-ea044f046af4%22:%91%22text_text_color%22%93}&#8220;]Consectetur adipiscing elit.[\/et_pb_text][\/et_pb_column][et_pb_column type=&#8220;1_3&#8243; _builder_version=&#8220;4.23.2&#8243; _module_preset=&#8220;default&#8220; global_colors_info=&#8220;{}&#8220;][et_pb_image src=&#8220;https:\/\/arttherapyfestival.org\/wp-content\/uploads\/2024\/10\/Art-Therapist-06-1.png&#8220; title_text=&#8220;Um\u011bleck\u00fd terapeut-06-1&#8243; _builder_version=&#8220;4.24.2&#8243; _module_preset=&#8220;default&#8220; max_width=&#8220;64px&#8220; max_height=&#8220;64px&#8220; global_colors_info=&#8220;{}&#8220;][\/et_pb_image][et_pb_text _builder_version=&#8220;4.23.2&#8243; _module_preset=&#8220;fe95bef5-dae4-41cf-97c1-d2d58e69673b&#8220; header_3_text_color=&#8220;gcid-d15821fb-ca65-4f29-bfd5-ea044f046af4&#8243; custom_margin=&#8220;||10px||false|false&#8220; global_colors_info=&#8220;{%22gcid-d15821fb-ca65-4f29-bfd5-ea044f046af4%22:%91%22header_3_text_color%22%93}&#8220;]<\/p>\n<h3>Expresivn\u00ed um\u011bleck\u00e9 pobyty<\/h3>\n<p>[\/et_pb_text][et_pb_text _builder_version=&#8220;4.23.2&#8243; _module_preset=&#8220;ea0531e1-64f5-4985-8545-07e6db5a50c9&#8243; text_text_color=&#8220;gcid-d15821fb-ca65-4f29-bfd5-ea044f046af4&#8243; locked=&#8220;off&#8220; global_colors_info=&#8220;{%22gcid-d15821fb-ca65-4f29-bfd5-ea044f046af4%22:%91%22text_text_color%22%93}&#8220;] Donec sed finibus nisi, sed dictum eros.[\/et_pb_text][\/et_pb_column][\/et_pb_row][\/et_pb_section][et_pb_section fb_built=&#8220;1&#8243; disabled_on=&#8220;on|on|on&#8220; admin_label=&#8220;Approach&#8220; _builder_version=&#8220;4.27.2&#8243; _module_preset=&#8220;default&#8220; disabled=&#8220;on&#8220; collapsed=&#8220;on&#8220; global_colors_info=&#8220;{}&#8220; da_is_popup=&#8220;off&#8220; da_exit_intent=&#8220;off&#8220; da_has_close=&#8220;on&#8220; da_alt_close=&#8220;off&#8220; da_dark_close=&#8220;off&#8220; da_not_modal=&#8220;on&#8220; da_is_singular=&#8220;off&#8220; da_with_loader=&#8220;off&#8220; da_has_shadow=&#8220;on&#8220; da_disable_devices=&#8220;off|off|off&#8220;][et_pb_row column_structure=&#8220;1_2,1_2&#8243; _builder_version=&#8220;4.23.2&#8243; _module_preset=&#8220;default&#8220; global_colors_info=&#8220;{}&#8220;][et_pb_column type=&#8220;1_2&#8243; _builder_version=&#8220;4.23.2&#8243; _module_preset=&#8220;default&#8220; global_colors_info=&#8220;{}&#8220;][et_pb_image src=&#8220;https:\/\/arttherapyfestival.org\/wp-content\/uploads\/2024\/10\/art-therapist-illustration-14-1.png&#8220; title_text=&#8220;arteterapeut-ilustrace-14-1&#8243; _builder_version=&#8220;4.24.2&#8243; _module_preset=&#8220;default&#8220; global_colors_info=&#8220;{}&#8220;][\/et_pb_image][\/et_pb_column][et_pb_column type=&#8220;1_2&#8243; _builder_version=&#8220;4.23.2&#8243; _module_preset=&#8220;default&#8220; global_colors_info=&#8220;{}&#8220;][et_pb_text _builder_version=&#8220;4.23.2&#8243; _module_preset=&#8220;b6418340-8ef7-44a2-a5b4-f44df67de452&#8243; header_2_text_color=&#8220;gcid-d15821fb-ca65-4f29-bfd5-ea044f046af4&#8243; global_colors_info=&#8220;{%22gcid-d15821fb-ca65-4f29-bfd5-ea044f046af4%22:%91%22header_2_text_color%22%93}&#8220;]<\/p>\n<h2>Sv\u011b\u017e\u00ed a kreativn\u00ed p\u0159\u00edstup k terapii<\/h2>\n<p>[\/et_pb_text][et_pb_text _builder_version=&#8220;4.24.2&#8243; _module_preset=&#8220;ea0531e1-64f5-4985-8545-07e6db5a50c9&#8243; text_text_color=&#8220;gcid-d15821fb-ca65-4f29-bfd5-ea044f046af4&#8243; global_colors_info=&#8220;{%22gcid-d15821fb-ca65-4f29-bfd5-ea044f046af4%22:%91%22text_text_color%22%93}&#8220;]<\/p>\n<p>Lorem ipsum dolor sit amet, consectetur adipiscing elit. Donec sed finibus nisi, sed dictum eros. Quisque aliquet velit sit amet sem interdum faucibus. In feugiat aliquet mollis etiam tincidunt ligula.    Lorem ipsum dolor sit amet, consectetur adipiscing elit. Donec sed finibus nisi, sed dictum eros. Quisque aliquet velit sit amet sem interdum faucibus. In feugiat aliquet mollis etiam tincidunt ligula.    Lorem ipsum<\/p>\n<p>[\/et_pb_text][et_pb_button button_text=&#8220;Zobrazit slu\u017eby&#8220; _builder_version=&#8220;4.24.2&#8243; _module_preset=&#8220;1f063a9d-c1f5-4114-8916-2fcdb0a62767&#8243; locked=&#8220;off&#8220; global_colors_info=&#8220;{}&#8220;][\/et_pb_button][\/et_pb_column][\/et_pb_row][\/et_pb_section][et_pb_section fb_built=&#8220;1&#8243; disabled_on=&#8220;on|on|on&#8220; admin_label=&#8220;About&#8220; _builder_version=&#8220;4.27.2&#8243; _module_preset=&#8220;default&#8220; disabled=&#8220;on&#8220; locked=&#8220;off&#8220; collapsed=&#8220;on&#8220; global_colors_info=&#8220;{}&#8220; da_is_popup=&#8220;off&#8220; da_exit_intent=&#8220;off&#8220; da_has_close=&#8220;on&#8220; da_alt_close=&#8220;off&#8220; da_dark_close=&#8220;off&#8220; da_not_modal=&#8220;on&#8220; da_is_singular=&#8220;off&#8220; da_with_loader=&#8220;off&#8220; da_has_shadow=&#8220;on&#8220; da_disable_devices=&#8220;off|off|off&#8220;][et_pb_row _builder_version=&#8220;4.23.2&#8243; _module_preset=&#8220;default&#8220; global_colors_info=&#8220;{}&#8220;][et_pb_column type=&#8220;4_4&#8243; _builder_version=&#8220;4.23.2&#8243; _module_preset=&#8220;default&#8220; global_colors_info=&#8220;{}&#8220;][et_pb_divider color=&#8220;rgba(71,11,87,0.24)&#8220; divider_style=&#8220;dotted&#8220; divider_weight=&#8220;5px&#8220; _builder_version=&#8220;4.27.2&#8243; _module_preset=&#8220;default&#8220; custom_margin=&#8220;||-2px|||&#8220; global_module=&#8220;251&#8243; saved_tabs=&#8220;all&#8220; global_colors_info=&#8220;{}&#8220;][\/et_pb_divider][\/et_pb_column][\/et_pb_row][et_pb_row column_structure=&#8220;2_3,1_3&#8243; _builder_version=&#8220;4.23.2&#8243; _module_preset=&#8220;default&#8220; global_colors_info=&#8220;{}&#8220;][et_pb_column type=&#8220;2_3&#8243; _builder_version=&#8220;4.23.2&#8243; _module_preset=&#8220;default&#8220; global_colors_info=&#8220;{}&#8220;][et_pb_text _builder_version=&#8220;4.27.2&#8243; _module_preset=&#8220;_initial&#8220; header_2_text_color=&#8220;gcid-d15821fb-ca65-4f29-bfd5-ea044f046af4&#8243; header_2_font_size=&#8220;30px&#8220; custom_margin=&#8220;||10px||false|false&#8220; global_colors_info=&#8220;{%22gcid-d15821fb-ca65-4f29-bfd5-ea044f046af4%22:%91%22header_2_text_color%22%93}&#8220;]<\/p>\n<h2>Ve\u0159ejn\u00e1 doprava z\/na leti\u0161t\u011b Praha<\/h2>\n<p>[\/et_pb_text][et_pb_text _builder_version=&#8220;4.27.2&#8243; _module_preset=&#8220;_initial&#8220; text_text_color=&#8220;gcid-d15821fb-ca65-4f29-bfd5-ea044f046af4&#8243; global_colors_info=&#8220;{%22gcid-d15821fb-ca65-4f29-bfd5-ea044f046af4%22:%91%22text_text_color%22%93}&#8220;]<\/p>\n<p>Pra\u017esk\u00e9 leti\u0161t\u011b je mezin\u00e1rodn\u00edm leteck\u00fdm uzlem, kter\u00fd ro\u010dn\u011b odbav\u00ed v\u00edce ne\u017e 13 milion\u016f cestuj\u00edc\u00edch. Ti si mohou vybrat z nab\u00eddky 60 leteck\u00fdch spole\u010dnost\u00ed, kter\u00e9 Prahu p\u0159\u00edmo spojuj\u00ed s v\u00edce ne\u017e 150 destinacemi po cel\u00e9m sv\u011bt\u011b. P\u016fsob\u00ed zde p\u011bt pravideln\u00fdch dopravc\u016f Cargo a des\u00edtky dal\u0161\u00edch spole\u010dnost\u00ed zaji\u0161\u0165uj\u00edc\u00edch charterov\u00e9 lety.  <\/p>\n<p><strong>Informace o leti\u0161ti:<\/strong><br \/><strong>Nonstop telefonn\u00ed linka<\/strong><\/p>\n<p style=\"padding-left: 40px;\">Tel: +420 220 111 888<br \/>AFTN: LKPRYDYX<br \/>SITA: PRGCZ7X, PRVCZ7X<br \/><span><a href=\"http:\/\/www.prg.aero\/en\">www.prg.aero\/en<\/a><\/span><\/p>\n<p>[\/et_pb_text][\/et_pb_column][et_pb_column type=&#8220;1_3&#8243; _builder_version=&#8220;4.23.2&#8243; _module_preset=&#8220;default&#8220; global_colors_info=&#8220;{}&#8220;][et_pb_image src=&#8220;https:\/\/arttherapyfestival.org\/wp-content\/uploads\/2024\/10\/subway-underground-train-coming-to-platform-2022-10-24-21-57-14-utc-scaled-1.jpg&#8220; title_text=&#8220;subway-underground-train-coming-to-platform-2022-10-24-21-57-14-utc-scaled-1&#8243; align=&#8220;center&#8220; _builder_version=&#8220;4.27.2&#8243; _module_preset=&#8220;default&#8220; border_radii=&#8220;on|500px|500px|500px|500px&#8220; global_colors_info=&#8220;{}&#8220;][\/et_pb_image][et_pb_image src=&#8220;https:\/\/arttherapyfestival.org\/wp-content\/uploads\/2024\/10\/ATF_graphic3.png&#8220; title_text=&#8220;ATF_graphic3&#8243; admin_label=&#8220;Image&#8220; _builder_version=&#8220;4.27.2&#8243; _module_preset=&#8220;default&#8220; positioning=&#8220;absolute&#8220; position_origin_a=&#8220;bottom_right&#8220; width=&#8220;30%&#8220; global_colors_info=&#8220;{}&#8220;][\/et_pb_image][\/et_pb_column][\/et_pb_row][et_pb_row _builder_version=&#8220;4.23.2&#8243; _module_preset=&#8220;default&#8220; custom_padding=&#8220;2px|||||&#8220; global_colors_info=&#8220;{}&#8220;][et_pb_column type=&#8220;4_4&#8243; _builder_version=&#8220;4.23.2&#8243; _module_preset=&#8220;default&#8220; global_colors_info=&#8220;{}&#8220;][et_pb_text _builder_version=&#8220;4.27.2&#8243; _module_preset=&#8220;default&#8220; text_text_color=&#8220;gcid-d15821fb-ca65-4f29-bfd5-ea044f046af4&#8243; custom_margin=&#8220;||3px|||&#8220; global_colors_info=&#8220;{%22gcid-d15821fb-ca65-4f29-bfd5-ea044f046af4%22:%91%22text_text_color%22%93}&#8220;]<\/p>\n<p>Z leti\u0161t\u011b se m\u016f\u017eete dopravit n\u011bkolika zp\u016fsoby. Doporu\u010dujeme vyu\u017e\u00edt ve\u0159ejnou dopravu z leti\u0161t\u011b do centra m\u011bsta. J\u00edzdn\u00e9 \u010din\u00ed 32 K\u010d (1,2 EUR) a plat\u00ed 90 minut v\u010detn\u011b p\u0159estup\u016f mezi metrem, tramvajemi, autobusy pra\u017esk\u00e9 MHD (linky \u010d. 100 - 299 a 901 - 915), lanovkou na Pet\u0159\u00edn, p\u0159\u00edvozy MHD a vybran\u00fdmi \u00faseky \u017eelezni\u010dn\u00edch trat\u00ed.  <\/p>\n<p>Autobusov\u00e9 zast\u00e1vky se nach\u00e1zej\u00ed p\u0159ed p\u0159\u00edletovou halou termin\u00e1lu 1 a 2.<\/p>\n<p><strong>Instrukce do Hotel Ol\u0161anka v Praze<\/strong><\/p>\n<p><strong><\/strong><\/p>\n<ol>\n<li style=\"list-style-type: none;\">\n<ol>\n<li><strong>Z leti\u0161t\u011b V\u00e1clava Havla<\/strong>:  <strong><\/strong>\n<ul>\n<li style=\"list-style-type: none;\">\n<ul>\n<li><strong>Autobus 59<\/strong>: Leti\u0161t\u011b Praha - N\u00e1dra\u017e\u00ed Veleslav\u00edn (metro A) - 15 min - Doporu\u010den\u00e1 varianta do centra m\u011bsta<\/li>\n<li>P\u0159estupte na linku metra A, sm\u011br <strong>Depo Hostiva\u0159<\/strong>.<\/li>\n<li>Na <strong>stanici Flora<\/strong> vystupte a p\u0159estupte na <strong>tramvaj 5 nebo 15<\/strong>.<\/li>\n<li>Vystupte na <strong>Ol\u0161ansk\u00e9m n\u00e1m\u011bst\u00ed<\/strong>, odkud je hotel vzd\u00e1len 3 minuty ch\u016fze.<\/li>\n<\/ul>\n<\/li>\n<\/ul>\n<\/li>\n<li><strong>Metrem<\/strong>:\n<ul>\n<li style=\"list-style-type: none;\">\n<ul>\n<li>Je\u010fte <strong>linkou A<\/strong> na <strong>Floru<\/strong> nebo <strong>Ji\u0159\u00edho z Pod\u011bbrad<\/strong> a p\u0159estupte na tramvaj.<\/li>\n<\/ul>\n<\/li>\n<\/ul>\n<\/li>\n<li><strong>Tramvaj\u00ed<\/strong>:\n<ul>\n<li style=\"list-style-type: none;\">\n<ul>\n<li>Tramvaje <strong>5, 9, 15 nebo 26<\/strong> zastavuj\u00ed na <strong>Ol\u0161ansk\u00e9m n\u00e1m\u011bst\u00ed<\/strong>, odkud jezd\u00ed p\u0159\u00edmo k hotelu.<\/li>\n<\/ul>\n<\/li>\n<\/ul>\n<\/li>\n<\/ol>\n<\/li>\n<\/ol>\n<p>[\/et_pb_text][et_pb_text _builder_version=&#8220;4.27.2&#8243; _module_preset=&#8220;default&#8220; text_text_color=&#8220;gcid-d15821fb-ca65-4f29-bfd5-ea044f046af4&#8243; global_colors_info=&#8220;{%22gcid-d15821fb-ca65-4f29-bfd5-ea044f046af4%22:%91%22text_text_color%22%93}&#8220;]<\/p>\n<h2>Prodej j\u00edzdenek na ve\u0159ejnou dopravu<\/h2>\n<p>Na transfer z leti\u0161t\u011b (nebo hlavn\u00edho n\u00e1dra\u017e\u00ed) do hotelu Ol\u0161anka budete pot\u0159ebovat jednu j\u00edzdenku.<\/p>\n<p>Pulty ve\u0159ejn\u00e9 dopravy v p\u0159\u00edletov\u00fdch hal\u00e1ch termin\u00e1l\u016f 1 a 2 jsou k dispozici od 7:00 do 21:00.<\/p>\n<p>Automaty na j\u00edzdenky jsou um\u00edst\u011bny na autobusov\u00fdch zast\u00e1vk\u00e1ch nebo na p\u0159\u00edjezdov\u00fdch termin\u00e1lech (v hotovosti nebo platebn\u00ed kartou)<br \/>U \u0159idi\u010de autobusu (v hotovosti - nedoporu\u010dujeme)<br \/> Podrobn\u00e9 informace o j\u00edzdn\u00e9m ve\u0159ejn\u00e9 dopravy najdete<a href=\"http:\/\/www.dpp.cz\/en\/fares-in-prague\/\">zde<\/a>.<\/p>\n<h2><\/h2>\n<h2>Kyvadlov\u00e1 doprava<\/h2>\n<p>Dopravu na leti\u0161t\u011b si m\u016f\u017eete objednat na <a href=\"http:\/\/www.prague-airport-transfers.co.uk\/\">webov\u00fdch str\u00e1nk\u00e1ch<\/a> nebo na \u010d\u00edsle +420 800 870 888.<\/p>\n<p>[\/et_pb_text][\/et_pb_column][\/et_pb_row][\/et_pb_section]<\/p>\n","protected":false},"excerpt":{"rendered":"<p>VENUEAkademie m\u00fazick\u00fdch um\u011bn\u00ed v Praze - Hudebn\u00ed a tane\u010dn\u00ed fakulta (HAMU) Jsme r\u00e1di, \u017ee m\u016f\u017eeme hostit Sv\u011btov\u00fd festival arteterapie 2025 na presti\u017en\u00ed Akademii m\u00fazick\u00fdch um\u011bn\u00ed v Praze (HAMU). HAMU se nach\u00e1z\u00ed v sam\u00e9m srdci historick\u00e9ho m\u011bsta a nab\u00edz\u00ed inspirativn\u00ed a tv\u016fr\u010d\u00ed atmosf\u00e9ru, kter\u00e1 dokonale dopl\u0148uje ducha arteterapie. S\u00eddlo se nach\u00e1z\u00ed na Mal\u00e9 Stran\u011b, kombinuje kr\u00e1snou [&hellip;]<\/p>\n","protected":false},"author":1,"featured_media":0,"parent":0,"menu_order":0,"comment_status":"closed","ping_status":"closed","template":"","meta":{"_et_pb_use_builder":"on","_et_pb_old_content":"","_et_gb_content_width":"","footnotes":""},"class_list":["post-1153","page","type-page","status-publish","hentry"],"_links":{"self":[{"href":"https:\/\/arttherapyfestival.org\/cs\/wp-json\/wp\/v2\/pages\/1153","targetHints":{"allow":["GET"]}}],"collection":[{"href":"https:\/\/arttherapyfestival.org\/cs\/wp-json\/wp\/v2\/pages"}],"about":[{"href":"https:\/\/arttherapyfestival.org\/cs\/wp-json\/wp\/v2\/types\/page"}],"author":[{"embeddable":true,"href":"https:\/\/arttherapyfestival.org\/cs\/wp-json\/wp\/v2\/users\/1"}],"replies":[{"embeddable":true,"href":"https:\/\/arttherapyfestival.org\/cs\/wp-json\/wp\/v2\/comments?post=1153"}],"version-history":[{"count":13,"href":"https:\/\/arttherapyfestival.org\/cs\/wp-json\/wp\/v2\/pages\/1153\/revisions"}],"predecessor-version":[{"id":2423,"href":"https:\/\/arttherapyfestival.org\/cs\/wp-json\/wp\/v2\/pages\/1153\/revisions\/2423"}],"wp:attachment":[{"href":"https:\/\/arttherapyfestival.org\/cs\/wp-json\/wp\/v2\/media?parent=1153"}],"curies":[{"name":"wp","href":"https:\/\/api.w.org\/{rel}","templated":true}]}}