{"id":1143,"date":"2024-10-18T15:18:57","date_gmt":"2024-10-18T15:18:57","guid":{"rendered":"https:\/\/arttherapyfestival.org\/prehled-programu\/"},"modified":"2025-09-23T22:55:34","modified_gmt":"2025-09-23T22:55:34","slug":"prehled-programu","status":"publish","type":"page","link":"https:\/\/arttherapyfestival.org\/cs\/prehled-programu\/","title":{"rendered":"Stru\u010dn\u00fd p\u0159ehled programu"},"content":{"rendered":"<p>[et_pb_section fb_built=&#8220;1&#8243; admin_label=&#8220;Header &#038; Pricing&#8220; _builder_version=&#8220;4.27.2&#8243; _module_preset=&#8220;default&#8220; overflow-x=&#8220;hidden&#8220; overflow-y=&#8220;hidden&#8220; collapsed=&#8220;on&#8220; global_colors_info=&#8220;{}&#8220;][et_pb_row make_equal=&#8220;on&#8220; _builder_version=&#8220;4.27.2&#8243; _module_preset=&#8220;default&#8220; locked=&#8220;off&#8220; global_colors_info=&#8220;{}&#8220;][et_pb_column type=&#8220;4_4&#8243; _builder_version=&#8220;4.23.2&#8243; _module_preset=&#8220;default&#8220; global_colors_info=&#8220;{}&#8220;][et_pb_text _builder_version=&#8220;4.27.2&#8243; _module_preset=&#8220;_initial&#8220; header_text_color=&#8220;gcid-d15821fb-ca65-4f29-bfd5-ea044f046af4&#8243; header_font_size=&#8220;40px&#8220; global_colors_info=&#8220;{%22gcid-d15821fb-ca65-4f29-bfd5-ea044f046af4%22:%91%22header_text_color%22%93}&#8220;]<\/p>\n<h1>Stru\u010dn\u00fd p\u0159ehled programu<\/h1>\n<p>[\/et_pb_text][et_pb_blurb use_icon=&#8220;on&#8220; font_icon=&#8220;&#x5a;||divi||400&#8243; icon_placement=&#8220;left&#8220; image_icon_width=&#8220;27px&#8220; content_max_width=&#8220;100%&#8220; _builder_version=&#8220;4.27.2&#8243; _module_preset=&#8220;default&#8220; background_color=&#8220;#f4fbff&#8220; image_icon_custom_margin=&#8220;10px||||false|false&#8220; custom_margin=&#8220;||||false|false&#8220; custom_padding=&#8220;20px|20px|20px|20px|false|false&#8220; border_radii=&#8220;on|20px|20px|20px|20px&#8220; global_module=&#8220;1649&#8243; saved_tabs=&#8220;all&#8220; global_colors_info=&#8220;{}&#8220;]<\/p>\n<p><strong><em>All lectures are included in the registration fee. Each participant can choose from the available parallel workshops. Please note that the capacity for individual workshops is limited. Don\u2019t wait too long \u2013 register early to secure a spot in the workshops of your choice! <\/em><\/strong><em>After completing your registration and payment, you will receive a<\/em><strong><em> questionnaire to select your preferred workshops. <\/em><\/strong><\/p>\n<p>[\/et_pb_blurb][dvmd_table_maker tbl_responsive_display_as=&#8220;accordion&#8220; tbl_tcell_cell_align_horz=&#8220;center&#8220; tbl_tcell_cell_align_vert=&#8220;center&#8220; _builder_version=&#8220;4.27.2&#8243; _module_preset=&#8220;default&#8220; tbl_tcell_text_text_color=&#8220;gcid-heading-color&#8220; tbl_chead_text_text_color=&#8220;#FFFFFF&#8220; tbl_rhead_text_text_color=&#8220;#FFFFFF&#8220; border_radii_tbl_tcell_cell_border=&#8220;on|10px|10px|10px|10px&#8220; global_colors_info=&#8220;{%22gcid-heading-color%22:%91%22tbl_tcell_text_text_color%22%93}&#8220;][dvmd_table_maker_item col_content=&#8220;<br \/>\n7:30<br \/>\n8:00<br \/>\n8:30<br \/>\n9:00<br \/>\n9:30<br \/>\n10:00<br \/>\n10:30<br \/>\n11:00<br \/>\n11:30<br \/>\n12:00<br \/>\n12:30<br \/>\n13:00<br \/>\n13:30<br \/>\n14:00<br \/>\n14:30<br \/>\n15:00<br \/>\n15:30<br \/>\n16:00<br \/>\n16:30<br \/>\n17:00<br \/>\n17:30<br \/>\n17:45<br \/>\n18:00<br \/>\n18:30<br \/>\n19:00<br \/>\n19:30<br \/>\n20:00<br \/>\n20:30<br \/>\n21:00<br \/>\n21:30<br \/>\n22:00&#8243; col_column_max_width=&#8220;0fr&#8220; _builder_version=&#8220;4.27.2&#8243; _module_preset=&#8220;default&#8220; col_tcell_text_font=&#8220;|700|||||||&#8220; global_colors_info=&#8220;{}&#8220;][\/dvmd_table_maker_item][dvmd_table_maker_item col_content=&#8220;<b>P\u00c1TEK 26. 9. 2025<\/b><br \/>\n<cell rowspan=%222%22>Otev\u0159en\u00e1 registrace<\/cell><\/p>\n<p><cell rowspan=%224%22 background=%22#EDB4FF%22>WORKSHOPY 1, 2 (DRAMA) &amp; 3 (HUDBA) &amp; 4 (TANEC)<\/cell><\/p>\n<p><cell rowspan=%221%22>P\u0159est\u00e1vka na k\u00e1vu<\/cell><br \/>\n<cell rowspan=%224%22 background=%22#EDB4FF%22>WORKSHOPY 5, 8 (HUDBA) &amp; 6, 9 (TANEC) &amp; 7 (DRAMA) &amp; 10 (UM\u011aN\u00cd)<\/cell><\/p>\n<p><cell rowspan=%222%22>P\u0159est\u00e1vka na ob\u011bd<\/cell><\/p>\n<p><cell rowspan=%224%22 background=%22#EDB4FF%22>WORKSHOPY 11, 14 (HUDBA) &amp; 12 (TANEC) &amp; 13 (UM\u011aN\u00cd)<\/cell><\/p>\n<p><cell rowspan=%221%22>P\u0159est\u00e1vka na k\u00e1vu<\/cell><br \/>\n<cell rowspan=%222%22 background=%22#EDB4FF%22>WORKSHOPY 15 (HUDBA) &amp; 16 (TANEC) &amp; 17 (UM\u011aN\u00cd)<\/cell><\/p>\n<p><cell rowspan=%221%22 background=%22#c9ffe8%22>SLAVNOSTN\u00cd ZAH\u00c1JEN\u00cd<\/cell><br \/>\n<cell rowspan=%222%22 background=%22#ffd9a1%22>WELCOME DRINK<\/cell>&#8220; col_chead_cell_color=&#8220;#ffbb00&#8243; _builder_version=&#8220;4.27.2&#8243; _module_preset=&#8220;default&#8220; global_colors_info=&#8220;{}&#8220;][\/dvmd_table_maker_item][dvmd_table_maker_item col_content=&#8220;<b>SOBOTA 27. 9. 2025<\/b><br \/>\n<cell rowspan=%222%22>Otev\u0159en\u00e1 registrace<\/cell><\/p>\n<p><cell rowspan=%224%22 background=%22#EDB4FF%22>PLEN\u00c1RN\u00cd ZASED\u00c1N\u00cd 1 (HUDBA)<\/cell><\/p>\n<p><cell rowspan=%221%22>P\u0159est\u00e1vka na k\u00e1vu<\/cell><br \/>\n<cell rowspan=%224%22 background=%22#EDB4FF%22>PLEN\u00c1RN\u00cd ZASED\u00c1N\u00cd 2 (UM\u011aN\u00cd A TANEC)<\/cell><\/p>\n<p><cell rowspan=%222%22>P\u0159est\u00e1vka na ob\u011bd<\/cell><\/p>\n<p><cell rowspan=%224%22 background=%22#EDB4FF%22>PARALELN\u00cd ZASED\u00c1N\u00cd 1 (HUDBA) A 2 (TANEC A HUDBA) A 3 (UM\u011aN\u00cd) \/ WORKSHOP 18 (HUDBA)<\/cell><\/p>\n<p><cell rowspan=%221%22>P\u0159est\u00e1vka na k\u00e1vu<\/cell><br \/>\n<cell rowspan=%225%22 background=%22#EDB4FF%22>WORKSHOPY 19, 22 (TANEC) &amp; 20, 23 (HUDBA) &amp; 21, 24 (UM\u011aN\u00cd)<\/cell><\/p>\n<p><cell rowspan=%222%22 background=%22#ffd9a1%22>SLAVNOSTN\u00cd P\u0158ED\u00c1V\u00c1N\u00cd CEN A GALAVE\u010cER<\/cell><\/p>\n<p><cell rowspan=%224%22 background=%22#ffd9a1%22>NETWORKINGOV\u00c1 VE\u010cE\u0158E<\/cell>&#8220; col_chead_cell_color=&#8220;#ff9d00&#8243; _builder_version=&#8220;4.27.2&#8243; _module_preset=&#8220;default&#8220; global_colors_info=&#8220;{}&#8220;][\/dvmd_table_maker_item][dvmd_table_maker_item col_content=&#8220;<b>NED\u011aLE 28. 9. 2025<\/b><br \/>\n<cell rowspan=%222%22>Otev\u0159en\u00e1 registrace<\/cell><\/p>\n<p><cell rowspan=%224%22 background=%22#EDB4FF%22>PARALELN\u00cd ZASED\u00c1N\u00cd 4 (HUDBA) \/ WORKSHOPY 25, 26 (HUDBA)<\/cell><\/p>\n<p><cell rowspan=%221%22>P\u0159est\u00e1vka na k\u00e1vu<\/cell><br \/>\n<cell rowspan=%224%22 background=%22#EDB4FF%22>PLEN\u00c1RN\u00cd ZASED\u00c1N\u00cd 3 (MIX)<\/cell><\/p>\n<p><cell rowspan=%221%22 background=%22#c9ffe8%22>Z\u00c1V\u011aRE\u010cN\u00dd CEREMONI\u00c1L<\/cell>&#8220; col_chead_cell_color=&#8220;#ff7f00&#8243; _builder_version=&#8220;4.27.2&#8243; _module_preset=&#8220;default&#8220; global_colors_info=&#8220;{}&#8220;][\/dvmd_table_maker_item][\/dvmd_table_maker][et_pb_blurb use_icon=&#8220;on&#8220; font_icon=&#8220;&#xe027;||divi||400&#8243; icon_placement=&#8220;left&#8220; image_icon_width=&#8220;27px&#8220; content_max_width=&#8220;100%&#8220; _builder_version=&#8220;4.27.2&#8243; _module_preset=&#8220;default&#8220; body_line_height=&#8220;2.3em&#8220; background_color=&#8220;#f4fbff&#8220; image_icon_custom_margin=&#8220;5px||||false|false&#8220; custom_margin=&#8220;||||false|false&#8220; custom_padding=&#8220;20px|20px|20px|20px|false|false&#8220; border_radii=&#8220;on|20px|20px|20px|20px&#8220; global_module=&#8220;563&#8243; saved_tabs=&#8220;all&#8220; global_colors_info=&#8220;{}&#8220;]<\/p>\n<p><strong><em>The festival will be translated between English and Czech to ensure accessibility for all participants.<br \/><\/em><\/strong><\/p>\n<p>[\/et_pb_blurb][\/et_pb_column][\/et_pb_row][\/et_pb_section]<\/p>\n","protected":false},"excerpt":{"rendered":"<p>Stru\u010dn\u00fd p\u0159ehled programuAll lectures are included in the registration fee. Each participant can choose from the available parallel workshops. Please note that the capacity for individual workshops is limited. Don\u2019t wait too long \u2013 register early to secure a spot in the workshops of your choice! After completing your registration and payment, you will receive [&hellip;]<\/p>\n","protected":false},"author":1,"featured_media":0,"parent":0,"menu_order":0,"comment_status":"closed","ping_status":"closed","template":"","meta":{"_et_pb_use_builder":"on","_et_pb_old_content":"","_et_gb_content_width":"","footnotes":""},"class_list":["post-1143","page","type-page","status-publish","hentry"],"_links":{"self":[{"href":"https:\/\/arttherapyfestival.org\/cs\/wp-json\/wp\/v2\/pages\/1143","targetHints":{"allow":["GET"]}}],"collection":[{"href":"https:\/\/arttherapyfestival.org\/cs\/wp-json\/wp\/v2\/pages"}],"about":[{"href":"https:\/\/arttherapyfestival.org\/cs\/wp-json\/wp\/v2\/types\/page"}],"author":[{"embeddable":true,"href":"https:\/\/arttherapyfestival.org\/cs\/wp-json\/wp\/v2\/users\/1"}],"replies":[{"embeddable":true,"href":"https:\/\/arttherapyfestival.org\/cs\/wp-json\/wp\/v2\/comments?post=1143"}],"version-history":[{"count":17,"href":"https:\/\/arttherapyfestival.org\/cs\/wp-json\/wp\/v2\/pages\/1143\/revisions"}],"predecessor-version":[{"id":2498,"href":"https:\/\/arttherapyfestival.org\/cs\/wp-json\/wp\/v2\/pages\/1143\/revisions\/2498"}],"wp:attachment":[{"href":"https:\/\/arttherapyfestival.org\/cs\/wp-json\/wp\/v2\/media?parent=1143"}],"curies":[{"name":"wp","href":"https:\/\/api.w.org\/{rel}","templated":true}]}}