{"id":1122,"date":"2025-02-05T12:50:17","date_gmt":"2025-02-05T12:50:17","guid":{"rendered":"https:\/\/arttherapyfestival.org\/strucny-prehled-programu\/"},"modified":"2025-04-16T15:19:07","modified_gmt":"2025-04-16T15:19:07","slug":"strucny-prehled-programu","status":"publish","type":"page","link":"https:\/\/arttherapyfestival.org\/cs\/strucny-prehled-programu\/","title":{"rendered":"Stru\u010dn\u00fd p\u0159ehled programu"},"content":{"rendered":"<p>[et_pb_section fb_built=&#8220;1&#8243; admin_label=&#8220;Header &#038; Pricing&#8220; _builder_version=&#8220;4.27.2&#8243; _module_preset=&#8220;default&#8220; overflow-x=&#8220;hidden&#8220; overflow-y=&#8220;hidden&#8220; collapsed=&#8220;on&#8220; global_colors_info=&#8220;{}&#8220;][et_pb_row make_equal=&#8220;on&#8220; _builder_version=&#8220;4.27.2&#8243; _module_preset=&#8220;default&#8220; locked=&#8220;off&#8220; global_colors_info=&#8220;{}&#8220;][et_pb_column type=&#8220;4_4&#8243; _builder_version=&#8220;4.23.2&#8243; _module_preset=&#8220;default&#8220; global_colors_info=&#8220;{}&#8220;][et_pb_text _builder_version=&#8220;4.27.2&#8243; _module_preset=&#8220;_initial&#8220; header_text_color=&#8220;gcid-d15821fb-ca65-4f29-bfd5-ea044f046af4&#8243; header_font_size=&#8220;40px&#8220; global_colors_info=&#8220;{%22gcid-d15821fb-ca65-4f29-bfd5-ea044f046af4%22:%91%22header_text_color%22%93}&#8220;]<\/p>\n<h1>Stru\u010dn\u00fd p\u0159ehled programu<\/h1>\n<p>[\/et_pb_text][dvmd_table_maker tbl_tcell_cell_align_horz=&#8220;center&#8220; tbl_tcell_cell_align_vert=&#8220;center&#8220; _builder_version=&#8220;4.27.2&#8243; _module_preset=&#8220;default&#8220; tbl_tcell_text_text_color=&#8220;gcid-heading-color&#8220; tbl_chead_text_text_color=&#8220;#FFFFFF&#8220; tbl_rhead_text_text_color=&#8220;#FFFFFF&#8220; hover_enabled=&#8220;0&#8243; global_colors_info=&#8220;{%22gcid-heading-color%22:%91%22tbl_tcell_text_text_color%22%93}&#8220; sticky_enabled=&#8220;0&#8243; border_radii_tbl_tcell_cell_border=&#8220;on|10px|10px|10px|10px&#8220; tbl_responsive_mode=&#8220;off&#8220;][dvmd_table_maker_item col_content=&#8220;<br \/>\n7:30<br \/>\n8:00<br \/>\n8:30<br \/>\n9:00<br \/>\n9:00<br \/>\n9:30<br \/>\n10:00<br \/>\n10:30<br \/>\n10:30<br \/>\n11:00<br \/>\n11:00<br \/>\n11:30<br \/>\n12:00<br \/>\n12:30<br \/>\n12:30<br \/>\n13:00<br \/>\n13:30<br \/>\n14:00<br \/>\n14:00<br \/>\n14:30<br \/>\n15:00<br \/>\n15:30<br \/>\n15:30<br \/>\n16:00<br \/>\n16:00<br \/>\n16:30<br \/>\n17:00<br \/>\n17:30<br \/>\n17:30<br \/>\n18:00<br \/>\n18:00<br \/>\n18:30<br \/>\n19:00<br \/>\n19:30<br \/>\n20:00<br \/>\n20:30<br \/>\n21:00<br \/>\n21:30<br \/>\n22:00&#8243; col_column_max_width=&#8220;0.3fr&#8220; _builder_version=&#8220;4.27.2&#8243; _module_preset=&#8220;default&#8220; hover_enabled=&#8220;0&#8243; global_colors_info=&#8220;{}&#8220; col_tcell_text_font=&#8220;|700|||||||&#8220; sticky_enabled=&#8220;0&#8243;][\/dvmd_table_maker_item][dvmd_table_maker_item col_content=&#8220;<b>FRIDAY 09\/26\/2025<\/b><br \/>\n<cell rowspan=%224%22>Registration Open<\/cell><\/p>\n<p><cell rowspan=%224%22 background=%22#EDB4FF%22>PARALLEL SESSIONS\/WORKSHOPS<\/cell><\/p>\n<p><cell rowspan=%222%22>Coffee Break<\/cell><\/p>\n<p><cell rowspan=%224%22 background=%22#EDB4FF%22>PARALLEL SESSIONS\/WORKSHOPS<\/cell><\/p>\n<p><cell rowspan=%224%22>Lunch Break<\/cell><\/p>\n<p><cell rowspan=%224%22 background=%22#EDB4FF%22>PARALLEL SESSIONS\/WORKSHOPS<\/cell><\/p>\n<p><cell rowspan=%222%22>Coffee Break<\/cell><\/p>\n<p><cell rowspan=%224%22 background=%22#EDB4FF%22>OPENING CEREMONY\/PLENARY SESSION<\/cell><\/p>\n<p><cell rowspan=%227%22 background=%22#ffd9a1%22>WELCOME DRINK<\/cell><\/p>\n<p>&#8220; _builder_version=&#8220;4.27.2&#8243; _module_preset=&#8220;default&#8220; hover_enabled=&#8220;0&#8243; global_colors_info=&#8220;{}&#8220; sticky_enabled=&#8220;0&#8243; col_chead_cell_color=&#8220;#ffbb00&#8243;][\/dvmd_table_maker_item][dvmd_table_maker_item col_content=&#8220;<b>SATURDAY 09\/27\/2025<\/b><\/p>\n<p><cell rowspan=%223%22>Registration Open<\/cell><\/p>\n<p><cell rowspan=%224%22 background=%22#EDB4FF%22>PLENARY SESSION<\/cell><\/p>\n<p><cell rowspan=%222%22>Coffee Break<\/cell><\/p>\n<p><cell rowspan=%224%22 background=%22#EDB4FF%22>PARALLEL SESSIONS\/WORKSHOPS<\/cell><\/p>\n<p><cell rowspan=%224%22>Lunch Break<\/cell><\/p>\n<p><cell rowspan=%224%22 background=%22#EDB4FF%22>PARALLEL SESSIONS\/WORKSHOPS<\/cell><\/p>\n<p><cell rowspan=%222%22>Coffee Break<\/cell><\/p>\n<p><cell rowspan=%224%22 background=%22#EDB4FF%22>PARALLEL SESSIONS\/WORKSHOPS<\/cell><\/p>\n<p><cell rowspan=%224%22 background=%22#ffd9a1%22>GALA EVENING AND AWARD CEREMONY<\/cell><\/p>\n<p><cell rowspan=%225%22 background=%22#ffd9a1%22>NETWORKING DINNER<\/cell><\/p>\n<p>&#8220; _builder_version=&#8220;4.27.2&#8243; _module_preset=&#8220;default&#8220; hover_enabled=&#8220;0&#8243; global_colors_info=&#8220;{}&#8220; col_chead_cell_color=&#8220;#ff9d00&#8243; sticky_enabled=&#8220;0&#8243;][\/dvmd_table_maker_item][dvmd_table_maker_item col_content=&#8220;<b>SUNDAY 09\/28\/2025<\/b><\/p>\n<p><cell rowspan=%223%22>Registration Open<\/cell><\/p>\n<p><cell rowspan=%224%22 background=%22#EDB4FF%22>PLENARY SESSION<\/cell><\/p>\n<p><cell rowspan=%222%22>Coffee Break<\/cell><\/p>\n<p><cell rowspan=%224%22 background=%22#EDB4FF%22>PARALLEL SESSIONS\/WORKSHOPS<\/cell><\/p>\n<p><cell rowspan=%222%22 background=%22#ffd9a1%22>CLOSING CEREMONY<\/cell><\/p>\n<p>&#8220; _builder_version=&#8220;4.27.2&#8243; _module_preset=&#8220;default&#8220; hover_enabled=&#8220;0&#8243; global_colors_info=&#8220;{}&#8220; col_chead_cell_color=&#8220;#ff7f00&#8243; sticky_enabled=&#8220;0&#8243;][\/dvmd_table_maker_item][\/dvmd_table_maker][et_pb_blurb use_icon=&#8220;on&#8220; font_icon=&#8220;&#xe027;||divi||400&#8243; icon_placement=&#8220;left&#8220; image_icon_width=&#8220;27px&#8220; content_max_width=&#8220;100%&#8220; _builder_version=&#8220;4.27.2&#8243; _module_preset=&#8220;default&#8220; background_color=&#8220;#f4fbff&#8220; image_icon_custom_margin=&#8220;10px||||false|false&#8220; custom_margin=&#8220;||||false|false&#8220; custom_padding=&#8220;20px|20px|20px|20px|false|false&#8220; border_radii=&#8220;on|20px|20px|20px|20px&#8220; global_module=&#8220;563&#8243; saved_tabs=&#8220;all&#8220; global_colors_info=&#8220;{}&#8220;]<\/p>\n<p><strong><em>The festival will be translated between English and Czech to ensure accessibility for all participants.<br \/>Festival bude tlumo\u010den mezi angli\u010dtinou a \u010de\u0161tinou, aby byl dostupn\u00fd pro v\u0161echny \u00fa\u010dastn\u00edky.<br \/><\/em><\/strong><\/p>\n<p>[\/et_pb_blurb][\/et_pb_column][\/et_pb_row][\/et_pb_section]<\/p>\n","protected":false},"excerpt":{"rendered":"<p>Stru\u010dn\u00fd p\u0159ehled programu<div class=\"et_pb_module dvmd_table_maker dvmd_table_maker_0 dvmd_tm_version_3_1_2\">\n\t\t\t\t\n\t\t\t\t\n\t\t\t\t\n\t\t\t\t\n\t\t\t\t\n\t\t\t\t\n\t\t\t\t<div class=\"et_pb_module_inner\">\n\t\t\t\t\t\n\t\t\t\t<\/div>\n\t\t\t<\/div><div class=\"dvmd_outer\">\n\t\t\t\t\n\t\t\t\t\n\t\t\t\t\n\t\t\t\t\n\t\t\t\t\n\t\t\t\t\n\t\t\t\t<div class=\"dvmd_inner\">\n\t\t\t\t\t\n\t\t\t\t<\/div>\n\t\t\t<\/div><\/p>\n","protected":false},"author":1,"featured_media":0,"parent":0,"menu_order":0,"comment_status":"closed","ping_status":"closed","template":"","meta":{"_et_pb_use_builder":"on","_et_pb_old_content":"","_et_gb_content_width":"","footnotes":""},"class_list":["post-1122","page","type-page","status-publish","hentry"],"_links":{"self":[{"href":"https:\/\/arttherapyfestival.org\/cs\/wp-json\/wp\/v2\/pages\/1122","targetHints":{"allow":["GET"]}}],"collection":[{"href":"https:\/\/arttherapyfestival.org\/cs\/wp-json\/wp\/v2\/pages"}],"about":[{"href":"https:\/\/arttherapyfestival.org\/cs\/wp-json\/wp\/v2\/types\/page"}],"author":[{"embeddable":true,"href":"https:\/\/arttherapyfestival.org\/cs\/wp-json\/wp\/v2\/users\/1"}],"replies":[{"embeddable":true,"href":"https:\/\/arttherapyfestival.org\/cs\/wp-json\/wp\/v2\/comments?post=1122"}],"version-history":[{"count":3,"href":"https:\/\/arttherapyfestival.org\/cs\/wp-json\/wp\/v2\/pages\/1122\/revisions"}],"predecessor-version":[{"id":1523,"href":"https:\/\/arttherapyfestival.org\/cs\/wp-json\/wp\/v2\/pages\/1122\/revisions\/1523"}],"wp:attachment":[{"href":"https:\/\/arttherapyfestival.org\/cs\/wp-json\/wp\/v2\/media?parent=1122"}],"curies":[{"name":"wp","href":"https:\/\/api.w.org\/{rel}","templated":true}]}}