{"id":1004,"date":"2024-10-25T11:18:56","date_gmt":"2024-10-25T11:18:56","guid":{"rendered":"https:\/\/arttherapyfestival.org\/vybory\/"},"modified":"2025-04-16T10:26:44","modified_gmt":"2025-04-16T10:26:44","slug":"vybory","status":"publish","type":"page","link":"https:\/\/arttherapyfestival.org\/cs\/vybory\/","title":{"rendered":"V\u00fdbory"},"content":{"rendered":"<p>[et_pb_section fb_built=&#8220;1&#8243; admin_label=&#8220;Header &#038; Pricing&#8220; _builder_version=&#8220;4.27.2&#8243; _module_preset=&#8220;default&#8220; use_background_color_gradient=&#8220;on&#8220; background_color_gradient_stops=&#8220;#ffefef 0%|#ffffff 100%&#8220; overflow-x=&#8220;hidden&#8220; overflow-y=&#8220;hidden&#8220; custom_padding=&#8220;||2px|||&#8220; collapsed=&#8220;on&#8220; global_colors_info=&#8220;{}&#8220;][et_pb_row make_equal=&#8220;on&#8220; _builder_version=&#8220;4.27.2&#8243; _module_preset=&#8220;default&#8220; custom_padding=&#8220;||0px|||&#8220; locked=&#8220;off&#8220; global_colors_info=&#8220;{}&#8220;][et_pb_column type=&#8220;4_4&#8243; _builder_version=&#8220;4.23.2&#8243; _module_preset=&#8220;default&#8220; global_colors_info=&#8220;{}&#8220;][et_pb_text _builder_version=&#8220;4.27.2&#8243; _module_preset=&#8220;_initial&#8220; header_text_color=&#8220;gcid-d15821fb-ca65-4f29-bfd5-ea044f046af4&#8243; header_font_size=&#8220;40px&#8220; global_colors_info=&#8220;{%22gcid-d15821fb-ca65-4f29-bfd5-ea044f046af4%22:%91%22header_text_color%22%93}&#8220;]<\/p>\n<h1><strong>V\u011bdeck\u00fd programov\u00fd v\u00fdbor<\/strong><\/h1>\n<p>[\/et_pb_text][dipl_team_grid posts_number=&#8220;3&#8243; post_order=&#8220;ASC&#8220; include_categories=&#8220;11&#8243; show_designation=&#8220;off&#8220; image_size=&#8220;full&#8220; onclick_trigger=&#8220;open_popup&#8220; select_layout=&#8220;layout4&#8243; number_of_columns=&#8220;3&#8243; _builder_version=&#8220;4.27.2&#8243; _module_preset=&#8220;default&#8220; name_font=&#8220;|600|||||||&#8220; hover_enabled=&#8220;0&#8243; border_radii_team_member_image_border=&#8220;on|30px|30px|30px|30px&#8220; global_colors_info=&#8220;{}&#8220; sticky_enabled=&#8220;0&#8243;][\/dipl_team_grid][et_pb_text _builder_version=&#8220;4.27.2&#8243; _module_preset=&#8220;_initial&#8220; header_text_color=&#8220;gcid-d15821fb-ca65-4f29-bfd5-ea044f046af4&#8243; header_font_size=&#8220;40px&#8220; global_colors_info=&#8220;{%22gcid-d15821fb-ca65-4f29-bfd5-ea044f046af4%22:%91%22header_text_color%22%93}&#8220;]<\/p>\n<h1><strong>Programov\u00fd v\u00fdbor<\/strong><\/h1>\n<p>[\/et_pb_text][dipl_team_grid post_order=&#8220;ASC&#8220; include_categories=&#8220;12&#8243; show_designation=&#8220;off&#8220; image_size=&#8220;full&#8220; onclick_trigger=&#8220;open_popup&#8220; select_layout=&#8220;layout4&#8243; number_of_columns=&#8220;3&#8243; _builder_version=&#8220;4.27.2&#8243; _module_preset=&#8220;default&#8220; name_font=&#8220;|600|||||||&#8220; border_radii_team_member_image_border=&#8220;on|30px|30px|30px|30px&#8220; global_colors_info=&#8220;{}&#8220;][\/dipl_team_grid][\/et_pb_column][\/et_pb_row][\/et_pb_section]<\/p>\n","protected":false},"excerpt":{"rendered":"<p>V\u011bdeck\u00fd programov\u00fd v\u00fdbor<div class=\"et_pb_module dipl_team_grid dipl_team_grid_0\">\n\t\t\t\t\n\t\t\t\t\n\t\t\t\t\n\t\t\t\t\n\t\t\t\t\n\t\t\t\t\n\t\t\t\t<div class=\"et_pb_module_inner\">\n\t\t\t\t\t\n\t\t\t\t<div class=\"dipl_team_grid_container layout4\"><div class=\"dipl_team_grid_items\"><div id=\"dipl_team_member_grid_1453\" class=\"dipl_team_grid_item dipl_team_member_grid_wrapper dipl_team_popup\" data-link=\"https:\/\/arttherapyfestival.org\/cs\/dipl-team-member\/paeddr-mgr-marie-benickova-ph-d-dt\/\" data-link_target=\"_self\" data-close_icon_position=\"outside\" data-popup_name_level=\"h5\" data-id=\"1453\"data-image=\"on\" data-image_size=\"full\" data-designation=\"on\" data-content=\"on\" data-skills_bars=\"on\" data-bar_layout=\"1\" data-social_icons=\"on\" >\n\t\t<div class=\"dipl_team_member_image_wrapper\">\n\t\t\t<img width=\"700\" height=\"700\" src=\"https:\/\/arttherapyfestival.org\/wp-content\/uploads\/2024\/10\/foto-MB-1.jpg\" class=\"dipl_team_member_image wp-post-image\" alt=\"\" decoding=\"async\" loading=\"lazy\" srcset=\"https:\/\/arttherapyfestival.org\/wp-content\/uploads\/2024\/10\/foto-MB-1.jpg 700w, https:\/\/arttherapyfestival.org\/wp-content\/uploads\/2024\/10\/foto-MB-1-480x480.jpg 480w\" sizes=\"auto, (min-width: 0px) and (max-width: 480px) 480px, (min-width: 481px) 700px, 100vw\" \/>\t\n\t\t<\/div>\n\t\t<div class=\"dipl_team_content_wrapper\"><h5 class=\"dipl_team_member_name\">PaedDr. Mgr. Marie Ben\u00ed\u010dkov\u00e1, Ph. D., DT<\/h5>  <div class=\"dipl_team_member_short_desc\"><\/div> <div class=\"dipl_team_social_wrapper\"><a href=\"https:\/\/www.mb-muzikoterapie.cz\/o-mne\/\" target=\"_self\">\n\t\t\t\t\t\t\t\t<span class=\"dipl_team_member_social_icon dipl_team_website et-pb-icon\">&#xe0e3;<\/span>\n\t\t\t\t\t\t\t<\/a><a href=\"mailto:mariebenickova@seznam.cz\" target=\"_self\">\n\t\t\t\t\t\t\t\t<span class=\"dipl_team_member_social_icon dipl_team_email et-pb-icon\">&#xe076;<\/span>\n\t\t\t\t\t\t\t<\/a><\/div><\/div>\n\t<\/div><div id=\"dipl_team_member_grid_1446\" class=\"dipl_team_grid_item dipl_team_member_grid_wrapper dipl_team_popup\" data-link=\"https:\/\/arttherapyfestival.org\/cs\/dipl-team-member\/paeddr-mgr-eva-hegarova-ph-d-dt\/\" data-link_target=\"_self\" data-close_icon_position=\"outside\" data-popup_name_level=\"h5\" data-id=\"1446\"data-image=\"on\" data-image_size=\"full\" data-designation=\"on\" data-content=\"on\" data-skills_bars=\"on\" data-bar_layout=\"1\" data-social_icons=\"on\" >\n\t\t<div class=\"dipl_team_member_image_wrapper\">\n\t\t\t<img width=\"300\" height=\"300\" src=\"https:\/\/arttherapyfestival.org\/wp-content\/uploads\/2024\/10\/eva-h.jpg\" class=\"dipl_team_member_image wp-post-image\" alt=\"\" decoding=\"async\" loading=\"lazy\" srcset=\"https:\/\/arttherapyfestival.org\/wp-content\/uploads\/2024\/10\/eva-h.jpg 300w, https:\/\/arttherapyfestival.org\/wp-content\/uploads\/2024\/10\/eva-h-150x150.jpg 150w\" sizes=\"auto, (max-width: 300px) 100vw, 300px\" \/>\t\n\t\t<\/div>\n\t\t<div class=\"dipl_team_content_wrapper\"><h5 class=\"dipl_team_member_name\">PaedDr. Mgr. Eva Hegarov\u00e1, Ph.D., DT<\/h5>  <div class=\"dipl_team_member_short_desc\"><\/div> <div class=\"dipl_team_social_wrapper\"><a href=\"https:\/\/www.akademiealternativa.cz\/lektori\/paeddr-eva-hegarova-phd-dt\" target=\"_self\">\n\t\t\t\t\t\t\t\t<span class=\"dipl_team_member_social_icon dipl_team_website et-pb-icon\">&#xe0e3;<\/span>\n\t\t\t\t\t\t\t<\/a><\/div><\/div>\n\t<\/div><div id=\"dipl_team_member_grid_1449\" class=\"dipl_team_grid_item dipl_team_member_grid_wrapper dipl_team_popup\" data-link=\"https:\/\/arttherapyfestival.org\/cs\/dipl-team-member\/doc-paeddr-dana-kollarova-ph-d\/\" data-link_target=\"_self\" data-close_icon_position=\"outside\" data-popup_name_level=\"h5\" data-id=\"1449\"data-image=\"on\" data-image_size=\"full\" data-designation=\"on\" data-content=\"on\" data-skills_bars=\"on\" data-bar_layout=\"1\" data-social_icons=\"on\" >\n\t\t<div class=\"dipl_team_member_image_wrapper\">\n\t\t\t<img width=\"300\" height=\"300\" src=\"https:\/\/arttherapyfestival.org\/wp-content\/uploads\/2024\/10\/doc-dana-kollarova.jpg\" class=\"dipl_team_member_image wp-post-image\" alt=\"\" decoding=\"async\" loading=\"lazy\" srcset=\"https:\/\/arttherapyfestival.org\/wp-content\/uploads\/2024\/10\/doc-dana-kollarova.jpg 300w, https:\/\/arttherapyfestival.org\/wp-content\/uploads\/2024\/10\/doc-dana-kollarova-150x150.jpg 150w\" sizes=\"auto, (max-width: 300px) 100vw, 300px\" \/>\t\n\t\t<\/div>\n\t\t<div class=\"dipl_team_content_wrapper\"><h5 class=\"dipl_team_member_name\">doc. PaedDr. Dana Koll\u00e1rov\u00e1, Ph.D.<\/h5>  <div class=\"dipl_team_member_short_desc\"><\/div> <div class=\"dipl_team_social_wrapper\"><a href=\"https:\/\/www.akademiealternativa.cz\/lektori\/doc-paeddr-dana-kollarova-ph-d-slovensko\" target=\"_self\">\n\t\t\t\t\t\t\t\t<span class=\"dipl_team_member_social_icon dipl_team_website et-pb-icon\">&#xe0e3;<\/span>\n\t\t\t\t\t\t\t<\/a><\/div><\/div>\n\t<\/div><\/div><\/div>\n\t\t\t\t<\/div>\n\t\t\t<\/div>Programov\u00fd v\u00fdbor<div class=\"et_pb_module dipl_team_grid dipl_team_grid_1\">\n\t\t\t\t\n\t\t\t\t\n\t\t\t\t\n\t\t\t\t\n\t\t\t\t\n\t\t\t\t\n\t\t\t\t<div class=\"et_pb_module_inner\">\n\t\t\t\t\t\n\t\t\t\t<div class=\"dipl_team_grid_container layout4\"><div class=\"dipl_team_grid_items\"><div id=\"dipl_team_member_grid_1448\" class=\"dipl_team_grid_item dipl_team_member_grid_wrapper dipl_team_popup\" data-link=\"https:\/\/arttherapyfestival.org\/cs\/dipl-team-member\/paeddr-mgr-tomas-benicek-dt\/\" data-link_target=\"_self\" data-close_icon_position=\"outside\" data-popup_name_level=\"h5\" data-id=\"1448\"data-image=\"on\" data-image_size=\"full\" data-designation=\"on\" data-content=\"on\" data-skills_bars=\"on\" data-bar_layout=\"1\" data-social_icons=\"on\" >\n\t\t<div class=\"dipl_team_member_image_wrapper\">\n\t\t\t<img width=\"1000\" height=\"1000\" src=\"https:\/\/arttherapyfestival.org\/wp-content\/uploads\/2024\/10\/20190412-Shooting-Susanne-0009-1-14.jpg\" class=\"dipl_team_member_image wp-post-image\" alt=\"\" decoding=\"async\" loading=\"lazy\" srcset=\"https:\/\/arttherapyfestival.org\/wp-content\/uploads\/2024\/10\/20190412-Shooting-Susanne-0009-1-14.jpg 1000w, https:\/\/arttherapyfestival.org\/wp-content\/uploads\/2024\/10\/20190412-Shooting-Susanne-0009-1-14-980x980.jpg 980w, https:\/\/arttherapyfestival.org\/wp-content\/uploads\/2024\/10\/20190412-Shooting-Susanne-0009-1-14-480x480.jpg 480w\" sizes=\"auto, (min-width: 0px) and (max-width: 480px) 480px, (min-width: 481px) and (max-width: 980px) 980px, (min-width: 981px) 1000px, 100vw\" \/>\t\n\t\t<\/div>\n\t\t<div class=\"dipl_team_content_wrapper\"><h5 class=\"dipl_team_member_name\">PaedDr. Mgr. Tom\u00e1\u0161 Ben\u00ed\u010dek, DT<\/h5>   <div class=\"dipl_team_social_wrapper\"><a href=\"https:\/\/www.akademiealternativa.cz\/lektori\/paeddr-tomas-benicek-dt\" target=\"_self\">\n\t\t\t\t\t\t\t\t<span class=\"dipl_team_member_social_icon dipl_team_website et-pb-icon\">&#xe0e3;<\/span>\n\t\t\t\t\t\t\t<\/a><\/div><\/div>\n\t<\/div><div id=\"dipl_team_member_grid_1445\" class=\"dipl_team_grid_item dipl_team_member_grid_wrapper dipl_team_popup\" data-link=\"https:\/\/arttherapyfestival.org\/cs\/dipl-team-member\/mgr-petr-skranc-dt\/\" data-link_target=\"_self\" data-close_icon_position=\"outside\" data-popup_name_level=\"h5\" data-id=\"1445\"data-image=\"on\" data-image_size=\"full\" data-designation=\"on\" data-content=\"on\" data-skills_bars=\"on\" data-bar_layout=\"1\" data-social_icons=\"on\" >\n\t\t<div class=\"dipl_team_member_image_wrapper\">\n\t\t\t<img width=\"300\" height=\"300\" src=\"https:\/\/arttherapyfestival.org\/wp-content\/uploads\/2024\/10\/petr-skranc.jpg\" class=\"dipl_team_member_image wp-post-image\" alt=\"\" decoding=\"async\" loading=\"lazy\" srcset=\"https:\/\/arttherapyfestival.org\/wp-content\/uploads\/2024\/10\/petr-skranc.jpg 300w, https:\/\/arttherapyfestival.org\/wp-content\/uploads\/2024\/10\/petr-skranc-150x150.jpg 150w\" sizes=\"auto, (max-width: 300px) 100vw, 300px\" \/>\t\n\t\t<\/div>\n\t\t<div class=\"dipl_team_content_wrapper\"><h5 class=\"dipl_team_member_name\">Mgr. Petr \u0160kranc, DT<\/h5>  <div class=\"dipl_team_member_short_desc\"><\/div> <div class=\"dipl_team_social_wrapper\"><a href=\"http:\/\/akademiealternativa.com\/lektori\/mgr-petr-skranc-dt\" target=\"_self\">\n\t\t\t\t\t\t\t\t<span class=\"dipl_team_member_social_icon dipl_team_website et-pb-icon\">&#xe0e3;<\/span>\n\t\t\t\t\t\t\t<\/a><\/div><\/div>\n\t<\/div><div id=\"dipl_team_member_grid_1454\" class=\"dipl_team_grid_item dipl_team_member_grid_wrapper dipl_team_popup\" data-link=\"https:\/\/arttherapyfestival.org\/cs\/dipl-team-member\/mgr-marketa-vykoukalova-dvorakova-dt\/\" data-link_target=\"_self\" data-close_icon_position=\"outside\" data-popup_name_level=\"h5\" data-id=\"1454\"data-image=\"on\" data-image_size=\"full\" data-designation=\"on\" data-content=\"on\" data-skills_bars=\"on\" data-bar_layout=\"1\" data-social_icons=\"on\" >\n\t\t<div class=\"dipl_team_member_image_wrapper\">\n\t\t\t<img width=\"300\" height=\"300\" src=\"https:\/\/arttherapyfestival.org\/wp-content\/uploads\/2024\/10\/m-vykoukalova-foto-1.jpg\" class=\"dipl_team_member_image wp-post-image\" alt=\"\" decoding=\"async\" loading=\"lazy\" srcset=\"https:\/\/arttherapyfestival.org\/wp-content\/uploads\/2024\/10\/m-vykoukalova-foto-1.jpg 300w, https:\/\/arttherapyfestival.org\/wp-content\/uploads\/2024\/10\/m-vykoukalova-foto-1-150x150.jpg 150w\" sizes=\"auto, (max-width: 300px) 100vw, 300px\" \/>\t\n\t\t<\/div>\n\t\t<div class=\"dipl_team_content_wrapper\"><h5 class=\"dipl_team_member_name\">Mgr. Mark\u00e9ta Vykoukalov\u00e1 Dvo\u0159\u00e1kov\u00e1, DT<\/h5>  <div class=\"dipl_team_member_short_desc\"><\/div> <div class=\"dipl_team_social_wrapper\"><a href=\"https:\/\/www.akademiealternativa.cz\/lektori\/mgr-marketa-vykoukalova-dvorakova-dt\" target=\"_self\">\n\t\t\t\t\t\t\t\t<span class=\"dipl_team_member_social_icon dipl_team_website et-pb-icon\">&#xe0e3;<\/span>\n\t\t\t\t\t\t\t<\/a><\/div><\/div>\n\t<\/div><div id=\"dipl_team_member_grid_1455\" class=\"dipl_team_grid_item dipl_team_member_grid_wrapper dipl_team_popup\" data-link=\"https:\/\/arttherapyfestival.org\/cs\/dipl-team-member\/mgr-veronika-kern-sinova-dt\/\" data-link_target=\"_self\" data-close_icon_position=\"outside\" data-popup_name_level=\"h5\" data-id=\"1455\"data-image=\"on\" data-image_size=\"full\" data-designation=\"on\" data-content=\"on\" data-skills_bars=\"on\" data-bar_layout=\"1\" data-social_icons=\"on\" >\n\t\t<div class=\"dipl_team_member_image_wrapper\">\n\t\t\t<img width=\"300\" height=\"300\" src=\"https:\/\/arttherapyfestival.org\/wp-content\/uploads\/2024\/10\/veronika-kern-sinova.jpg\" class=\"dipl_team_member_image wp-post-image\" alt=\"\" decoding=\"async\" loading=\"lazy\" srcset=\"https:\/\/arttherapyfestival.org\/wp-content\/uploads\/2024\/10\/veronika-kern-sinova.jpg 300w, https:\/\/arttherapyfestival.org\/wp-content\/uploads\/2024\/10\/veronika-kern-sinova-150x150.jpg 150w\" sizes=\"auto, (max-width: 300px) 100vw, 300px\" \/>\t\n\t\t<\/div>\n\t\t<div class=\"dipl_team_content_wrapper\"><h5 class=\"dipl_team_member_name\">Mgr. Veronika Kern Sinov\u00e1, DT<\/h5>  <div class=\"dipl_team_member_short_desc\"><\/div> <div class=\"dipl_team_social_wrapper\"><a href=\"https:\/\/www.akademiealternativa.cz\/lektori\/mgr-veronika-kern-sinova-dt-slovensko\" target=\"_self\">\n\t\t\t\t\t\t\t\t<span class=\"dipl_team_member_social_icon dipl_team_website et-pb-icon\">&#xe0e3;<\/span>\n\t\t\t\t\t\t\t<\/a><\/div><\/div>\n\t<\/div><div id=\"dipl_team_member_grid_1450\" class=\"dipl_team_grid_item dipl_team_member_grid_wrapper dipl_team_popup\" data-link=\"https:\/\/arttherapyfestival.org\/cs\/dipl-team-member\/mgr-janka-pappova-dt\/\" data-link_target=\"_self\" data-close_icon_position=\"outside\" data-popup_name_level=\"h5\" data-id=\"1450\"data-image=\"on\" data-image_size=\"full\" data-designation=\"on\" data-content=\"on\" data-skills_bars=\"on\" data-bar_layout=\"1\" data-social_icons=\"on\" >\n\t\t<div class=\"dipl_team_member_image_wrapper\">\n\t\t\t<img width=\"300\" height=\"300\" src=\"https:\/\/arttherapyfestival.org\/wp-content\/uploads\/2024\/10\/profil-pappova-janka.jpg\" class=\"dipl_team_member_image wp-post-image\" alt=\"\" decoding=\"async\" loading=\"lazy\" srcset=\"https:\/\/arttherapyfestival.org\/wp-content\/uploads\/2024\/10\/profil-pappova-janka.jpg 300w, https:\/\/arttherapyfestival.org\/wp-content\/uploads\/2024\/10\/profil-pappova-janka-150x150.jpg 150w\" sizes=\"auto, (max-width: 300px) 100vw, 300px\" \/>\t\n\t\t<\/div>\n\t\t<div class=\"dipl_team_content_wrapper\"><h5 class=\"dipl_team_member_name\">Mgr. Janka Pappov\u00e1, DT<\/h5>  <div class=\"dipl_team_member_short_desc\"><\/div> <div class=\"dipl_team_social_wrapper\"><a href=\"http:\/\/www.dramaterapie.cz\/lektori\/mgr-janka-pappova-dt-slovensko\" target=\"_self\">\n\t\t\t\t\t\t\t\t<span class=\"dipl_team_member_social_icon dipl_team_website et-pb-icon\">&#xe0e3;<\/span>\n\t\t\t\t\t\t\t<\/a><\/div><\/div>\n\t<\/div><div id=\"dipl_team_member_grid_1447\" class=\"dipl_team_grid_item dipl_team_member_grid_wrapper dipl_team_popup\" data-link=\"https:\/\/arttherapyfestival.org\/cs\/dipl-team-member\/mgr-et-mgr-kristyna-hlavacova\/\" data-link_target=\"_self\" data-close_icon_position=\"outside\" data-popup_name_level=\"h5\" data-id=\"1447\"data-image=\"on\" data-image_size=\"full\" data-designation=\"on\" data-content=\"on\" data-skills_bars=\"on\" data-bar_layout=\"1\" data-social_icons=\"on\" >\n\t\t<div class=\"dipl_team_member_image_wrapper\">\n\t\t\t<img width=\"300\" height=\"300\" src=\"https:\/\/arttherapyfestival.org\/wp-content\/uploads\/2024\/10\/kristyna-hlavacova.jpg\" class=\"dipl_team_member_image wp-post-image\" alt=\"\" decoding=\"async\" loading=\"lazy\" srcset=\"https:\/\/arttherapyfestival.org\/wp-content\/uploads\/2024\/10\/kristyna-hlavacova.jpg 300w, https:\/\/arttherapyfestival.org\/wp-content\/uploads\/2024\/10\/kristyna-hlavacova-150x150.jpg 150w\" sizes=\"auto, (max-width: 300px) 100vw, 300px\" \/>\t\n\t\t<\/div>\n\t\t<div class=\"dipl_team_content_wrapper\"><h5 class=\"dipl_team_member_name\">Mgr. et Mgr. Krist\u00fdna Hlav\u00e1\u010dov\u00e1<\/h5>  <div class=\"dipl_team_member_short_desc\"><\/div> <div class=\"dipl_team_social_wrapper\"><a href=\"http:\/\/t.akademiealternativa.cz\/lektori\/mgr-et-mgr-kristyna-hlavacova\" target=\"_self\">\n\t\t\t\t\t\t\t\t<span class=\"dipl_team_member_social_icon dipl_team_website et-pb-icon\">&#xe0e3;<\/span>\n\t\t\t\t\t\t\t<\/a><\/div><\/div>\n\t<\/div><\/div><\/div>\n\t\t\t\t<\/div>\n\t\t\t<\/div><\/p>\n","protected":false},"author":1,"featured_media":0,"parent":0,"menu_order":0,"comment_status":"closed","ping_status":"closed","template":"","meta":{"_et_pb_use_builder":"on","_et_pb_old_content":"","_et_gb_content_width":"","footnotes":""},"class_list":["post-1004","page","type-page","status-publish","hentry"],"_links":{"self":[{"href":"https:\/\/arttherapyfestival.org\/cs\/wp-json\/wp\/v2\/pages\/1004","targetHints":{"allow":["GET"]}}],"collection":[{"href":"https:\/\/arttherapyfestival.org\/cs\/wp-json\/wp\/v2\/pages"}],"about":[{"href":"https:\/\/arttherapyfestival.org\/cs\/wp-json\/wp\/v2\/types\/page"}],"author":[{"embeddable":true,"href":"https:\/\/arttherapyfestival.org\/cs\/wp-json\/wp\/v2\/users\/1"}],"replies":[{"embeddable":true,"href":"https:\/\/arttherapyfestival.org\/cs\/wp-json\/wp\/v2\/comments?post=1004"}],"version-history":[{"count":3,"href":"https:\/\/arttherapyfestival.org\/cs\/wp-json\/wp\/v2\/pages\/1004\/revisions"}],"predecessor-version":[{"id":1483,"href":"https:\/\/arttherapyfestival.org\/cs\/wp-json\/wp\/v2\/pages\/1004\/revisions\/1483"}],"wp:attachment":[{"href":"https:\/\/arttherapyfestival.org\/cs\/wp-json\/wp\/v2\/media?parent=1004"}],"curies":[{"name":"wp","href":"https:\/\/api.w.org\/{rel}","templated":true}]}}