{"id":1002,"date":"2024-10-18T10:11:20","date_gmt":"2024-10-18T10:11:20","guid":{"rendered":"https:\/\/arttherapyfestival.org\/o-praze\/"},"modified":"2025-04-16T10:26:43","modified_gmt":"2025-04-16T10:26:43","slug":"o-praze","status":"publish","type":"page","link":"https:\/\/arttherapyfestival.org\/cs\/o-praze\/","title":{"rendered":"O Praze"},"content":{"rendered":"<p>[et_pb_section fb_built=&#8220;1&#8243; admin_label=&#8220;Header&#8220; _builder_version=&#8220;4.23.2&#8243; _module_preset=&#8220;default&#8220; custom_padding=&#8220;||23px|||&#8220; collapsed=&#8220;on&#8220; global_colors_info=&#8220;{}&#8220;][et_pb_row column_structure=&#8220;1_2,1_2&#8243; _builder_version=&#8220;4.27.2&#8243; _module_preset=&#8220;default&#8220; locked=&#8220;off&#8220; global_colors_info=&#8220;{}&#8220;][et_pb_column type=&#8220;1_2&#8243; _builder_version=&#8220;4.23.2&#8243; _module_preset=&#8220;default&#8220; global_colors_info=&#8220;{}&#8220;][et_pb_text _builder_version=&#8220;4.27.2&#8243; _module_preset=&#8220;default&#8220; header_text_color=&#8220;gcid-d15821fb-ca65-4f29-bfd5-ea044f046af4&#8243; custom_margin=&#8220;||10px||false|false&#8220; hover_enabled=&#8220;0&#8243; global_colors_info=&#8220;{%22gcid-d15821fb-ca65-4f29-bfd5-ea044f046af4%22:%91%22header_text_color%22%93}&#8220; header_font=&#8220;-et_global_body_font||||||||&#8220; header_font_size=&#8220;40px&#8220; sticky_enabled=&#8220;0&#8243;]<\/p>\n<h1>O Praze<\/h1>\n<p>[\/et_pb_text][et_pb_text _builder_version=&#8220;4.27.2&#8243; _module_preset=&#8220;_initial&#8220; text_text_color=&#8220;gcid-d15821fb-ca65-4f29-bfd5-ea044f046af4&#8243; global_colors_info=&#8220;{%22gcid-d15821fb-ca65-4f29-bfd5-ea044f046af4%22:%91%22text_text_color%22%93}&#8220;]<\/p>\n<p><strong>&#8222;Praha t\u011b nikdy nepust\u00ed&#8230; tahle mil\u00e1 maminka m\u00e1 ostr\u00e9 dr\u00e1pky.&#8220;<br \/><\/strong><strong>Franz Kafka<\/strong><\/p>\n<p>Hlavn\u00ed m\u011bsto \u010cesk\u00e9 republiky je poeticky pova\u017eov\u00e1no za srdce evropsk\u00e9ho kontinentu. Jeho historie je hluboce zako\u0159en\u011bna v ka\u017ed\u00e9 budov\u011b a kulturn\u00ed duch je c\u00edtit na ka\u017ed\u00e9m kroku. B\u011bhem v\u00e1lek a let komunistick\u00e9 \u00e9ry se zachovaly r\u016fzn\u00e9 architektonick\u00e9 styly, kter\u00e9 umo\u017e\u0148uj\u00ed n\u00e1v\u0161t\u011bvn\u00edk\u016fm poskl\u00e1dat si vlastn\u00ed obraz Prahy. S Pra\u017esk\u00fdm hradem, nejv\u011bt\u0161\u00edm hradn\u00edm komplexem na sv\u011bt\u011b, na jedn\u00e9 stran\u011b a Tan\u010d\u00edc\u00edm domem reprezentuj\u00edc\u00edm sou\u010dasn\u00e9 architektonick\u00e9 tendence na stran\u011b druh\u00e9 mohou n\u00e1v\u0161t\u011bvn\u00edci ocenit staletou historii, kter\u00e1 je v budov\u00e1ch zakotvena. Praha je nejen m\u011bstem historick\u00fdch pam\u00e1tek, ale tak\u00e9 m\u011bstem pro \u017eivot, kde je kultura ned\u00edlnou sou\u010d\u00e1st\u00ed \u017eivota. Byla zdrojem inspirace pro slavn\u00e9 Pra\u017eany a osobnosti, jako byli Einstein, Kafka, Mozart a van Beethoven.     <\/p>\n<p>Od sametov\u00e9 revoluce se Praha, m\u00edsto setk\u00e1v\u00e1n\u00ed v\u00fdchodn\u00ed a z\u00e1padn\u00ed Evropy, rychle stala m\u00edstem kon\u00e1n\u00ed mnoha v\u011bdeck\u00fdch konferenc\u00ed a kulturn\u00edch akc\u00ed. Do Prahy tak\u00e9 r\u00e1di p\u0159ij\u00ed\u017ed\u011bj\u00ed filma\u0159i a nat\u00e1\u010dej\u00ed zde sv\u00e9 filmy, nap\u0159\u00edklad Bourneova identita (2002), Iluzionista (2006), Casino Royale (2006), Mission: Impossible (1996) a Amadeus (1984). <\/p>\n<p><strong>&#8222;Praha nen\u00ed jen m\u011bsto, ale jak\u00e1si entita.&#8220;<\/strong><br \/><strong>Sezin Koehler<\/strong><\/p>\n<p>[\/et_pb_text][\/et_pb_column][et_pb_column type=&#8220;1_2&#8243; _builder_version=&#8220;4.23.2&#8243; _module_preset=&#8220;default&#8220; global_colors_info=&#8220;{}&#8220;][et_pb_image src=&#8220;https:\/\/arttherapyfestival.org\/wp-content\/uploads\/2024\/10\/art-therapist-mask-03-1.png&#8220; title_text=&#8220;street-of-prague-2021-08-26-17-20-22-utc-scaled-1&#8243; _builder_version=&#8220;4.27.2&#8243; _module_preset=&#8220;default&#8220; background_image=&#8220;https:\/\/arttherapyfestival.org\/wp-content\/uploads\/2024\/10\/street-of-prague-2021-08-26-17-20-22-utc-scaled-1.jpg&#8220; scroll_rotating_enable=&#8220;on&#8220; scroll_rotating=&#8220;0|50|50|100|10\u00b0|0|-10\u00b0&#8220; global_colors_info=&#8220;{}&#8220;][\/et_pb_image][et_pb_image src=&#8220;https:\/\/arttherapyfestival.org\/wp-content\/uploads\/2024\/10\/art-therapist-illustration-20-1.png&#8220; title_text=&#8220;arteterapeut-ilustrace-20-1&#8243; _builder_version=&#8220;4.24.2&#8243; _module_preset=&#8220;default&#8220; positioning=&#8220;absolute&#8220; position_origin_a=&#8220;bottom_right&#8220; width=&#8220;70%&#8220; mix_blend_mode=&#8220;multiply&#8220; scroll_rotating_enable=&#8220;on&#8220; scroll_rotating=&#8220;0|50|50|100|-10\u00b0|0|10\u00b0&#8220; global_colors_info=&#8220;{}&#8220;][\/et_pb_image][\/et_pb_column][\/et_pb_row][et_pb_row _builder_version=&#8220;4.27.2&#8243; _module_preset=&#8220;default&#8220; custom_padding=&#8220;||0px|||&#8220; global_colors_info=&#8220;{}&#8220;][et_pb_column type=&#8220;4_4&#8243; _builder_version=&#8220;4.27.2&#8243; _module_preset=&#8220;default&#8220; global_colors_info=&#8220;{}&#8220;][et_pb_video src=&#8220;https:\/\/vimeo.com\/100426781&#8243; _builder_version=&#8220;4.27.2&#8243; _module_preset=&#8220;default&#8220; border_radii=&#8220;on|15px|15px|15px|15px&#8220; global_colors_info=&#8220;{}&#8220;][\/et_pb_video][et_pb_text _builder_version=&#8220;4.27.2&#8243; _module_preset=&#8220;_initial&#8220; custom_margin=&#8220;29px|||||&#8220; custom_padding=&#8220;||1px|||&#8220; global_colors_info=&#8220;{}&#8220;]<\/p>\n<p><strong>Dal\u0161\u00ed informace naleznete na t\u011bchto webov\u00fdch str\u00e1nk\u00e1ch:<\/strong><\/p>\n<p><strong><\/strong><\/p>\n<ul>\n<li style=\"list-style-type: none;\">\n<ul>\n<li><a href=\"http:\/\/www.prague.eu\">www.prague.eu<\/a><\/li>\n<li><a href=\"http:\/\/www.czechtourism.com\">www.czechtourism.com<\/a><\/li>\n<li><a href=\"http:\/\/www.praha.eu\">www.praha.eu<\/a><\/li>\n<li><a href=\"http:\/\/www.prague-czechrepublic.com\">www.prague-czechrepublic.com<\/a><\/li>\n<li><a href=\"http:\/\/www.pragueoffthemap.com\">www.pragueoffthemap.com<\/a><\/li>\n<\/ul>\n<\/li>\n<\/ul>\n<p>[\/et_pb_text][\/et_pb_column][\/et_pb_row][\/et_pb_section][et_pb_section fb_built=&#8220;1&#8243; admin_label=&#8220;Features&#8220; _builder_version=&#8220;4.27.2&#8243; _module_preset=&#8220;default&#8220; background_color=&#8220;gcid-ae2718f9-596d-4e4c-a089-a3606cb7bdc2&#8243; use_background_color_gradient=&#8220;on&#8220; background_color_gradient_stops=&#8220;#f3f5f8 0%|#ffffff 100%&#8220; background_enable_image=&#8220;off&#8220; background_size=&#8220;initial&#8220; custom_padding=&#8220;||14px|||&#8220; collapsed=&#8220;on&#8220; global_colors_info=&#8220;{%22gcid-ae2718f9-596d-4e4c-a089-a3606cb7bdc2%22:%91%22background_color%22%93}&#8220;][et_pb_row column_structure=&#8220;1_2,1_2&#8243; _builder_version=&#8220;4.23.2&#8243; _module_preset=&#8220;default&#8220; locked=&#8220;off&#8220; global_colors_info=&#8220;{}&#8220;][et_pb_column type=&#8220;1_2&#8243; _builder_version=&#8220;4.23.2&#8243; _module_preset=&#8220;default&#8220; global_colors_info=&#8220;{}&#8220;][et_pb_text _builder_version=&#8220;4.27.2&#8243; _module_preset=&#8220;_initial&#8220; header_4_font=&#8220;Poppins|300|||||||&#8220; header_4_text_color=&#8220;gcid-d15821fb-ca65-4f29-bfd5-ea044f046af4&#8243; header_4_font_size=&#8220;16px&#8220; custom_margin=&#8220;||18px|||&#8220; global_colors_info=&#8220;{%22gcid-d15821fb-ca65-4f29-bfd5-ea044f046af4%22:%91%22header_4_text_color%22%93}&#8220;]<\/p>\n<h4><span style=\"color: #999999;\">INFORMACE O M\u011aST\u011a<\/span><\/h4>\n<p>[\/et_pb_text][et_pb_text _builder_version=&#8220;4.27.2&#8243; _module_preset=&#8220;default&#8220; header_2_text_color=&#8220;gcid-d15821fb-ca65-4f29-bfd5-ea044f046af4&#8243; header_2_font_size=&#8220;35px&#8220; custom_margin=&#8220;||10px||false|false&#8220; global_colors_info=&#8220;{%22gcid-d15821fb-ca65-4f29-bfd5-ea044f046af4%22:%91%22header_2_text_color%22%93}&#8220;]<\/p>\n<h2>Doprava v Praze<\/h2>\n<p>[\/et_pb_text][et_pb_text _builder_version=&#8220;4.27.2&#8243; _module_preset=&#8220;0a5f5a49-5321-4c1d-8799-2afa82bdf5c0&#8243; text_text_color=&#8220;gcid-d15821fb-ca65-4f29-bfd5-ea044f046af4&#8243; global_colors_info=&#8220;{%22gcid-d15821fb-ca65-4f29-bfd5-ea044f046af4%22:%91%22text_text_color%22%93}&#8220;]<\/p>\n<p><span>Nejaktu\u00e1ln\u011bj\u0161\u00ed informace o pra\u017esk\u00e9 doprav\u011b najdete na ofici\u00e1ln\u00edch webov\u00fdch str\u00e1nk\u00e1ch:<\/span><span> <\/span><a href=\"https:\/\/www.dpp.cz\/en\" target=\"_blank\" rel=\"noopener\">www.dpp.cz.<\/a><\/p>\n<p>[\/et_pb_text][et_pb_button button_url=&#8220;https:\/\/www.dpp.cz\/en&#8220; button_text=&#8220;NAV\u0160TIVTE WEBOV\u00c9 STR\u00c1NKY DPP&#8220; _builder_version=&#8220;4.27.2&#8243; _module_preset=&#8220;42a73a0c-e8f0-485e-b428-bfbd9f699da7&#8243; button_font=&#8220;Poppins|600||on|||||&#8220; locked=&#8220;off&#8220; global_colors_info=&#8220;{}&#8220;][\/et_pb_button][et_pb_image src=&#8220;https:\/\/arttherapyfestival.org\/wp-content\/uploads\/2024\/10\/subway-underground-train-coming-to-platform-2022-10-24-21-57-14-utc-scaled-1.jpg&#8220; title_text=&#8220;subway-underground-train-coming-to-platform-2022-10-24-21-57-14-utc-scaled-1&#8243; _builder_version=&#8220;4.27.2&#8243; _module_preset=&#8220;default&#8220; border_radii=&#8220;on|20px|20px|20px|20px&#8220; global_colors_info=&#8220;{}&#8220;][\/et_pb_image][\/et_pb_column][et_pb_column type=&#8220;1_2&#8243; _builder_version=&#8220;4.23.2&#8243; _module_preset=&#8220;default&#8220; global_colors_info=&#8220;{}&#8220;][et_pb_blurb title=&#8220;Tramvaje&#8220; _builder_version=&#8220;4.27.2&#8243; _module_preset=&#8220;142f07b1-4833-4603-9f65-72875950e9d7&#8243; header_font=&#8220;Poppins|600|||||||&#8220; body_font=&#8220;Poppins||||||||&#8220; custom_margin=&#8220;||0px||false|false&#8220; custom_padding=&#8220;5px|20px|5px|20px|true|true&#8220; locked=&#8220;off&#8220; global_colors_info=&#8220;{%22gcid-d15821fb-ca65-4f29-bfd5-ea044f046af4%22:%91%22header_text_color%22%93}&#8220;]<\/p>\n<p><span>Tramvaje jezd\u00ed od 4:30 do 24:00, v noci od 00:30 do 4:30 jezd\u00ed tramvaje \u010d\u00edslo 90 a\u017e 99 v 30minutov\u00fdch intervalech. Centr\u00e1ln\u00ed p\u0159estupn\u00ed stanic\u00ed pro no\u010dn\u00ed linky je zast\u00e1vka Lazarska. Kompletn\u00ed j\u00edzdn\u00ed \u0159\u00e1dy jsou um\u00edst\u011bny na jednotliv\u00fdch zast\u00e1vk\u00e1ch nebo    <\/span><span><a href=\"http:\/\/spojeni.dpp.cz\/ZjrForm.aspx?cl=E5\">online<\/a><\/span><span>.<\/span><\/p>\n<p>[\/et_pb_blurb][et_pb_blurb title=&#8220;Autobus&#8220; _builder_version=&#8220;4.27.2&#8243; _module_preset=&#8220;142f07b1-4833-4603-9f65-72875950e9d7&#8243; header_font=&#8220;Poppins|600|||||||&#8220; body_font=&#8220;Poppins||||||||&#8220; custom_margin=&#8220;||0px||false|false&#8220; custom_padding=&#8220;12px|20px|12px|20px|true|true&#8220; locked=&#8220;off&#8220; global_colors_info=&#8220;{%22gcid-d15821fb-ca65-4f29-bfd5-ea044f046af4%22:%91%22header_text_color%22%93}&#8220;]<\/p>\n<p><span>Autobusy jezd\u00ed podobn\u011b jako tramvaje, no\u010dn\u00ed dopravu zaji\u0161\u0165uj\u00ed autobusy \u010d\u00edslo 901 a\u017e 917 a 951 a\u017e 960.<\/span><span> <\/span><span>B<\/span><span>usov\u00e9 j\u00edzdn\u00ed \u0159\u00e1dy jsou um\u00edst\u011bny na jednotliv\u00fdch zast\u00e1vk\u00e1ch nebo <\/span><span><a href=\"http:\/\/spojeni.dpp.cz\/ZjrForm.aspx?cl=E5\">online na<\/a><\/span><span>.<\/span><\/p>\n<p>[\/et_pb_blurb][et_pb_blurb title=&#8220;Taxi&#8220; _builder_version=&#8220;4.27.2&#8243; _module_preset=&#8220;142f07b1-4833-4603-9f65-72875950e9d7&#8243; header_font=&#8220;Poppins|600|||||||&#8220; body_font=&#8220;Poppins||||||||&#8220; custom_margin=&#8220;||0px||false|false&#8220; custom_padding=&#8220;8px|20px|8px|20px|true|true&#8220; locked=&#8220;off&#8220; global_colors_info=&#8220;{%22gcid-d15821fb-ca65-4f29-bfd5-ea044f046af4%22:%91%22header_text_color%22%93}&#8220;]<\/p>\n<p><span>P\u0159i j\u00edzd\u011b tax\u00edkem se ujist\u011bte, \u017ee je vozidlo vybaveno trvale instalovanou \u017elutou st\u0159e\u0161n\u00ed sv\u00edtilnou s \u010dern\u00fdm n\u00e1pisem TAXI a \u017ee je na obou p\u0159edn\u00edch dve\u0159\u00edch uvedeno registra\u010dn\u00ed \u010d\u00edslo, n\u00e1zev spole\u010dnosti a cen\u00edk (v\u010detn\u011b z\u00e1kladn\u00ed sazby, sazby za kilometr a sazby za minutu \u010dek\u00e1n\u00ed), kter\u00fd odpov\u00edd\u00e1 cen\u00e1m nastaven\u00fdm na taxametru. Z\u00e1kazn\u00edk\u016fm se doporu\u010duje objednat si taxi u nonstop dispe\u010dink\u016f, kde jsou informace o cen\u00e1ch k dispozici p\u0159edem. <\/span><\/p>\n<p>[\/et_pb_blurb][et_pb_blurb title=&#8220;Kontrola vstupenek&#8220; _builder_version=&#8220;4.27.2&#8243; _module_preset=&#8220;142f07b1-4833-4603-9f65-72875950e9d7&#8243; header_font=&#8220;Poppins|600|||||||&#8220; body_font=&#8220;Poppins||||||||&#8220; custom_margin=&#8220;||0px||false|false&#8220; custom_padding=&#8220;10px|20px|10px|20px|true|true&#8220; locked=&#8220;off&#8220; global_colors_info=&#8220;{%22gcid-d15821fb-ca65-4f29-bfd5-ea044f046af4%22:%91%22header_text_color%22%93}&#8220;]<\/p>\n<p><span>Platnost j\u00edzdenek m\u016f\u017ee kdykoli b\u011bhem j\u00edzdy nebo v metru zkontrolovat p\u0159epravn\u00ed kontrola pra\u017esk\u00e9ho dopravn\u00edho podniku. Revizor je opr\u00e1vn\u011bn vyzvat cestuj\u00edc\u00edho k p\u0159edlo\u017een\u00ed platn\u00e9 j\u00edzdenky, odebrat neplatnou j\u00edzdenku a p\u0159i cestov\u00e1n\u00ed bez platn\u00e9 j\u00edzdenky vybrat pokutu (1500 K\u010d, p\u0159i okam\u017eit\u00e9m zaplacen\u00ed 1000 K\u010d). V p\u0159\u00edpad\u011b nezaplacen\u00e9ho n\u00e1kladu\/zavazadla vybere revizor pokutu (400 K\u010d, p\u0159i okam\u017eit\u00e9m zaplacen\u00ed 200 K\u010d). K prok\u00e1z\u00e1n\u00ed toto\u017enosti nos\u00ed revizo\u0159i \u017eluto\u010derven\u00e9 odznaky. Vyd\u00e1vaj\u00ed stvrzenky o v\u00fd\u0161i pokuty.    <\/span><\/p>\n<p>[\/et_pb_blurb][et_pb_blurb title=&#8220;P\u016fj\u010dovna kol&#8220; _builder_version=&#8220;4.27.2&#8243; _module_preset=&#8220;142f07b1-4833-4603-9f65-72875950e9d7&#8243; header_font=&#8220;Poppins|600|||||||&#8220; body_font=&#8220;Poppins||||||||&#8220; custom_margin=&#8220;||0px||false|false&#8220; custom_padding=&#8220;8px|20px|8px|20px|true|true&#8220; locked=&#8220;off&#8220; global_colors_info=&#8220;{%22gcid-d15821fb-ca65-4f29-bfd5-ea044f046af4%22:%91%22header_text_color%22%93}&#8220;]<\/p>\n<p>Poznejte Prahu vzru\u0161uj\u00edc\u00edm zp\u016fsobem spojen\u00fdm se zdrav\u00fdm \u017eivotn\u00edm stylem. M\u016f\u017eete si u\u017e\u00edt bu\u010f prohl\u00eddku pam\u00e1tek v centru m\u011bsta, nebo relaxaci pod\u00e9l Vltavy. <\/p>\n<ul>\n<li style=\"list-style-type: none;\">\n<ul>\n<li><a href=\"http:\/\/www.okolo-bikes.cz\/\" target=\"_blank\" rel=\"noopener noreferrer\">www.okolo-bikes.cz<\/a><\/li>\n<li><a href=\"http:\/\/prahabike.cz\/\" target=\"_blank\" rel=\"noopener noreferrer\">prahabike.cz<\/a><\/li>\n<li><a href=\"http:\/\/www.citybike-prague.com\/\" target=\"_blank\" rel=\"noopener noreferrer\">www.citybike-prague.com<\/a><\/li>\n<\/ul>\n<\/li>\n<\/ul>\n<p>[\/et_pb_blurb][\/et_pb_column][\/et_pb_row][\/et_pb_section][et_pb_section fb_built=&#8220;1&#8243; disabled_on=&#8220;on|on|on&#8220; admin_label=&#8220;FAQ&#8220; _builder_version=&#8220;4.27.2&#8243; _module_preset=&#8220;default&#8220; disabled=&#8220;on&#8220; collapsed=&#8220;on&#8220; global_colors_info=&#8220;{}&#8220;][et_pb_row _builder_version=&#8220;4.23.2&#8243; _module_preset=&#8220;default&#8220; global_colors_info=&#8220;{}&#8220;][et_pb_column type=&#8220;4_4&#8243; _builder_version=&#8220;4.23.2&#8243; _module_preset=&#8220;default&#8220; global_colors_info=&#8220;{}&#8220;][et_pb_accordion open_toggle_background_color=&#8220;gcid-ae2718f9-596d-4e4c-a089-a3606cb7bdc2&#8243; closed_toggle_background_color=&#8220;RGBA(255,255,255,0)&#8220; toggle_icon=&#8220;&#xf078;||fa||900&#8243; icon_color=&#8220;gcid-d15821fb-ca65-4f29-bfd5-ea044f046af4&#8243; _builder_version=&#8220;4.23.2&#8243; _module_preset=&#8220;default&#8220; toggle_text_color=&#8220;gcid-d15821fb-ca65-4f29-bfd5-ea044f046af4&#8243; toggle_font=&#8220;Barlow|600|||||||&#8220; toggle_font_size=&#8220;20px&#8220; toggle_line_height=&#8220;1.4em&#8220; body_font=&#8220;Barlow||||||||&#8220; body_text_color=&#8220;gcid-d15821fb-ca65-4f29-bfd5-ea044f046af4&#8243; body_font_size=&#8220;16px&#8220; body_line_height=&#8220;1.8em&#8220; toggle_font_size_tablet=&#8220;16px&#8220; toggle_font_size_phone=&#8220;14px&#8220; toggle_font_size_last_edited=&#8220;on|desktop&#8220; body_font_size_tablet=&#8220;15px&#8220; body_font_size_phone=&#8220;14px&#8220; body_font_size_last_edited=&#8220;on|desktop&#8220; border_width_all=&#8220;0px&#8220; locked=&#8220;off&#8220; global_colors_info=&#8220;{%22gcid-d15821fb-ca65-4f29-bfd5-ea044f046af4%22:%91%22icon_color%22,%22toggle_text_color%22,%22body_text_color%22%93,%22gcid-ae2718f9-596d-4e4c-a089-a3606cb7bdc2%22:%91%22open_toggle_background_color%22%93}&#8220;][et_pb_accordion_item title=&#8220;Jak se li\u0161\u00ed arteterapie od tradi\u010dn\u00ed terapie rozhovorem?&#8220; open=&#8220;on&#8220; _builder_version=&#8220;4.23.2&#8243; _module_preset=&#8220;default&#8220; global_colors_info=&#8220;{}&#8220;]Lorem ipsum dolor sit amet, consectetur adipiscing elit. Donec sed finibus nisi, sed dictum eros. Quisque aliquet velit sit amet sem interdum faucibus. In feugiat aliquet mollis. Etiam tincidunt ligula ut hendrerit semper. Quisque luctus lectus non turpis bibendum posuere. Morbi tortor nibh, fringilla sed pretium sit amet, pharetra non ex. Fusce vel egestas nisl.[\/et_pb_accordion_item][et_pb_accordion_item title=&#8220;Co mohu o\u010dek\u00e1vat b\u011bhem arteterapeutick\u00e9ho sezen\u00ed?&#8220; _builder_version=&#8220;4.23.2&#8243; _module_preset=&#8220;default&#8220; global_colors_info=&#8220;{}&#8220; open=&#8220;off&#8220;]Curabitur non bibendum ligula. In non pulvinar purus. Curabitur nisi odio, blandit et elit at, suscipit pharetra elit. Fusce ut mauris quam. Quisque lacinia quam eu commodo mollis.     Praesent nisl massa, ultrices vitae ornare sit amet, ultricies eget orci. Sed vitae nulla et justo pellentesque congue nec eu risus. Morbi ac feugiat ante.[\/et_pb_accordion_item][et_pb_accordion_item title=&#8220;S jak\u00fdmi probl\u00e9my nebo stavy m\u016f\u017ee arteterapie pomoci?&#8220; _builder_version=&#8220;4.23.2&#8243; _module_preset=&#8220;default&#8220; global_colors_info=&#8220;{}&#8220; open=&#8220;off&#8220;]<\/p>\n<p>Etiam quis blandit erat. Donec laoreet libero non metus volutpat consequat in vel metus. Sed non augue id felis pellentesque congue et vitae tellus. Donec ullamcorper libero nisl, nec blandit dolor tempus feugiat. Aenean neque felis, fringilla nec placerat eget, sollicitudin a sapien. Cras ut auctor elit.     <\/p>\n<p>[\/et_pb_accordion_item][et_pb_accordion_item title=&#8220;Jak\u00e9 v\u011bkov\u00e9 skupiny mohou m\u00edt z arteterapie prosp\u011bch?&#8220; _builder_version=&#8220;4.23.2&#8243; _module_preset=&#8220;default&#8220; global_colors_info=&#8220;{}&#8220; open=&#8220;off&#8220;]Vivamus id gravida mi, nec ullamcorper purus. Suspendisse ut nibh sagittis lacus viverra aliquam. Praesent ac lobortis mauris, non imperdiet quam. Praesent laoreet elit nisi, id feugiat ante accumsan sed. Vestibulum ante ipsum primis in faucibus orci luctus et ultrices posuere cubilia curae.[\/et_pb_accordion_item][et_pb_accordion_item title=&#8220;Mus\u00edm m\u00edt um\u011bleck\u00e9 schopnosti, abych mohl\/a vyu\u017e\u00edvat arteterapii?&#8220; _builder_version=&#8220;4.23.2&#8243; _module_preset=&#8220;default&#8220; global_colors_info=&#8220;{}&#8220; open=&#8220;off&#8220;]Curabitur fermentum nulla non justo aliquet, quis vehicula quam consequat. Duis ut hendrerit tellus, elementum lacinia elit. Maecenas at consectetur ex, vitae consequat augue. Vivamus eget dolor vel quam condimentum sodales. In bibendum odio urna, sit amet fermentum purus venenatis amet.[\/et_pb_accordion_item][\/et_pb_accordion][\/et_pb_column][\/et_pb_row][\/et_pb_section]<\/p>\n","protected":false},"excerpt":{"rendered":"<p>O Praze&#8220;Praha t\u011b nikdy nepust\u00ed&#8230; tahle mil\u00e1 maminka m\u00e1 ostr\u00e9 dr\u00e1pky.&#8220;Franz Kafka Hlavn\u00ed m\u011bsto \u010cesk\u00e9 republiky je poeticky pova\u017eov\u00e1no za srdce evropsk\u00e9ho kontinentu. Jeho historie je hluboce zako\u0159en\u011bna v ka\u017ed\u00e9 budov\u011b a kulturn\u00ed duch je c\u00edtit na ka\u017ed\u00e9m kroku. B\u011bhem v\u00e1lek a let komunistick\u00e9 \u00e9ry se zachovaly r\u016fzn\u00e9 architektonick\u00e9 styly, kter\u00e9 umo\u017e\u0148uj\u00ed n\u00e1v\u0161t\u011bvn\u00edk\u016fm poskl\u00e1dat si [&hellip;]<\/p>\n","protected":false},"author":1,"featured_media":0,"parent":0,"menu_order":0,"comment_status":"closed","ping_status":"closed","template":"","meta":{"_et_pb_use_builder":"on","_et_pb_old_content":"","_et_gb_content_width":"","footnotes":""},"class_list":["post-1002","page","type-page","status-publish","hentry"],"_links":{"self":[{"href":"https:\/\/arttherapyfestival.org\/cs\/wp-json\/wp\/v2\/pages\/1002","targetHints":{"allow":["GET"]}}],"collection":[{"href":"https:\/\/arttherapyfestival.org\/cs\/wp-json\/wp\/v2\/pages"}],"about":[{"href":"https:\/\/arttherapyfestival.org\/cs\/wp-json\/wp\/v2\/types\/page"}],"author":[{"embeddable":true,"href":"https:\/\/arttherapyfestival.org\/cs\/wp-json\/wp\/v2\/users\/1"}],"replies":[{"embeddable":true,"href":"https:\/\/arttherapyfestival.org\/cs\/wp-json\/wp\/v2\/comments?post=1002"}],"version-history":[{"count":5,"href":"https:\/\/arttherapyfestival.org\/cs\/wp-json\/wp\/v2\/pages\/1002\/revisions"}],"predecessor-version":[{"id":1481,"href":"https:\/\/arttherapyfestival.org\/cs\/wp-json\/wp\/v2\/pages\/1002\/revisions\/1481"}],"wp:attachment":[{"href":"https:\/\/arttherapyfestival.org\/cs\/wp-json\/wp\/v2\/media?parent=1002"}],"curies":[{"name":"wp","href":"https:\/\/api.w.org\/{rel}","templated":true}]}}